{"id":6994,"date":"2025-10-18T21:17:23","date_gmt":"2025-10-18T19:17:23","guid":{"rendered":"https:\/\/my-dune.com\/?post_type=product&#038;p=6994"},"modified":"2025-11-12T18:51:56","modified_gmt":"2025-11-12T17:51:56","slug":"astrodeck-frontpad-copia","status":"publish","type":"product","link":"https:\/\/my-dune.com\/fr\/boutique\/astrodeck-frontpad-copia\/","title":{"rendered":"Astrodeck Frontpad"},"content":{"rendered":"<p>Le frontpad est un accessoire con\u00e7u pour enlever la wax de l&rsquo;avant de votre planche.<\/p>\n<p>Cet \u00ab\u00a0anti-d\u00e9rapant\u00a0\u00bb en EVA vous permettra d&rsquo;avoir un appui solide. Le frontpad est coll\u00e9 \u00e0 l&rsquo;avant de votre planche.<\/p>\n<p>D\u00e9tails = 4 pi\u00e8ces<\/p>\n","protected":false},"excerpt":{"rendered":"<p>Le frontpad est un accessoire con\u00e7u pour enlever la wax de l&rsquo;avant de votre planche. Cet \u00ab\u00a0anti-d\u00e9rapant\u00a0\u00bb en EVA vous permettra d&rsquo;avoir un appui solide. Le frontpad est coll\u00e9 \u00e0 l&rsquo;avant de votre planche. D\u00e9tails = 4 pi\u00e8ces<\/p>\n","protected":false},"featured_media":6997,"template":"","meta":{"_seopress_robots_primary_cat":"none","_seopress_titles_title":"Astrodeck Frontpad - Dune","_seopress_titles_desc":"","_seopress_robots_index":""},"product_brand":[],"product_cat":[114],"product_tag":[],"class_list":{"0":"post-6994","1":"product","2":"type-product","3":"status-publish","4":"has-post-thumbnail","6":"product_cat-pads","8":"first","9":"instock","10":"taxable","11":"shipping-taxable","12":"purchasable","13":"product-type-simple"},"_links":{"self":[{"href":"https:\/\/my-dune.com\/fr\/wp-json\/wp\/v2\/product\/6994","targetHints":{"allow":["GET"]}}],"collection":[{"href":"https:\/\/my-dune.com\/fr\/wp-json\/wp\/v2\/product"}],"about":[{"href":"https:\/\/my-dune.com\/fr\/wp-json\/wp\/v2\/types\/product"}],"version-history":[{"count":2,"href":"https:\/\/my-dune.com\/fr\/wp-json\/wp\/v2\/product\/6994\/revisions"}],"predecessor-version":[{"id":7017,"href":"https:\/\/my-dune.com\/fr\/wp-json\/wp\/v2\/product\/6994\/revisions\/7017"}],"wp:featuredmedia":[{"embeddable":true,"href":"https:\/\/my-dune.com\/fr\/wp-json\/wp\/v2\/media\/6997"}],"wp:attachment":[{"href":"https:\/\/my-dune.com\/fr\/wp-json\/wp\/v2\/media?parent=6994"}],"wp:term":[{"taxonomy":"product_brand","embeddable":true,"href":"https:\/\/my-dune.com\/fr\/wp-json\/wp\/v2\/product_brand?post=6994"},{"taxonomy":"product_cat","embeddable":true,"href":"https:\/\/my-dune.com\/fr\/wp-json\/wp\/v2\/product_cat?post=6994"},{"taxonomy":"product_tag","embeddable":true,"href":"https:\/\/my-dune.com\/fr\/wp-json\/wp\/v2\/product_tag?post=6994"}],"curies":[{"name":"wp","href":"https:\/\/api.w.org\/{rel}","templated":true}]}}