{"id":6894,"date":"2025-07-19T15:14:19","date_gmt":"2025-07-19T13:14:19","guid":{"rendered":"https:\/\/my-dune.com\/?post_type=product&#038;p=6894"},"modified":"2025-12-26T20:18:55","modified_gmt":"2025-12-26T19:18:55","slug":"skim-wakeskim-dune-cover-copia","status":"publish","type":"product","link":"https:\/\/my-dune.com\/fr\/boutique\/skim-wakeskim-dune-cover-copia\/","title":{"rendered":"Scruter\/Wakeskim Survoler un cas"},"content":{"rendered":"<p><strong>Taille : 152 x 63 cm<\/strong><\/p>\n<p><span style=\"font-weight: 400\">Couverture rembourr\u00e9e, id\u00e9ale pour transporter votre planche lors de longs voyages. <\/span><\/p>\n<p>Fabriqu\u00e9 en poly\u00e9thyl\u00e8ne r\u00e9fl\u00e9chissant de haute qualit\u00e9.<br \/>\nSangle de main et sangle rembourr\u00e9e r\u00e9glable pour porter sur l\u2019\u00e9paule.<br \/>\nFermeture \u00e0 double fermeture tr\u00e8s r\u00e9sistante.<\/p>\n<p><span style=\"font-weight: 400\">Id\u00e9al pour jusqu\u2019\u00e0 <\/span><span style=\"font-weight: 400\">3 skimboards de 140&#215;54 cm maximum ou <\/span><span style=\"font-weight: 400\">jusqu\u2019\u00e0 2 wakesurfs skimstyle avec nageoires (jusqu\u2019\u00e0 5 cm \/ 2 pouces)<\/span><\/p>\n","protected":false},"excerpt":{"rendered":"<p>Taille : 152 x 63 cm Couverture rembourr\u00e9e, id\u00e9ale pour transporter votre planche lors de longs voyages. Fabriqu\u00e9 en poly\u00e9thyl\u00e8ne r\u00e9fl\u00e9chissant de haute qualit\u00e9. Sangle de main et sangle rembourr\u00e9e r\u00e9glable pour porter sur l\u2019\u00e9paule. Fermeture \u00e0 double fermeture tr\u00e8s r\u00e9sistante. Id\u00e9al pour jusqu\u2019\u00e0 3 skimboards de 140&#215;54 cm maximum ou jusqu\u2019\u00e0 2 wakesurfs skimstyle [&hellip;]<\/p>\n","protected":false},"featured_media":6897,"template":"","meta":{"_seopress_robots_primary_cat":"none","_seopress_titles_title":"","_seopress_titles_desc":"","_seopress_robots_index":""},"product_brand":[],"product_cat":[115],"product_tag":[116,127],"class_list":{"0":"post-6894","1":"product","2":"type-product","3":"status-publish","4":"has-post-thumbnail","6":"product_cat-housse","7":"product_tag-chariot","8":"product_tag-skimboard-fr","10":"first","11":"outofstock","12":"sale","13":"taxable","14":"shipping-taxable","15":"purchasable","16":"product-type-simple"},"_links":{"self":[{"href":"https:\/\/my-dune.com\/fr\/wp-json\/wp\/v2\/product\/6894","targetHints":{"allow":["GET"]}}],"collection":[{"href":"https:\/\/my-dune.com\/fr\/wp-json\/wp\/v2\/product"}],"about":[{"href":"https:\/\/my-dune.com\/fr\/wp-json\/wp\/v2\/types\/product"}],"version-history":[{"count":2,"href":"https:\/\/my-dune.com\/fr\/wp-json\/wp\/v2\/product\/6894\/revisions"}],"predecessor-version":[{"id":7627,"href":"https:\/\/my-dune.com\/fr\/wp-json\/wp\/v2\/product\/6894\/revisions\/7627"}],"wp:featuredmedia":[{"embeddable":true,"href":"https:\/\/my-dune.com\/fr\/wp-json\/wp\/v2\/media\/6897"}],"wp:attachment":[{"href":"https:\/\/my-dune.com\/fr\/wp-json\/wp\/v2\/media?parent=6894"}],"wp:term":[{"taxonomy":"product_brand","embeddable":true,"href":"https:\/\/my-dune.com\/fr\/wp-json\/wp\/v2\/product_brand?post=6894"},{"taxonomy":"product_cat","embeddable":true,"href":"https:\/\/my-dune.com\/fr\/wp-json\/wp\/v2\/product_cat?post=6894"},{"taxonomy":"product_tag","embeddable":true,"href":"https:\/\/my-dune.com\/fr\/wp-json\/wp\/v2\/product_tag?post=6894"}],"curies":[{"name":"wp","href":"https:\/\/api.w.org\/{rel}","templated":true}]}}