{"id":6497,"date":"2024-12-07T19:37:34","date_gmt":"2024-12-07T18:37:34","guid":{"rendered":"https:\/\/my-dune.com\/?post_type=product&#038;p=6497"},"modified":"2024-12-07T19:40:53","modified_gmt":"2024-12-07T18:40:53","slug":"lagoa-ml-orange-resintint-nouveau-copia-2","status":"publish","type":"product","link":"https:\/\/my-dune.com\/fr\/boutique\/lagoa-ml-orange-resintint-nouveau-copia-2\/","title":{"rendered":"Lagoa ML bleu resintint (nouveau)"},"content":{"rendered":"<p>M = 136*52,5*1,7 cm<\/p>\n<p>Coureur = de 170 \u00e0 190 cm et de 65 \u00e0 90 kg<\/p>\n<p>La LAGOA est con\u00e7ue pour dynamiser ton niveau : son shape rapide et sa construction haut de gamme rendent ce skim imbattable.<\/p>\n<p>statut =nouveau<\/p>\n<ul>\n<li>Plein carbone<\/li>\n<li>R\u00e9sine \u00e9poxy organique<\/li>\n<li>Mousse PVC<\/li>\n<li>Fabrication sous vide<\/li>\n<li>Bords encadr\u00e9s<\/li>\n<li>Teinte de la r\u00e9sine<\/li>\n<\/ul>\n<p>&nbsp;<\/p>\n","protected":false},"excerpt":{"rendered":"<p>M = 136*52,5*1,7 cm Coureur = de 170 \u00e0 190 cm et de 65 \u00e0 90 kg La LAGOA est con\u00e7ue pour dynamiser ton niveau : son shape rapide et sa construction haut de gamme rendent ce skim imbattable. statut =nouveau Plein carbone R\u00e9sine \u00e9poxy organique Mousse PVC Fabrication sous vide Bords encadr\u00e9s Teinte de [&hellip;]<\/p>\n","protected":false},"featured_media":6500,"template":"","meta":{"_seopress_robots_primary_cat":"none","_seopress_titles_title":"D\u00e9couvrez le LAGOA : Skim haut de gamme pour les riders d'\u00e9lite","_seopress_titles_desc":"D\u00e9couvrez le LAGOA, id\u00e9al pour les cavaliers de 170 \u00e0 190 cm et de 65 \u00e0 90 kg. Avec la technologie Full Carbon et la r\u00e9sine \u00e9poxy. Performance maximale garantie !","_seopress_robots_index":""},"product_brand":[],"product_cat":[119],"product_tag":[],"class_list":{"0":"post-6497","1":"product","2":"type-product","3":"status-publish","4":"has-post-thumbnail","6":"product_cat-skimboards-en-stock","8":"first","9":"instock","10":"sale","11":"taxable","12":"shipping-taxable","13":"purchasable","14":"product-type-simple"},"_links":{"self":[{"href":"https:\/\/my-dune.com\/fr\/wp-json\/wp\/v2\/product\/6497","targetHints":{"allow":["GET"]}}],"collection":[{"href":"https:\/\/my-dune.com\/fr\/wp-json\/wp\/v2\/product"}],"about":[{"href":"https:\/\/my-dune.com\/fr\/wp-json\/wp\/v2\/types\/product"}],"version-history":[{"count":2,"href":"https:\/\/my-dune.com\/fr\/wp-json\/wp\/v2\/product\/6497\/revisions"}],"predecessor-version":[{"id":6508,"href":"https:\/\/my-dune.com\/fr\/wp-json\/wp\/v2\/product\/6497\/revisions\/6508"}],"wp:featuredmedia":[{"embeddable":true,"href":"https:\/\/my-dune.com\/fr\/wp-json\/wp\/v2\/media\/6500"}],"wp:attachment":[{"href":"https:\/\/my-dune.com\/fr\/wp-json\/wp\/v2\/media?parent=6497"}],"wp:term":[{"taxonomy":"product_brand","embeddable":true,"href":"https:\/\/my-dune.com\/fr\/wp-json\/wp\/v2\/product_brand?post=6497"},{"taxonomy":"product_cat","embeddable":true,"href":"https:\/\/my-dune.com\/fr\/wp-json\/wp\/v2\/product_cat?post=6497"},{"taxonomy":"product_tag","embeddable":true,"href":"https:\/\/my-dune.com\/fr\/wp-json\/wp\/v2\/product_tag?post=6497"}],"curies":[{"name":"wp","href":"https:\/\/api.w.org\/{rel}","templated":true}]}}