{"id":6483,"date":"2024-12-07T19:31:44","date_gmt":"2024-12-07T18:31:44","guid":{"rendered":"https:\/\/my-dune.com\/?post_type=product&#038;p=6483"},"modified":"2025-12-06T19:59:38","modified_gmt":"2025-12-06T18:59:38","slug":"lagoa-ml-orange-resintint-nouveau-copia","status":"publish","type":"product","link":"https:\/\/my-dune.com\/fr\/boutique\/lagoa-ml-orange-resintint-nouveau-copia\/","title":{"rendered":"Lagoa M orange noir (nouveau)"},"content":{"rendered":"<p>M = 134*52*1,7 cm<\/p>\n<p>Cavalier = de 160 \u00e0 180 cm et de 55 \u00e0 80 kg<\/p>\n<p>La LAGOA est con\u00e7ue pour dynamiser ton niveau : son shape rapide et sa construction haut de gamme rendent ce skim imbattable.<\/p>\n<p>statut =nouveau<\/p>\n<ul>\n<li>Plein carbone<\/li>\n<li>R\u00e9sine \u00e9poxy organique<\/li>\n<li>Mousse PVC<\/li>\n<li>Fabrication sous vide<\/li>\n<li>Bords encadr\u00e9s<\/li>\n<\/ul>\n<p>&nbsp;<\/p>\n","protected":false},"excerpt":{"rendered":"<p>M = 134*52*1,7 cm Cavalier = de 160 \u00e0 180 cm et de 55 \u00e0 80 kg La LAGOA est con\u00e7ue pour dynamiser ton niveau : son shape rapide et sa construction haut de gamme rendent ce skim imbattable. statut =nouveau Plein carbone R\u00e9sine \u00e9poxy organique Mousse PVC Fabrication sous vide Bords encadr\u00e9s &nbsp;<\/p>\n","protected":false},"featured_media":7348,"template":"","meta":{"_seopress_robots_primary_cat":"none","_seopress_titles_title":"D\u00e9couvrez le LAGOA : Skim haut de gamme pour les riders d'\u00e9lite","_seopress_titles_desc":"D\u00e9couvrez le LAGOA, id\u00e9al pour les cavaliers de 170 \u00e0 190 cm et de 65 \u00e0 90 kg. Avec la technologie Full Carbon et la r\u00e9sine \u00e9poxy. Performance maximale garantie !","_seopress_robots_index":""},"product_brand":[],"product_cat":[119],"product_tag":[],"class_list":{"0":"post-6483","1":"product","2":"type-product","3":"status-publish","4":"has-post-thumbnail","6":"product_cat-skimboards-en-stock","8":"first","9":"instock","10":"taxable","11":"shipping-taxable","12":"purchasable","13":"product-type-simple"},"_links":{"self":[{"href":"https:\/\/my-dune.com\/fr\/wp-json\/wp\/v2\/product\/6483","targetHints":{"allow":["GET"]}}],"collection":[{"href":"https:\/\/my-dune.com\/fr\/wp-json\/wp\/v2\/product"}],"about":[{"href":"https:\/\/my-dune.com\/fr\/wp-json\/wp\/v2\/types\/product"}],"version-history":[{"count":3,"href":"https:\/\/my-dune.com\/fr\/wp-json\/wp\/v2\/product\/6483\/revisions"}],"predecessor-version":[{"id":7354,"href":"https:\/\/my-dune.com\/fr\/wp-json\/wp\/v2\/product\/6483\/revisions\/7354"}],"wp:featuredmedia":[{"embeddable":true,"href":"https:\/\/my-dune.com\/fr\/wp-json\/wp\/v2\/media\/7348"}],"wp:attachment":[{"href":"https:\/\/my-dune.com\/fr\/wp-json\/wp\/v2\/media?parent=6483"}],"wp:term":[{"taxonomy":"product_brand","embeddable":true,"href":"https:\/\/my-dune.com\/fr\/wp-json\/wp\/v2\/product_brand?post=6483"},{"taxonomy":"product_cat","embeddable":true,"href":"https:\/\/my-dune.com\/fr\/wp-json\/wp\/v2\/product_cat?post=6483"},{"taxonomy":"product_tag","embeddable":true,"href":"https:\/\/my-dune.com\/fr\/wp-json\/wp\/v2\/product_tag?post=6483"}],"curies":[{"name":"wp","href":"https:\/\/api.w.org\/{rel}","templated":true}]}}