{"id":6448,"date":"2024-12-03T20:52:26","date_gmt":"2024-12-03T19:52:26","guid":{"rendered":"https:\/\/my-dune.com\/?post_type=product&#038;p=6448"},"modified":"2025-12-22T22:03:39","modified_gmt":"2025-12-22T21:03:39","slug":"dl-full-carbon-43-nouveau-copia-2","status":"publish","type":"product","link":"https:\/\/my-dune.com\/fr\/boutique\/dl-full-carbon-43-nouveau-copia-2\/","title":{"rendered":"DL light rider 4&rsquo;0&Prime; nouveau"},"content":{"rendered":"<p>La DL Light Rider est notre planche de wakeskim la mieux adapt\u00e9e aux petits gabarits = la combinaison du shape efficace de la DL et d&rsquo;une construction tol\u00e9rante.<\/p>\n<ul>\n<li>Fibre de verre<\/li>\n<li>R\u00e9sine \u00e9poxy organique<\/li>\n<li>Mousse PVC<\/li>\n<li>Plastification sous vide<\/li>\n<li>Fourni avec 1 quille G10<\/li>\n<\/ul>\n<p>&nbsp;<\/p>\n<p>&nbsp;<\/p>\n","protected":false},"excerpt":{"rendered":"<p>La DL Light Rider est notre planche de wakeskim la mieux adapt\u00e9e aux petits gabarits = la combinaison du shape efficace de la DL et d&rsquo;une construction tol\u00e9rante. Fibre de verre R\u00e9sine \u00e9poxy organique Mousse PVC Plastification sous vide Fourni avec 1 quille G10 &nbsp; &nbsp;<\/p>\n","protected":false},"featured_media":6451,"template":"","meta":{"_seopress_robots_primary_cat":"none","_seopress_titles_title":"D\u00e9couvrez le DL Light Rider : id\u00e9al pour les petites tailles","_seopress_titles_desc":"D\u00e9couvrez le DL Light Rider, id\u00e9al pour les petites tailles avec de la fibre de verre, de la r\u00e9sine \u00e9poxy organique et du papier sous vide. Efficacit\u00e9 et durabilit\u00e9 optimales ! ","_seopress_robots_index":""},"product_brand":[],"product_cat":[121],"product_tag":[],"class_list":{"0":"post-6448","1":"product","2":"type-product","3":"status-publish","4":"has-post-thumbnail","6":"product_cat-planches-de-wakesurf-en-stock","8":"first","9":"outofstock","10":"sale","11":"taxable","12":"shipping-taxable","13":"purchasable","14":"product-type-simple"},"_links":{"self":[{"href":"https:\/\/my-dune.com\/fr\/wp-json\/wp\/v2\/product\/6448","targetHints":{"allow":["GET"]}}],"collection":[{"href":"https:\/\/my-dune.com\/fr\/wp-json\/wp\/v2\/product"}],"about":[{"href":"https:\/\/my-dune.com\/fr\/wp-json\/wp\/v2\/types\/product"}],"version-history":[{"count":3,"href":"https:\/\/my-dune.com\/fr\/wp-json\/wp\/v2\/product\/6448\/revisions"}],"predecessor-version":[{"id":7625,"href":"https:\/\/my-dune.com\/fr\/wp-json\/wp\/v2\/product\/6448\/revisions\/7625"}],"wp:featuredmedia":[{"embeddable":true,"href":"https:\/\/my-dune.com\/fr\/wp-json\/wp\/v2\/media\/6451"}],"wp:attachment":[{"href":"https:\/\/my-dune.com\/fr\/wp-json\/wp\/v2\/media?parent=6448"}],"wp:term":[{"taxonomy":"product_brand","embeddable":true,"href":"https:\/\/my-dune.com\/fr\/wp-json\/wp\/v2\/product_brand?post=6448"},{"taxonomy":"product_cat","embeddable":true,"href":"https:\/\/my-dune.com\/fr\/wp-json\/wp\/v2\/product_cat?post=6448"},{"taxonomy":"product_tag","embeddable":true,"href":"https:\/\/my-dune.com\/fr\/wp-json\/wp\/v2\/product_tag?post=6448"}],"curies":[{"name":"wp","href":"https:\/\/api.w.org\/{rel}","templated":true}]}}