{"id":6434,"date":"2024-12-03T20:43:40","date_gmt":"2024-12-03T19:43:40","guid":{"rendered":"https:\/\/my-dune.com\/?post_type=product&#038;p=6434"},"modified":"2025-12-22T22:03:38","modified_gmt":"2025-12-22T21:03:38","slug":"wakesurf-dd-44-copia","status":"publish","type":"product","link":"https:\/\/my-dune.com\/fr\/boutique\/wakesurf-dd-44-copia\/","title":{"rendered":"Wakesurf MARS 4&rsquo;2\u00a0\u00bb"},"content":{"rendered":"<p>Wakesurf \u00e9volutif fabriqu\u00e9 en 2023 avec 3 jours d&rsquo;utilisation, enti\u00e8rement r\u00e9par\u00e9 dans notre atelier par notre shaper. La planche parfaite pour apprendre le wakesurf skimstyle.<\/p>\n<ul>\n<li>Fibre de verre<\/li>\n<li>longerons en carbone<\/li>\n<li>R\u00e9sine polyester<\/li>\n<li>Mousse PVC<\/li>\n<li>Pressage sous vide<\/li>\n<li>Livr\u00e9 avec 1 quille G10<\/li>\n<li>Il a des rayures<\/li>\n<\/ul>\n<p>&nbsp;<\/p>\n<p>Prix neuf : 598,00 \u20ac.<\/p>\n","protected":false},"excerpt":{"rendered":"<p>Wakesurf \u00e9volutif fabriqu\u00e9 en 2023 avec 3 jours d&rsquo;utilisation, enti\u00e8rement r\u00e9par\u00e9 dans notre atelier par notre shaper. La planche parfaite pour apprendre le wakesurf skimstyle. Fibre de verre longerons en carbone R\u00e9sine polyester Mousse PVC Pressage sous vide Livr\u00e9 avec 1 quille G10 Il a des rayures &nbsp; Prix neuf : 598,00 \u20ac.<\/p>\n","protected":false},"featured_media":6437,"template":"","meta":{"_seopress_robots_primary_cat":"none","_seopress_titles_title":"Presque toute nouvelle planche de Wakesurf 2023 - Parfaite pour les d\u00e9butants","_seopress_titles_desc":"Explorez le wakesurf avec notre planche skimstyle 2023, id\u00e9ale pour les d\u00e9butants. En parfait \u00e9tat et \u00e0 un prix incroyable ! En savoir plus.","_seopress_robots_index":""},"product_brand":[],"product_cat":[121],"product_tag":[],"class_list":{"0":"post-6434","1":"product","2":"type-product","3":"status-publish","4":"has-post-thumbnail","6":"product_cat-planches-de-wakesurf-en-stock","8":"first","9":"instock","10":"sale","11":"taxable","12":"shipping-taxable","13":"purchasable","14":"product-type-simple"},"_links":{"self":[{"href":"https:\/\/my-dune.com\/fr\/wp-json\/wp\/v2\/product\/6434","targetHints":{"allow":["GET"]}}],"collection":[{"href":"https:\/\/my-dune.com\/fr\/wp-json\/wp\/v2\/product"}],"about":[{"href":"https:\/\/my-dune.com\/fr\/wp-json\/wp\/v2\/types\/product"}],"version-history":[{"count":3,"href":"https:\/\/my-dune.com\/fr\/wp-json\/wp\/v2\/product\/6434\/revisions"}],"predecessor-version":[{"id":7623,"href":"https:\/\/my-dune.com\/fr\/wp-json\/wp\/v2\/product\/6434\/revisions\/7623"}],"wp:featuredmedia":[{"embeddable":true,"href":"https:\/\/my-dune.com\/fr\/wp-json\/wp\/v2\/media\/6437"}],"wp:attachment":[{"href":"https:\/\/my-dune.com\/fr\/wp-json\/wp\/v2\/media?parent=6434"}],"wp:term":[{"taxonomy":"product_brand","embeddable":true,"href":"https:\/\/my-dune.com\/fr\/wp-json\/wp\/v2\/product_brand?post=6434"},{"taxonomy":"product_cat","embeddable":true,"href":"https:\/\/my-dune.com\/fr\/wp-json\/wp\/v2\/product_cat?post=6434"},{"taxonomy":"product_tag","embeddable":true,"href":"https:\/\/my-dune.com\/fr\/wp-json\/wp\/v2\/product_tag?post=6434"}],"curies":[{"name":"wp","href":"https:\/\/api.w.org\/{rel}","templated":true}]}}