{"id":6420,"date":"2024-12-03T20:31:21","date_gmt":"2024-12-03T19:31:21","guid":{"rendered":"https:\/\/my-dune.com\/?post_type=product&#038;p=6420"},"modified":"2025-11-25T20:35:48","modified_gmt":"2025-11-25T19:35:48","slug":"dl-full-carbon-43-nouveau-copia","status":"publish","type":"product","link":"https:\/\/my-dune.com\/fr\/boutique\/dl-full-carbon-43-nouveau-copia\/","title":{"rendered":"DL FULL CARBON 47&Prime; VIOLET"},"content":{"rendered":"<p>Le DL FULL CARBON est un wakeskim haut de gamme, parfait pour passer \u00e0 la vitesse sup\u00e9rieure. Gr\u00e2ce \u00e0 sa shape compacte, la DL FULL CARBON a un programme 100% freestyle : \u00e0 toi les 720 et le shuv-it !<\/p>\n<p>Parfait pour un athl\u00e8te de 40 \u00e0 65 kg<\/p>\n<p>Cette planche a \u00e9t\u00e9 fabriqu\u00e9e en 2025 et a une semaine d\u2019utilisation, elle a \u00e9t\u00e9 enti\u00e8rement test\u00e9e dans notre atelier par notre shaper.<\/p>\n<ul>\n<li>Plein carbone<\/li>\n<li>R\u00e9sine \u00e9poxy organique<\/li>\n<li>Mousse PVC<\/li>\n<li>Plastification sous vide<\/li>\n<li>Il comporte quelques rayures<\/li>\n<li>Fourni avec 1 quille G10<\/li>\n<\/ul>\n<p>&nbsp;<\/p>\n<p>&nbsp;<\/p>\n","protected":false},"excerpt":{"rendered":"<p>Le DL FULL CARBON est un wakeskim haut de gamme, parfait pour passer \u00e0 la vitesse sup\u00e9rieure. Gr\u00e2ce \u00e0 sa shape compacte, la DL FULL CARBON a un programme 100% freestyle : \u00e0 toi les 720 et le shuv-it ! Parfait pour un athl\u00e8te de 40 \u00e0 65 kg Cette planche a \u00e9t\u00e9 fabriqu\u00e9e en [&hellip;]<\/p>\n","protected":false},"featured_media":7320,"template":"","meta":{"_seopress_robots_primary_cat":"none","_seopress_titles_title":"DL FULL CARBON : Wakeskim haut de gamme pour le Freestyle","_seopress_titles_desc":"D\u00e9couvrez le Wakeskim DL FULL CARBON, id\u00e9al pour le freestyle avanc\u00e9. L\u00e9ger, r\u00e9sistant et r\u00e9vis\u00e9, pr\u00eat \u00e0 \u00e9lever votre niveau. Achetez maintenant !  ","_seopress_robots_index":""},"product_brand":[],"product_cat":[121],"product_tag":[],"class_list":{"0":"post-6420","1":"product","2":"type-product","3":"status-publish","4":"has-post-thumbnail","6":"product_cat-planches-de-wakesurf-en-stock","8":"first","9":"instock","10":"sale","11":"taxable","12":"shipping-taxable","13":"purchasable","14":"product-type-simple"},"_links":{"self":[{"href":"https:\/\/my-dune.com\/fr\/wp-json\/wp\/v2\/product\/6420","targetHints":{"allow":["GET"]}}],"collection":[{"href":"https:\/\/my-dune.com\/fr\/wp-json\/wp\/v2\/product"}],"about":[{"href":"https:\/\/my-dune.com\/fr\/wp-json\/wp\/v2\/types\/product"}],"version-history":[{"count":3,"href":"https:\/\/my-dune.com\/fr\/wp-json\/wp\/v2\/product\/6420\/revisions"}],"predecessor-version":[{"id":7326,"href":"https:\/\/my-dune.com\/fr\/wp-json\/wp\/v2\/product\/6420\/revisions\/7326"}],"wp:featuredmedia":[{"embeddable":true,"href":"https:\/\/my-dune.com\/fr\/wp-json\/wp\/v2\/media\/7320"}],"wp:attachment":[{"href":"https:\/\/my-dune.com\/fr\/wp-json\/wp\/v2\/media?parent=6420"}],"wp:term":[{"taxonomy":"product_brand","embeddable":true,"href":"https:\/\/my-dune.com\/fr\/wp-json\/wp\/v2\/product_brand?post=6420"},{"taxonomy":"product_cat","embeddable":true,"href":"https:\/\/my-dune.com\/fr\/wp-json\/wp\/v2\/product_cat?post=6420"},{"taxonomy":"product_tag","embeddable":true,"href":"https:\/\/my-dune.com\/fr\/wp-json\/wp\/v2\/product_tag?post=6420"}],"curies":[{"name":"wp","href":"https:\/\/api.w.org\/{rel}","templated":true}]}}