{"id":6372,"date":"2024-12-03T12:30:09","date_gmt":"2024-12-03T11:30:09","guid":{"rendered":"https:\/\/my-dune.com\/?post_type=product&#038;p=6372"},"modified":"2025-07-11T23:25:03","modified_gmt":"2025-07-11T21:25:03","slug":"lim-full-carbon-ml-nouveau-copia","status":"publish","type":"product","link":"https:\/\/my-dune.com\/fr\/boutique\/lim-full-carbon-ml-nouveau-copia\/","title":{"rendered":"LIM Full Carbon M (Nouveau)"},"content":{"rendered":"<p>M = 132 x 52 x 1,5 cm<\/p>\n<p>Cavalier = de 160 \u00e0 180 cm et de 55 \u00e0 80 kg<\/p>\n<p>Le LIM Full Carbon monte d&rsquo;un cran. La nervosit\u00e9 de sa construction Full Carboni permet d&rsquo;exploiter le shape LIM sans limite.<\/p>\n<p>\u00c9tat : Nouveau.<\/p>\n<ul>\n<li>R\u00e9sine de carbone et de polyester<\/li>\n<li>Bords en r\u00e9sine vinylester pour une plus grande durabilit\u00e9<\/li>\n<li>Mousse PVC<\/li>\n<li>Compact\u00e9 sous vide<\/li>\n<li>Arceau et pavillon arri\u00e8re inclus<\/li>\n<\/ul>\n","protected":false},"excerpt":{"rendered":"<p>M = 132 x 52 x 1,5 cm Cavalier = de 160 \u00e0 180 cm et de 55 \u00e0 80 kg Le LIM Full Carbon monte d&rsquo;un cran. La nervosit\u00e9 de sa construction Full Carboni permet d&rsquo;exploiter le shape LIM sans limite. \u00c9tat : Nouveau. R\u00e9sine de carbone et de polyester Bords en r\u00e9sine vinylester [&hellip;]<\/p>\n","protected":false},"featured_media":6375,"template":"","meta":{"_seopress_robots_primary_cat":"none","_seopress_titles_title":"","_seopress_titles_desc":"","_seopress_robots_index":""},"product_brand":[],"product_cat":[119],"product_tag":[],"class_list":{"0":"post-6372","1":"product","2":"type-product","3":"status-publish","4":"has-post-thumbnail","6":"product_cat-skimboards-en-stock","8":"first","9":"outofstock","10":"sale","11":"taxable","12":"shipping-taxable","13":"purchasable","14":"product-type-simple"},"_links":{"self":[{"href":"https:\/\/my-dune.com\/fr\/wp-json\/wp\/v2\/product\/6372","targetHints":{"allow":["GET"]}}],"collection":[{"href":"https:\/\/my-dune.com\/fr\/wp-json\/wp\/v2\/product"}],"about":[{"href":"https:\/\/my-dune.com\/fr\/wp-json\/wp\/v2\/types\/product"}],"version-history":[{"count":2,"href":"https:\/\/my-dune.com\/fr\/wp-json\/wp\/v2\/product\/6372\/revisions"}],"predecessor-version":[{"id":6383,"href":"https:\/\/my-dune.com\/fr\/wp-json\/wp\/v2\/product\/6372\/revisions\/6383"}],"wp:featuredmedia":[{"embeddable":true,"href":"https:\/\/my-dune.com\/fr\/wp-json\/wp\/v2\/media\/6375"}],"wp:attachment":[{"href":"https:\/\/my-dune.com\/fr\/wp-json\/wp\/v2\/media?parent=6372"}],"wp:term":[{"taxonomy":"product_brand","embeddable":true,"href":"https:\/\/my-dune.com\/fr\/wp-json\/wp\/v2\/product_brand?post=6372"},{"taxonomy":"product_cat","embeddable":true,"href":"https:\/\/my-dune.com\/fr\/wp-json\/wp\/v2\/product_cat?post=6372"},{"taxonomy":"product_tag","embeddable":true,"href":"https:\/\/my-dune.com\/fr\/wp-json\/wp\/v2\/product_tag?post=6372"}],"curies":[{"name":"wp","href":"https:\/\/api.w.org\/{rel}","templated":true}]}}