{"id":6356,"date":"2024-12-03T12:22:51","date_gmt":"2024-12-03T11:22:51","guid":{"rendered":"https:\/\/my-dune.com\/?post_type=product&#038;p=6356"},"modified":"2025-03-31T11:59:20","modified_gmt":"2025-03-31T09:59:20","slug":"lim-xs-turquoise-nouveau-copia","status":"publish","type":"product","link":"https:\/\/my-dune.com\/fr\/boutique\/lim-xs-turquoise-nouveau-copia\/","title":{"rendered":"LIM XS jaune (Nouveau)"},"content":{"rendered":"<p>XS = 123 x 47 x 1,5 cm<\/p>\n<p>Cavalier = de 130 \u00e0 150 cm et de 35 \u00e0 50 kg<\/p>\n<p>LIM, Skimboard \u00e9volutif<\/p>\n<p>La LIM est le skim pour \u00e9voluer rapidement. Le nose plus large compense les erreurs de placement des pieds et facilite la prise de vagues.<\/p>\n<p>De plus, sa construction en sandwich (similaire \u00e0 celle d&rsquo;un snowboard) assure \u00e0 la LIM une robustesse \u00e0 toute \u00e9preuve.<\/p>\n<p>\u00c9tat : Nouveau.<\/p>\n<p>&nbsp;<\/p>\n<ul>\n<li>Fibre de verre et r\u00e9sine polyester.<\/li>\n<li>Bords en r\u00e9sine vinylester pour une plus grande durabilit\u00e9.<\/li>\n<li>Mousse PVC.<\/li>\n<li>Compactage sous vide.<\/li>\n<\/ul>\n<p>&nbsp;<\/p>\n","protected":false},"excerpt":{"rendered":"<p>XS = 123 x 47 x 1,5 cm Cavalier = de 130 \u00e0 150 cm et de 35 \u00e0 50 kg LIM, Skimboard \u00e9volutif La LIM est le skim pour \u00e9voluer rapidement. Le nose plus large compense les erreurs de placement des pieds et facilite la prise de vagues. De plus, sa construction en sandwich [&hellip;]<\/p>\n","protected":false},"featured_media":6359,"template":"","meta":{"_seopress_robots_primary_cat":"none","_seopress_titles_title":"Skimboard LIM Evolutionary : Id\u00e9al pour apprendre et attraper les vagues","_seopress_titles_desc":"D\u00e9couvrez le LIM Skimboard, parfait pour le skimboard avec son design robuste et ergonomique, id\u00e9al pour les riders de 35 \u00e0 50 kg ! ","_seopress_robots_index":""},"product_brand":[],"product_cat":[119],"product_tag":[],"class_list":{"0":"post-6356","1":"product","2":"type-product","3":"status-publish","4":"has-post-thumbnail","6":"product_cat-skimboards-en-stock","8":"first","9":"outofstock","10":"taxable","11":"shipping-taxable","12":"purchasable","13":"product-type-simple"},"_links":{"self":[{"href":"https:\/\/my-dune.com\/fr\/wp-json\/wp\/v2\/product\/6356","targetHints":{"allow":["GET"]}}],"collection":[{"href":"https:\/\/my-dune.com\/fr\/wp-json\/wp\/v2\/product"}],"about":[{"href":"https:\/\/my-dune.com\/fr\/wp-json\/wp\/v2\/types\/product"}],"version-history":[{"count":3,"href":"https:\/\/my-dune.com\/fr\/wp-json\/wp\/v2\/product\/6356\/revisions"}],"predecessor-version":[{"id":6606,"href":"https:\/\/my-dune.com\/fr\/wp-json\/wp\/v2\/product\/6356\/revisions\/6606"}],"wp:featuredmedia":[{"embeddable":true,"href":"https:\/\/my-dune.com\/fr\/wp-json\/wp\/v2\/media\/6359"}],"wp:attachment":[{"href":"https:\/\/my-dune.com\/fr\/wp-json\/wp\/v2\/media?parent=6356"}],"wp:term":[{"taxonomy":"product_brand","embeddable":true,"href":"https:\/\/my-dune.com\/fr\/wp-json\/wp\/v2\/product_brand?post=6356"},{"taxonomy":"product_cat","embeddable":true,"href":"https:\/\/my-dune.com\/fr\/wp-json\/wp\/v2\/product_cat?post=6356"},{"taxonomy":"product_tag","embeddable":true,"href":"https:\/\/my-dune.com\/fr\/wp-json\/wp\/v2\/product_tag?post=6356"}],"curies":[{"name":"wp","href":"https:\/\/api.w.org\/{rel}","templated":true}]}}