{"id":6283,"date":"2024-12-03T10:07:28","date_gmt":"2024-12-03T09:07:28","guid":{"rendered":"https:\/\/my-dune.com\/?post_type=product&#038;p=6283"},"modified":"2025-12-12T20:02:04","modified_gmt":"2025-12-12T19:02:04","slug":"lim-ml-lime-nouveau-copia-2","status":"publish","type":"product","link":"https:\/\/my-dune.com\/fr\/boutique\/lim-ml-lime-nouveau-copia-2\/","title":{"rendered":"LIM M rose (Nouveau)"},"content":{"rendered":"<p>ML = 132 x 52 x 1,5 cm<\/p>\n<p>Cavalier = de 160 \u00e0 180 cm et de 55 \u00e0 80 kg<\/p>\n<p>LIM, Skimboard \u00e9volutif<\/p>\n<p>La LIM est le skim pour \u00e9voluer rapidement. Le nose plus large compense les erreurs de placement des pieds et facilite la prise de vagues.<\/p>\n<p>De plus, sa construction en sandwich (similaire \u00e0 celle d&rsquo;un snowboard) assure \u00e0 la LIM une robustesse \u00e0 toute \u00e9preuve.<\/p>\n<p>\u00c9tat : Nouveau.<\/p>\n<p>&nbsp;<\/p>\n<ul>\n<li>Fibre de verre et r\u00e9sine polyester.<\/li>\n<li>Bords en r\u00e9sine vinylester pour une plus grande durabilit\u00e9.<\/li>\n<li>Mousse PVC.<\/li>\n<li>Compactage sous vide.<\/li>\n<\/ul>\n<p>&nbsp;<\/p>\n","protected":false},"excerpt":{"rendered":"<p>ML = 132 x 52 x 1,5 cm Cavalier = de 160 \u00e0 180 cm et de 55 \u00e0 80 kg LIM, Skimboard \u00e9volutif La LIM est le skim pour \u00e9voluer rapidement. Le nose plus large compense les erreurs de placement des pieds et facilite la prise de vagues. De plus, sa construction en sandwich [&hellip;]<\/p>\n","protected":false},"featured_media":7508,"template":"","meta":{"_seopress_robots_primary_cat":"none","_seopress_titles_title":"Achetez Skimboard LIM Evolvivo : solidit\u00e9 et durabilit\u00e9","_seopress_titles_desc":"D\u00e9couvrez le Skimboard LIM, id\u00e9al pour les cyclistes de 170 \u00e0 190 cm et de 65 \u00e0 90 kg. Conception robuste avec fibre de verre, r\u00e9sistante et optimale pour attraper les vagues. ","_seopress_robots_index":""},"product_brand":[],"product_cat":[119],"product_tag":[],"class_list":{"0":"post-6283","1":"product","2":"type-product","3":"status-publish","4":"has-post-thumbnail","6":"product_cat-skimboards-en-stock","8":"first","9":"instock","10":"taxable","11":"shipping-taxable","12":"purchasable","13":"product-type-simple"},"_links":{"self":[{"href":"https:\/\/my-dune.com\/fr\/wp-json\/wp\/v2\/product\/6283","targetHints":{"allow":["GET"]}}],"collection":[{"href":"https:\/\/my-dune.com\/fr\/wp-json\/wp\/v2\/product"}],"about":[{"href":"https:\/\/my-dune.com\/fr\/wp-json\/wp\/v2\/types\/product"}],"version-history":[{"count":3,"href":"https:\/\/my-dune.com\/fr\/wp-json\/wp\/v2\/product\/6283\/revisions"}],"predecessor-version":[{"id":7514,"href":"https:\/\/my-dune.com\/fr\/wp-json\/wp\/v2\/product\/6283\/revisions\/7514"}],"wp:featuredmedia":[{"embeddable":true,"href":"https:\/\/my-dune.com\/fr\/wp-json\/wp\/v2\/media\/7508"}],"wp:attachment":[{"href":"https:\/\/my-dune.com\/fr\/wp-json\/wp\/v2\/media?parent=6283"}],"wp:term":[{"taxonomy":"product_brand","embeddable":true,"href":"https:\/\/my-dune.com\/fr\/wp-json\/wp\/v2\/product_brand?post=6283"},{"taxonomy":"product_cat","embeddable":true,"href":"https:\/\/my-dune.com\/fr\/wp-json\/wp\/v2\/product_cat?post=6283"},{"taxonomy":"product_tag","embeddable":true,"href":"https:\/\/my-dune.com\/fr\/wp-json\/wp\/v2\/product_tag?post=6283"}],"curies":[{"name":"wp","href":"https:\/\/api.w.org\/{rel}","templated":true}]}}