{"id":6176,"date":"2024-12-01T09:08:30","date_gmt":"2024-12-01T08:08:30","guid":{"rendered":"https:\/\/my-dune.com\/?post_type=product&#038;p=6176"},"modified":"2025-12-12T20:08:46","modified_gmt":"2025-12-12T19:08:46","slug":"lim-s-jaune-nouveau-copia-3","status":"publish","type":"product","link":"https:\/\/my-dune.com\/fr\/boutique\/lim-s-jaune-nouveau-copia-3\/","title":{"rendered":"LIM S violet (Nouveau)"},"content":{"rendered":"<p>S = 129 x 50 x 1,5 cm<\/p>\n<p>Cavalier = de 145 \u00e0 165 cm et de 45 \u00e0 65 kg<\/p>\n<p>LIM, Skimboard \u00e9volutif.<\/p>\n<p>La LIM est le skim pour \u00e9voluer rapidement. Le nose plus large compense les erreurs de placement des pieds et facilite la prise de vagues.<\/p>\n<p>De plus, sa construction en sandwich (similaire \u00e0 celle d&rsquo;un snowboard) assure \u00e0 la LIM une robustesse \u00e0 toute \u00e9preuve.<\/p>\n<p>\u00c9tat : Nouveau.<\/p>\n<p>&nbsp;<\/p>\n<ul>\n<li>Fibre de verre et r\u00e9sine polyester.<\/li>\n<li>Bords en r\u00e9sine vinylester pour une plus grande durabilit\u00e9.<\/li>\n<li>Mousse PVC.<\/li>\n<li>Compactage sous vide.<\/li>\n<\/ul>\n<p>&nbsp;<\/p>\n","protected":false},"excerpt":{"rendered":"<p>S = 129 x 50 x 1,5 cm Cavalier = de 145 \u00e0 165 cm et de 45 \u00e0 65 kg LIM, Skimboard \u00e9volutif. La LIM est le skim pour \u00e9voluer rapidement. Le nose plus large compense les erreurs de placement des pieds et facilite la prise de vagues. De plus, sa construction en sandwich [&hellip;]<\/p>\n","protected":false},"featured_media":7525,"template":"","meta":{"_seopress_robots_primary_cat":"none","_seopress_titles_title":"Skimboard LIM \u00e9volutif : id\u00e9al pour une progression rapide","_seopress_titles_desc":"D\u00e9couvrez le skimboard LIM pour une progression rapide : spatule large, construction robuste et id\u00e9ale pour les riders de 45 \u00e0 65 kg.","_seopress_robots_index":""},"product_brand":[],"product_cat":[119],"product_tag":[],"class_list":{"0":"post-6176","1":"product","2":"type-product","3":"status-publish","4":"has-post-thumbnail","6":"product_cat-skimboards-en-stock","8":"first","9":"instock","10":"taxable","11":"shipping-taxable","12":"purchasable","13":"product-type-simple"},"_links":{"self":[{"href":"https:\/\/my-dune.com\/fr\/wp-json\/wp\/v2\/product\/6176","targetHints":{"allow":["GET"]}}],"collection":[{"href":"https:\/\/my-dune.com\/fr\/wp-json\/wp\/v2\/product"}],"about":[{"href":"https:\/\/my-dune.com\/fr\/wp-json\/wp\/v2\/types\/product"}],"version-history":[{"count":5,"href":"https:\/\/my-dune.com\/fr\/wp-json\/wp\/v2\/product\/6176\/revisions"}],"predecessor-version":[{"id":7532,"href":"https:\/\/my-dune.com\/fr\/wp-json\/wp\/v2\/product\/6176\/revisions\/7532"}],"wp:featuredmedia":[{"embeddable":true,"href":"https:\/\/my-dune.com\/fr\/wp-json\/wp\/v2\/media\/7525"}],"wp:attachment":[{"href":"https:\/\/my-dune.com\/fr\/wp-json\/wp\/v2\/media?parent=6176"}],"wp:term":[{"taxonomy":"product_brand","embeddable":true,"href":"https:\/\/my-dune.com\/fr\/wp-json\/wp\/v2\/product_brand?post=6176"},{"taxonomy":"product_cat","embeddable":true,"href":"https:\/\/my-dune.com\/fr\/wp-json\/wp\/v2\/product_cat?post=6176"},{"taxonomy":"product_tag","embeddable":true,"href":"https:\/\/my-dune.com\/fr\/wp-json\/wp\/v2\/product_tag?post=6176"}],"curies":[{"name":"wp","href":"https:\/\/api.w.org\/{rel}","templated":true}]}}