{"id":6102,"date":"2024-11-29T20:01:57","date_gmt":"2024-11-29T19:01:57","guid":{"rendered":"https:\/\/my-dune.com\/?post_type=product&#038;p=6102"},"modified":"2025-11-12T18:58:22","modified_gmt":"2025-11-12T17:58:22","slug":"dl-43-full-carbon-copia-2","status":"publish","type":"product","link":"https:\/\/my-dune.com\/fr\/boutique\/dl-43-full-carbon-copia-2\/","title":{"rendered":"Wakesurf SB 4&rsquo;8&Prime;"},"content":{"rendered":"<p>La SB est un wakesurf haut de gamme avec un shape tr\u00e8s directionnel parfait pour am\u00e9liorer vos man\u0153uvres de surf. Cette planche a \u00e9t\u00e9 fabriqu\u00e9e en 2024 et a 2 jours d&rsquo;utilisation, elle a \u00e9t\u00e9 enti\u00e8rement v\u00e9rifi\u00e9e dans notre atelier par notre shaper. <\/p>\n<ul>\n<li>volume = 23 litres<\/li>\n<li>Limons en carbone<\/li>\n<li>R\u00e9sine \u00e9poxy organique<\/li>\n<li>Mousse PU<\/li>\n<li>Livr\u00e9 avec 2 quilles Futures<\/li>\n<li>Pr\u00e9sente quelques rayures<\/li>\n<\/ul>\n<p>&nbsp;<\/p>\n<p>Prix neuf : 989,00 \u20ac.<\/p>\n","protected":false},"excerpt":{"rendered":"<p>La SB est un wakesurf haut de gamme avec un shape tr\u00e8s directionnel parfait pour am\u00e9liorer vos man\u0153uvres de surf. Cette planche a \u00e9t\u00e9 fabriqu\u00e9e en 2024 et a 2 jours d&rsquo;utilisation, elle a \u00e9t\u00e9 enti\u00e8rement v\u00e9rifi\u00e9e dans notre atelier par notre shaper. volume = 23 litres Limons en carbone R\u00e9sine \u00e9poxy organique Mousse PU [&hellip;]<\/p>\n","protected":false},"featured_media":6106,"template":"","meta":{"_seopress_robots_primary_cat":"none","_seopress_titles_title":"D\u00e9couvrez la gamme SB Wakesurf 2024 High - presque neuve !","_seopress_titles_desc":"D\u00e9couvrez le SB, un wakesurf haut de gamme avec seulement 2 jours d\u2019utilisation, parfait pour perfectionner vos man\u0153uvres. Comprend les palmes Futures. ","_seopress_robots_index":""},"product_brand":[],"product_cat":[121],"product_tag":[],"class_list":{"0":"post-6102","1":"product","2":"type-product","3":"status-publish","4":"has-post-thumbnail","6":"product_cat-planches-de-wakesurf-en-stock","8":"first","9":"outofstock","10":"taxable","11":"shipping-taxable","12":"purchasable","13":"product-type-simple"},"_links":{"self":[{"href":"https:\/\/my-dune.com\/fr\/wp-json\/wp\/v2\/product\/6102","targetHints":{"allow":["GET"]}}],"collection":[{"href":"https:\/\/my-dune.com\/fr\/wp-json\/wp\/v2\/product"}],"about":[{"href":"https:\/\/my-dune.com\/fr\/wp-json\/wp\/v2\/types\/product"}],"version-history":[{"count":3,"href":"https:\/\/my-dune.com\/fr\/wp-json\/wp\/v2\/product\/6102\/revisions"}],"predecessor-version":[{"id":7142,"href":"https:\/\/my-dune.com\/fr\/wp-json\/wp\/v2\/product\/6102\/revisions\/7142"}],"wp:featuredmedia":[{"embeddable":true,"href":"https:\/\/my-dune.com\/fr\/wp-json\/wp\/v2\/media\/6106"}],"wp:attachment":[{"href":"https:\/\/my-dune.com\/fr\/wp-json\/wp\/v2\/media?parent=6102"}],"wp:term":[{"taxonomy":"product_brand","embeddable":true,"href":"https:\/\/my-dune.com\/fr\/wp-json\/wp\/v2\/product_brand?post=6102"},{"taxonomy":"product_cat","embeddable":true,"href":"https:\/\/my-dune.com\/fr\/wp-json\/wp\/v2\/product_cat?post=6102"},{"taxonomy":"product_tag","embeddable":true,"href":"https:\/\/my-dune.com\/fr\/wp-json\/wp\/v2\/product_tag?post=6102"}],"curies":[{"name":"wp","href":"https:\/\/api.w.org\/{rel}","templated":true}]}}