{"id":6087,"date":"2024-11-29T19:43:46","date_gmt":"2024-11-29T18:43:46","guid":{"rendered":"https:\/\/my-dune.com\/?post_type=product&#038;p=6087"},"modified":"2025-11-12T18:58:14","modified_gmt":"2025-11-12T17:58:14","slug":"dl-43-full-carbon-copia","status":"publish","type":"product","link":"https:\/\/my-dune.com\/fr\/boutique\/dl-43-full-carbon-copia\/","title":{"rendered":"DL FULL CARBON 4&rsquo;3&Prime; nouveau"},"content":{"rendered":"<p>Le DL FULL CARBON est un wakeskim haut de gamme, parfait pour passer \u00e0 la vitesse sup\u00e9rieure. Gr\u00e2ce \u00e0 sa shape compacte, la DL FULL CARBON a un programme 100% freestyle : \u00e0 toi les 720 et le shuv-it !<\/p>\n<ul>\n<li>Plein carbone<\/li>\n<li>R\u00e9sine \u00e9poxy organique<\/li>\n<li>Mousse PVC<\/li>\n<li>Plastification sous vide<\/li>\n<li>Fourni avec 1 quille G10<\/li>\n<\/ul>\n<p>&nbsp;<\/p>\n<p>&nbsp;<\/p>\n","protected":false},"excerpt":{"rendered":"<p>Le DL FULL CARBON est un wakeskim haut de gamme, parfait pour passer \u00e0 la vitesse sup\u00e9rieure. Gr\u00e2ce \u00e0 sa shape compacte, la DL FULL CARBON a un programme 100% freestyle : \u00e0 toi les 720 et le shuv-it ! Plein carbone R\u00e9sine \u00e9poxy organique Mousse PVC Plastification sous vide Fourni avec 1 quille G10 [&hellip;]<\/p>\n","protected":false},"featured_media":6090,"template":"","meta":{"_seopress_robots_primary_cat":"none","_seopress_titles_title":"DL FULL CARBON : Wakeskim haut de gamme pour le Freestyle","_seopress_titles_desc":"D\u00e9couvrez le DL FULL CARBON, le wakeskim haut de gamme pour le freestyle avanc\u00e9. L\u00e9ger, durable et pr\u00eat pour des figures comme le 720 et le shuv-it. ","_seopress_robots_index":""},"product_brand":[],"product_cat":[121],"product_tag":[],"class_list":{"0":"post-6087","1":"product","2":"type-product","3":"status-publish","4":"has-post-thumbnail","6":"product_cat-planches-de-wakesurf-en-stock","8":"first","9":"instock","10":"sale","11":"taxable","12":"shipping-taxable","13":"purchasable","14":"product-type-simple"},"_links":{"self":[{"href":"https:\/\/my-dune.com\/fr\/wp-json\/wp\/v2\/product\/6087","targetHints":{"allow":["GET"]}}],"collection":[{"href":"https:\/\/my-dune.com\/fr\/wp-json\/wp\/v2\/product"}],"about":[{"href":"https:\/\/my-dune.com\/fr\/wp-json\/wp\/v2\/types\/product"}],"version-history":[{"count":4,"href":"https:\/\/my-dune.com\/fr\/wp-json\/wp\/v2\/product\/6087\/revisions"}],"predecessor-version":[{"id":7136,"href":"https:\/\/my-dune.com\/fr\/wp-json\/wp\/v2\/product\/6087\/revisions\/7136"}],"wp:featuredmedia":[{"embeddable":true,"href":"https:\/\/my-dune.com\/fr\/wp-json\/wp\/v2\/media\/6090"}],"wp:attachment":[{"href":"https:\/\/my-dune.com\/fr\/wp-json\/wp\/v2\/media?parent=6087"}],"wp:term":[{"taxonomy":"product_brand","embeddable":true,"href":"https:\/\/my-dune.com\/fr\/wp-json\/wp\/v2\/product_brand?post=6087"},{"taxonomy":"product_cat","embeddable":true,"href":"https:\/\/my-dune.com\/fr\/wp-json\/wp\/v2\/product_cat?post=6087"},{"taxonomy":"product_tag","embeddable":true,"href":"https:\/\/my-dune.com\/fr\/wp-json\/wp\/v2\/product_tag?post=6087"}],"curies":[{"name":"wp","href":"https:\/\/api.w.org\/{rel}","templated":true}]}}