{"id":6042,"date":"2023-11-13T14:20:50","date_gmt":"2023-11-13T13:20:50","guid":{"rendered":"https:\/\/my-dune.com\/tienda\/dl-45-full-carbon-avec-sangle\/"},"modified":"2023-11-13T14:20:50","modified_gmt":"2023-11-13T13:20:50","slug":"dl-45-full-carbon-avec-sangle","status":"publish","type":"product","link":"https:\/\/my-dune.com\/fr\/boutique\/dl-45-full-carbon-avec-sangle\/","title":{"rendered":"DL 4&rsquo;5\u00a0\u00bb Full Carbon avec sangle"},"content":{"rendered":"<p>Wakesurf skimstyle haut de gamme parfait pour les straps. Cette planche a \u00e9t\u00e9 fabriqu\u00e9e en 2019 et a 2 semaines d&rsquo;utilisation, elle a \u00e9t\u00e9 enti\u00e8rement v\u00e9rifi\u00e9e dans notre atelier par notre shaper. Elle peut \u00eatre utilis\u00e9e sans straps pour repasser des tricks radicaux.  <\/p>\n<ul>\n<li>Plein carbone<\/li>\n<li>R\u00e9sine \u00e9poxy<\/li>\n<li>Mousse PVC<\/li>\n<li>Plastification sous vide<\/li>\n<li>Livr\u00e9 avec 2 sangles et 1 quille G10<\/li>\n<li>Quelques bosses et rayures<\/li>\n<\/ul>\n<p>Nouveau prix : \u20ac899<\/p>\n","protected":false},"excerpt":{"rendered":"<p>Wakesurf skimstyle haut de gamme parfait pour les straps. Cette planche a \u00e9t\u00e9 fabriqu\u00e9e en 2019 et a 2 semaines d&rsquo;utilisation, elle a \u00e9t\u00e9 enti\u00e8rement v\u00e9rifi\u00e9e dans notre atelier par notre shaper. Elle peut \u00eatre utilis\u00e9e sans straps pour repasser des tricks radicaux. Plein carbone R\u00e9sine \u00e9poxy Mousse PVC Plastification sous vide Livr\u00e9 avec 2 [&hellip;]<\/p>\n","protected":false},"featured_media":6081,"template":"","meta":{"_seopress_robots_primary_cat":"none","_seopress_titles_title":"","_seopress_titles_desc":"","_seopress_robots_index":""},"product_brand":[],"product_cat":[121],"product_tag":[],"class_list":{"0":"post-6042","1":"product","2":"type-product","3":"status-publish","4":"has-post-thumbnail","6":"product_cat-planches-de-wakesurf-en-stock","8":"first","9":"outofstock","10":"taxable","11":"shipping-taxable","12":"purchasable","13":"product-type-simple"},"_links":{"self":[{"href":"https:\/\/my-dune.com\/fr\/wp-json\/wp\/v2\/product\/6042","targetHints":{"allow":["GET"]}}],"collection":[{"href":"https:\/\/my-dune.com\/fr\/wp-json\/wp\/v2\/product"}],"about":[{"href":"https:\/\/my-dune.com\/fr\/wp-json\/wp\/v2\/types\/product"}],"version-history":[{"count":0,"href":"https:\/\/my-dune.com\/fr\/wp-json\/wp\/v2\/product\/6042\/revisions"}],"wp:featuredmedia":[{"embeddable":true,"href":"https:\/\/my-dune.com\/fr\/wp-json\/wp\/v2\/media\/6081"}],"wp:attachment":[{"href":"https:\/\/my-dune.com\/fr\/wp-json\/wp\/v2\/media?parent=6042"}],"wp:term":[{"taxonomy":"product_brand","embeddable":true,"href":"https:\/\/my-dune.com\/fr\/wp-json\/wp\/v2\/product_brand?post=6042"},{"taxonomy":"product_cat","embeddable":true,"href":"https:\/\/my-dune.com\/fr\/wp-json\/wp\/v2\/product_cat?post=6042"},{"taxonomy":"product_tag","embeddable":true,"href":"https:\/\/my-dune.com\/fr\/wp-json\/wp\/v2\/product_tag?post=6042"}],"curies":[{"name":"wp","href":"https:\/\/api.w.org\/{rel}","templated":true}]}}