{"id":6022,"date":"2024-11-27T18:42:52","date_gmt":"2024-11-27T17:42:52","guid":{"rendered":"https:\/\/my-dune.com\/?post_type=product&#038;p=6022"},"modified":"2024-12-07T15:18:11","modified_gmt":"2024-12-07T14:18:11","slug":"lagoa-m-doccasion-copia","status":"publish","type":"product","link":"https:\/\/my-dune.com\/fr\/boutique\/lagoa-m-doccasion-copia\/","title":{"rendered":"Lola M bleu resint d&rsquo;occasion"},"content":{"rendered":"<p>M = 131*50,5*50,5*1,7 cm<\/p>\n<p>Rider de 155 \u00e0 180 cm et de 55 \u00e0 80 kg Lola, Skimboard haut de gamme fabriqu\u00e9 en ao\u00fbt 2024 avec 3 jours d&rsquo;utilisation.<\/p>\n<p>Le LOLA vous aidera \u00e0 obtenir une pouss\u00e9e suppl\u00e9mentaire sur le mur et sa queue vous permettra de tourner rapidement.<\/p>\n<ul>\n<li>Plein carbone<\/li>\n<li>R\u00e9sine \u00e9poxy organique<\/li>\n<li>Mousse PVC<\/li>\n<li>Fabrication sous vide<\/li>\n<li>Bords encadr\u00e9s<\/li>\n<li>Teinte de la r\u00e9sine<\/li>\n<li>Pav\u00e9 avant et pav\u00e9 arri\u00e8re Position<\/li>\n<li>Il a des rayures<\/li>\n<\/ul>\n<p>Prix neuf : 566,00 \u20ac.<\/p>\n","protected":false},"excerpt":{"rendered":"<p>M = 131*50,5*50,5*1,7 cm Rider de 155 \u00e0 180 cm et de 55 \u00e0 80 kg Lola, Skimboard haut de gamme fabriqu\u00e9 en ao\u00fbt 2024 avec 3 jours d&rsquo;utilisation. Le LOLA vous aidera \u00e0 obtenir une pouss\u00e9e suppl\u00e9mentaire sur le mur et sa queue vous permettra de tourner rapidement. Plein carbone R\u00e9sine \u00e9poxy organique Mousse [&hellip;]<\/p>\n","protected":false},"featured_media":6025,"template":"","meta":{"_seopress_robots_primary_cat":"none","_seopress_titles_title":"%%post_title%%","_seopress_titles_desc":"%%post_excerpt%%","_seopress_robots_index":""},"product_brand":[],"product_cat":[119],"product_tag":[],"class_list":{"0":"post-6022","1":"product","2":"type-product","3":"status-publish","4":"has-post-thumbnail","6":"product_cat-skimboards-en-stock","8":"first","9":"outofstock","10":"taxable","11":"shipping-taxable","12":"purchasable","13":"product-type-simple"},"_links":{"self":[{"href":"https:\/\/my-dune.com\/fr\/wp-json\/wp\/v2\/product\/6022","targetHints":{"allow":["GET"]}}],"collection":[{"href":"https:\/\/my-dune.com\/fr\/wp-json\/wp\/v2\/product"}],"about":[{"href":"https:\/\/my-dune.com\/fr\/wp-json\/wp\/v2\/types\/product"}],"version-history":[{"count":4,"href":"https:\/\/my-dune.com\/fr\/wp-json\/wp\/v2\/product\/6022\/revisions"}],"predecessor-version":[{"id":6400,"href":"https:\/\/my-dune.com\/fr\/wp-json\/wp\/v2\/product\/6022\/revisions\/6400"}],"wp:featuredmedia":[{"embeddable":true,"href":"https:\/\/my-dune.com\/fr\/wp-json\/wp\/v2\/media\/6025"}],"wp:attachment":[{"href":"https:\/\/my-dune.com\/fr\/wp-json\/wp\/v2\/media?parent=6022"}],"wp:term":[{"taxonomy":"product_brand","embeddable":true,"href":"https:\/\/my-dune.com\/fr\/wp-json\/wp\/v2\/product_brand?post=6022"},{"taxonomy":"product_cat","embeddable":true,"href":"https:\/\/my-dune.com\/fr\/wp-json\/wp\/v2\/product_cat?post=6022"},{"taxonomy":"product_tag","embeddable":true,"href":"https:\/\/my-dune.com\/fr\/wp-json\/wp\/v2\/product_tag?post=6022"}],"curies":[{"name":"wp","href":"https:\/\/api.w.org\/{rel}","templated":true}]}}