{"id":5568,"date":"2024-07-26T13:10:23","date_gmt":"2024-07-26T11:10:23","guid":{"rendered":"https:\/\/dune.xanelabs.com\/tienda\/lagoa-ml-turquoise-nouveau\/"},"modified":"2024-09-20T14:30:17","modified_gmt":"2024-09-20T12:30:17","slug":"lagoa-ml-turquoise-nouveau","status":"publish","type":"product","link":"https:\/\/my-dune.com\/fr\/boutique\/lagoa-ml-turquoise-nouveau\/","title":{"rendered":"LAGOA ML Turquoise nouveau"},"content":{"rendered":"<p>Skimboard haut de gamme. Taille ML = 136 x 52,5 x 1,7 cm Condition : Nouveau.  <strong>Caract\u00e9ristiques :<\/strong><\/p>\n<ul>\n<li>Plein carbone<\/li>\n<li>R\u00e9sine \u00e9poxy organique<\/li>\n<li>Mousse PVC<\/li>\n<li>Fabrication sous vide<\/li>\n<li>Bords encadr\u00e9s<\/li>\n<li>Teinte de la r\u00e9sine<\/li>\n<\/ul>\n","protected":false},"excerpt":{"rendered":"<p>Skimboard haut de gamme. Taille ML = 136 x 52,5 x 1,7 cm Condition : Nouveau. Caract\u00e9ristiques : Plein carbone R\u00e9sine \u00e9poxy organique Mousse PVC Fabrication sous vide Bords encadr\u00e9s Teinte de la r\u00e9sine<\/p>\n","protected":false},"featured_media":5572,"template":"","meta":{"_seopress_robots_primary_cat":"","_seopress_titles_title":"","_seopress_titles_desc":"","_seopress_robots_index":""},"product_brand":[],"product_cat":[119],"product_tag":[],"class_list":{"0":"post-5568","1":"product","2":"type-product","3":"status-publish","4":"has-post-thumbnail","6":"product_cat-skimboards-en-stock","8":"first","9":"outofstock","10":"taxable","11":"shipping-taxable","12":"purchasable","13":"product-type-simple"},"_links":{"self":[{"href":"https:\/\/my-dune.com\/fr\/wp-json\/wp\/v2\/product\/5568","targetHints":{"allow":["GET"]}}],"collection":[{"href":"https:\/\/my-dune.com\/fr\/wp-json\/wp\/v2\/product"}],"about":[{"href":"https:\/\/my-dune.com\/fr\/wp-json\/wp\/v2\/types\/product"}],"version-history":[{"count":1,"href":"https:\/\/my-dune.com\/fr\/wp-json\/wp\/v2\/product\/5568\/revisions"}],"predecessor-version":[{"id":5925,"href":"https:\/\/my-dune.com\/fr\/wp-json\/wp\/v2\/product\/5568\/revisions\/5925"}],"wp:featuredmedia":[{"embeddable":true,"href":"https:\/\/my-dune.com\/fr\/wp-json\/wp\/v2\/media\/5572"}],"wp:attachment":[{"href":"https:\/\/my-dune.com\/fr\/wp-json\/wp\/v2\/media?parent=5568"}],"wp:term":[{"taxonomy":"product_brand","embeddable":true,"href":"https:\/\/my-dune.com\/fr\/wp-json\/wp\/v2\/product_brand?post=5568"},{"taxonomy":"product_cat","embeddable":true,"href":"https:\/\/my-dune.com\/fr\/wp-json\/wp\/v2\/product_cat?post=5568"},{"taxonomy":"product_tag","embeddable":true,"href":"https:\/\/my-dune.com\/fr\/wp-json\/wp\/v2\/product_tag?post=5568"}],"curies":[{"name":"wp","href":"https:\/\/api.w.org\/{rel}","templated":true}]}}