{"id":5246,"date":"2024-07-05T17:02:17","date_gmt":"2024-07-05T15:02:17","guid":{"rendered":"https:\/\/dune.xanelabs.com\/?post_type=product&#038;p=5246"},"modified":"2025-11-12T18:58:02","modified_gmt":"2025-11-12T17:58:02","slug":"position-du-coussinet-arriere-copia","status":"publish","type":"product","link":"https:\/\/my-dune.com\/fr\/boutique\/position-du-coussinet-arriere-copia\/","title":{"rendered":"Tailpad Stance Noir"},"content":{"rendered":"<p>Le tailpad est l&rsquo;accessoire indispensable pour votre planche. Cet \u00ab\u00a0anti-d\u00e9rapant\u00a0\u00bb en EVA vous permettra d&rsquo;avoir un appui solide. Le tailpad est coll\u00e9 \u00e0 l&rsquo;arri\u00e8re de votre planche.<\/p>\n<p>D\u00e9tails = 5 pi\u00e8ces avec arceau et queue rapide<\/p>\n","protected":false},"excerpt":{"rendered":"<p>Le tailpad est l&rsquo;accessoire indispensable pour votre planche. Cet \u00ab\u00a0anti-d\u00e9rapant\u00a0\u00bb en EVA vous permettra d&rsquo;avoir un appui solide. Le tailpad est coll\u00e9 \u00e0 l&rsquo;arri\u00e8re de votre planche. D\u00e9tails = 5 pi\u00e8ces avec arceau et queue rapide<\/p>\n","protected":false},"featured_media":5249,"template":"","meta":{"_seopress_robots_primary_cat":"","_seopress_titles_title":"","_seopress_titles_desc":"","_seopress_robots_index":""},"product_brand":[],"product_cat":[114],"product_tag":[],"class_list":{"0":"post-5246","1":"product","2":"type-product","3":"status-publish","4":"has-post-thumbnail","6":"product_cat-pads","8":"first","9":"instock","10":"taxable","11":"shipping-taxable","12":"purchasable","13":"product-type-simple"},"_links":{"self":[{"href":"https:\/\/my-dune.com\/fr\/wp-json\/wp\/v2\/product\/5246","targetHints":{"allow":["GET"]}}],"collection":[{"href":"https:\/\/my-dune.com\/fr\/wp-json\/wp\/v2\/product"}],"about":[{"href":"https:\/\/my-dune.com\/fr\/wp-json\/wp\/v2\/types\/product"}],"version-history":[{"count":5,"href":"https:\/\/my-dune.com\/fr\/wp-json\/wp\/v2\/product\/5246\/revisions"}],"predecessor-version":[{"id":7129,"href":"https:\/\/my-dune.com\/fr\/wp-json\/wp\/v2\/product\/5246\/revisions\/7129"}],"wp:featuredmedia":[{"embeddable":true,"href":"https:\/\/my-dune.com\/fr\/wp-json\/wp\/v2\/media\/5249"}],"wp:attachment":[{"href":"https:\/\/my-dune.com\/fr\/wp-json\/wp\/v2\/media?parent=5246"}],"wp:term":[{"taxonomy":"product_brand","embeddable":true,"href":"https:\/\/my-dune.com\/fr\/wp-json\/wp\/v2\/product_brand?post=5246"},{"taxonomy":"product_cat","embeddable":true,"href":"https:\/\/my-dune.com\/fr\/wp-json\/wp\/v2\/product_cat?post=5246"},{"taxonomy":"product_tag","embeddable":true,"href":"https:\/\/my-dune.com\/fr\/wp-json\/wp\/v2\/product_tag?post=5246"}],"curies":[{"name":"wp","href":"https:\/\/api.w.org\/{rel}","templated":true}]}}