{"id":5240,"date":"2024-07-05T16:59:05","date_gmt":"2024-07-05T14:59:05","guid":{"rendered":"https:\/\/dune.xanelabs.com\/tienda\/stance-frontpad-noir\/"},"modified":"2026-01-06T13:02:53","modified_gmt":"2026-01-06T12:02:53","slug":"stance-frontpad-noir","status":"publish","type":"product","link":"https:\/\/my-dune.com\/fr\/boutique\/stance-frontpad-noir\/","title":{"rendered":"Stance Frontpad noir"},"content":{"rendered":"<p>Le frontpad est un accessoire con\u00e7u pour enlever la wax de l&rsquo;avant de votre planche.<\/p>\n<p>Cet \u00ab\u00a0anti-d\u00e9rapant\u00a0\u00bb en EVA vous permettra d&rsquo;avoir un appui solide. Le frontpad est coll\u00e9 \u00e0 l&rsquo;avant de votre planche.<\/p>\n<p>D\u00e9tails = 6 pi\u00e8ces avec arceau.<\/p>\n","protected":false},"excerpt":{"rendered":"<p>Le frontpad est un accessoire con\u00e7u pour enlever la wax de l&rsquo;avant de votre planche. Cet \u00ab\u00a0anti-d\u00e9rapant\u00a0\u00bb en EVA vous permettra d&rsquo;avoir un appui solide. Le frontpad est coll\u00e9 \u00e0 l&rsquo;avant de votre planche. D\u00e9tails = 6 pi\u00e8ces avec arceau.<\/p>\n","protected":false},"featured_media":5237,"template":"","meta":{"_seopress_robots_primary_cat":"","_seopress_titles_title":"","_seopress_titles_desc":"","_seopress_robots_index":""},"product_brand":[],"product_cat":[114],"product_tag":[],"class_list":{"0":"post-5240","1":"product","2":"type-product","3":"status-publish","4":"has-post-thumbnail","6":"product_cat-pads","8":"first","9":"instock","10":"taxable","11":"shipping-taxable","12":"purchasable","13":"product-type-simple"},"_links":{"self":[{"href":"https:\/\/my-dune.com\/fr\/wp-json\/wp\/v2\/product\/5240","targetHints":{"allow":["GET"]}}],"collection":[{"href":"https:\/\/my-dune.com\/fr\/wp-json\/wp\/v2\/product"}],"about":[{"href":"https:\/\/my-dune.com\/fr\/wp-json\/wp\/v2\/types\/product"}],"version-history":[{"count":2,"href":"https:\/\/my-dune.com\/fr\/wp-json\/wp\/v2\/product\/5240\/revisions"}],"predecessor-version":[{"id":7046,"href":"https:\/\/my-dune.com\/fr\/wp-json\/wp\/v2\/product\/5240\/revisions\/7046"}],"wp:featuredmedia":[{"embeddable":true,"href":"https:\/\/my-dune.com\/fr\/wp-json\/wp\/v2\/media\/5237"}],"wp:attachment":[{"href":"https:\/\/my-dune.com\/fr\/wp-json\/wp\/v2\/media?parent=5240"}],"wp:term":[{"taxonomy":"product_brand","embeddable":true,"href":"https:\/\/my-dune.com\/fr\/wp-json\/wp\/v2\/product_brand?post=5240"},{"taxonomy":"product_cat","embeddable":true,"href":"https:\/\/my-dune.com\/fr\/wp-json\/wp\/v2\/product_cat?post=5240"},{"taxonomy":"product_tag","embeddable":true,"href":"https:\/\/my-dune.com\/fr\/wp-json\/wp\/v2\/product_tag?post=5240"}],"curies":[{"name":"wp","href":"https:\/\/api.w.org\/{rel}","templated":true}]}}