{"id":4885,"date":"2024-04-26T17:23:58","date_gmt":"2024-04-26T15:23:58","guid":{"rendered":"https:\/\/dune.xanelabs.com\/tienda\/astrodeck-frontpad\/"},"modified":"2025-11-12T18:57:59","modified_gmt":"2025-11-12T17:57:59","slug":"astrodeck-frontpad","status":"publish","type":"product","link":"https:\/\/my-dune.com\/fr\/boutique\/astrodeck-frontpad\/","title":{"rendered":"Coussin frontal FK surf blanc"},"content":{"rendered":"<p>Le frontpad est un accessoire con\u00e7u pour enlever la wax de l&rsquo;avant de votre planche.<\/p>\n<p>Cet \u00ab\u00a0anti-d\u00e9rapant\u00a0\u00bb en EVA vous permettra d&rsquo;avoir un appui solide. Le frontpad est coll\u00e9 \u00e0 l&rsquo;avant de votre planche.<\/p>\n<p>D\u00e9tails = 3 pi\u00e8ces<\/p>\n","protected":false},"excerpt":{"rendered":"<p>Le frontpad est un accessoire con\u00e7u pour enlever la wax de l&rsquo;avant de votre planche. Cet \u00ab\u00a0anti-d\u00e9rapant\u00a0\u00bb en EVA vous permettra d&rsquo;avoir un appui solide. Le frontpad est coll\u00e9 \u00e0 l&rsquo;avant de votre planche. D\u00e9tails = 3 pi\u00e8ces<\/p>\n","protected":false},"featured_media":6990,"template":"","meta":{"_seopress_robots_primary_cat":"none","_seopress_titles_title":"","_seopress_titles_desc":"","_seopress_robots_index":""},"product_brand":[],"product_cat":[114],"product_tag":[],"class_list":{"0":"post-4885","1":"product","2":"type-product","3":"status-publish","4":"has-post-thumbnail","6":"product_cat-pads","8":"first","9":"instock","10":"taxable","11":"shipping-taxable","12":"purchasable","13":"product-type-simple"},"_links":{"self":[{"href":"https:\/\/my-dune.com\/fr\/wp-json\/wp\/v2\/product\/4885","targetHints":{"allow":["GET"]}}],"collection":[{"href":"https:\/\/my-dune.com\/fr\/wp-json\/wp\/v2\/product"}],"about":[{"href":"https:\/\/my-dune.com\/fr\/wp-json\/wp\/v2\/types\/product"}],"version-history":[{"count":2,"href":"https:\/\/my-dune.com\/fr\/wp-json\/wp\/v2\/product\/4885\/revisions"}],"predecessor-version":[{"id":7127,"href":"https:\/\/my-dune.com\/fr\/wp-json\/wp\/v2\/product\/4885\/revisions\/7127"}],"wp:featuredmedia":[{"embeddable":true,"href":"https:\/\/my-dune.com\/fr\/wp-json\/wp\/v2\/media\/6990"}],"wp:attachment":[{"href":"https:\/\/my-dune.com\/fr\/wp-json\/wp\/v2\/media?parent=4885"}],"wp:term":[{"taxonomy":"product_brand","embeddable":true,"href":"https:\/\/my-dune.com\/fr\/wp-json\/wp\/v2\/product_brand?post=4885"},{"taxonomy":"product_cat","embeddable":true,"href":"https:\/\/my-dune.com\/fr\/wp-json\/wp\/v2\/product_cat?post=4885"},{"taxonomy":"product_tag","embeddable":true,"href":"https:\/\/my-dune.com\/fr\/wp-json\/wp\/v2\/product_tag?post=4885"}],"curies":[{"name":"wp","href":"https:\/\/api.w.org\/{rel}","templated":true}]}}