{"id":4875,"date":"2024-04-26T17:19:24","date_gmt":"2024-04-26T15:19:24","guid":{"rendered":"https:\/\/dune.xanelabs.com\/tienda\/position-du-coussinet-arriere\/"},"modified":"2024-11-29T14:56:14","modified_gmt":"2024-11-29T13:56:14","slug":"position-du-coussinet-arriere","status":"publish","type":"product","link":"https:\/\/my-dune.com\/fr\/boutique\/position-du-coussinet-arriere\/","title":{"rendered":"Tailpad Stance"},"content":{"rendered":"<p>Le tailpad est l&rsquo;accessoire indispensable pour votre planche. Cet \u00ab\u00a0anti-d\u00e9rapant\u00a0\u00bb en EVA vous permettra d&rsquo;avoir un appui solide. Le tailpad est coll\u00e9 \u00e0 l&rsquo;arri\u00e8re de votre planche.<\/p>\n<p>D\u00e9tails = 5 pi\u00e8ces avec arceau et queue rapide<\/p>\n","protected":false},"excerpt":{"rendered":"<p>Le tailpad est l&rsquo;accessoire indispensable pour votre planche. Cet \u00ab\u00a0anti-d\u00e9rapant\u00a0\u00bb en EVA vous permettra d&rsquo;avoir un appui solide. Le tailpad est coll\u00e9 \u00e0 l&rsquo;arri\u00e8re de votre planche. D\u00e9tails = 5 pi\u00e8ces avec arceau et queue rapide<\/p>\n","protected":false},"featured_media":4197,"template":"","meta":{"_seopress_robots_primary_cat":"none","_seopress_titles_title":"","_seopress_titles_desc":"","_seopress_robots_index":""},"product_brand":[],"product_cat":[114],"product_tag":[],"class_list":{"0":"post-4875","1":"product","2":"type-product","3":"status-publish","4":"has-post-thumbnail","6":"product_cat-pads","8":"first","9":"instock","10":"taxable","11":"shipping-taxable","12":"purchasable","13":"product-type-simple"},"_links":{"self":[{"href":"https:\/\/my-dune.com\/fr\/wp-json\/wp\/v2\/product\/4875","targetHints":{"allow":["GET"]}}],"collection":[{"href":"https:\/\/my-dune.com\/fr\/wp-json\/wp\/v2\/product"}],"about":[{"href":"https:\/\/my-dune.com\/fr\/wp-json\/wp\/v2\/types\/product"}],"version-history":[{"count":1,"href":"https:\/\/my-dune.com\/fr\/wp-json\/wp\/v2\/product\/4875\/revisions"}],"predecessor-version":[{"id":5601,"href":"https:\/\/my-dune.com\/fr\/wp-json\/wp\/v2\/product\/4875\/revisions\/5601"}],"wp:featuredmedia":[{"embeddable":true,"href":"https:\/\/my-dune.com\/fr\/wp-json\/wp\/v2\/media\/4197"}],"wp:attachment":[{"href":"https:\/\/my-dune.com\/fr\/wp-json\/wp\/v2\/media?parent=4875"}],"wp:term":[{"taxonomy":"product_brand","embeddable":true,"href":"https:\/\/my-dune.com\/fr\/wp-json\/wp\/v2\/product_brand?post=4875"},{"taxonomy":"product_cat","embeddable":true,"href":"https:\/\/my-dune.com\/fr\/wp-json\/wp\/v2\/product_cat?post=4875"},{"taxonomy":"product_tag","embeddable":true,"href":"https:\/\/my-dune.com\/fr\/wp-json\/wp\/v2\/product_tag?post=4875"}],"curies":[{"name":"wp","href":"https:\/\/api.w.org\/{rel}","templated":true}]}}