{"id":4874,"date":"2024-04-26T17:34:17","date_gmt":"2024-04-26T15:34:17","guid":{"rendered":"https:\/\/dune.xanelabs.com\/tienda\/archbar-stance\/"},"modified":"2024-04-26T17:34:17","modified_gmt":"2024-04-26T15:34:17","slug":"archbar-stance","status":"publish","type":"product","link":"https:\/\/my-dune.com\/fr\/boutique\/archbar-stance\/","title":{"rendered":"Archbar Stance"},"content":{"rendered":"<p>L&rsquo;arceau est l&rsquo;accessoire sp\u00e9cialement con\u00e7u pour votre skimboard. Cet \u00ab\u00a0anti-d\u00e9rapant\u00a0\u00bb en EVA vous permettra d&rsquo;avoir un pied solide. L&rsquo;arceau est coll\u00e9 \u00e0 l&rsquo;avant de votre planche.<\/p>\n<p>D\u00e9tail = 2 pi\u00e8ces<\/p>\n","protected":false},"excerpt":{"rendered":"<p>L&rsquo;arceau est l&rsquo;accessoire sp\u00e9cialement con\u00e7u pour votre skimboard. Cet \u00ab\u00a0anti-d\u00e9rapant\u00a0\u00bb en EVA vous permettra d&rsquo;avoir un pied solide. L&rsquo;arceau est coll\u00e9 \u00e0 l&rsquo;avant de votre planche. D\u00e9tail = 2 pi\u00e8ces<\/p>\n","protected":false},"featured_media":4199,"template":"","meta":{"_seopress_robots_primary_cat":"","_seopress_titles_title":"","_seopress_titles_desc":"","_seopress_robots_index":""},"product_brand":[],"product_cat":[114],"product_tag":[116],"class_list":{"0":"post-4874","1":"product","2":"type-product","3":"status-publish","4":"has-post-thumbnail","6":"product_cat-pads","7":"product_tag-chariot","9":"first","10":"instock","11":"taxable","12":"shipping-taxable","13":"purchasable","14":"product-type-simple"},"_links":{"self":[{"href":"https:\/\/my-dune.com\/fr\/wp-json\/wp\/v2\/product\/4874","targetHints":{"allow":["GET"]}}],"collection":[{"href":"https:\/\/my-dune.com\/fr\/wp-json\/wp\/v2\/product"}],"about":[{"href":"https:\/\/my-dune.com\/fr\/wp-json\/wp\/v2\/types\/product"}],"version-history":[{"count":0,"href":"https:\/\/my-dune.com\/fr\/wp-json\/wp\/v2\/product\/4874\/revisions"}],"wp:featuredmedia":[{"embeddable":true,"href":"https:\/\/my-dune.com\/fr\/wp-json\/wp\/v2\/media\/4199"}],"wp:attachment":[{"href":"https:\/\/my-dune.com\/fr\/wp-json\/wp\/v2\/media?parent=4874"}],"wp:term":[{"taxonomy":"product_brand","embeddable":true,"href":"https:\/\/my-dune.com\/fr\/wp-json\/wp\/v2\/product_brand?post=4874"},{"taxonomy":"product_cat","embeddable":true,"href":"https:\/\/my-dune.com\/fr\/wp-json\/wp\/v2\/product_cat?post=4874"},{"taxonomy":"product_tag","embeddable":true,"href":"https:\/\/my-dune.com\/fr\/wp-json\/wp\/v2\/product_tag?post=4874"}],"curies":[{"name":"wp","href":"https:\/\/api.w.org\/{rel}","templated":true}]}}