{"id":4868,"date":"2024-05-29T17:53:20","date_gmt":"2024-05-29T15:53:20","guid":{"rendered":"https:\/\/dune.xanelabs.com\/tienda\/archbar-stance-rouge\/"},"modified":"2024-07-10T17:45:23","modified_gmt":"2024-07-10T15:45:23","slug":"archbar-stance-rouge","status":"publish","type":"product","link":"https:\/\/my-dune.com\/fr\/boutique\/archbar-stance-rouge\/","title":{"rendered":"Archbar Stance Red"},"content":{"rendered":"<p>L&rsquo;archbar est l&rsquo;accessoire sp\u00e9cialement con\u00e7u pour votre skimboard. Cet \u00ab\u00a0anti-d\u00e9rapant\u00a0\u00bb en EVA vous permettra d&rsquo;avoir un appui solide. L&rsquo;arcbar est coll\u00e9 \u00e0 l&rsquo;avant de votre planche.<\/p>\n<p>D\u00e9tail = 2 pi\u00e8ces<\/p>\n","protected":false},"excerpt":{"rendered":"<p>L&rsquo;archbar est l&rsquo;accessoire sp\u00e9cialement con\u00e7u pour votre skimboard. Cet \u00ab\u00a0anti-d\u00e9rapant\u00a0\u00bb en EVA vous permettra d&rsquo;avoir un appui solide. L&rsquo;arcbar est coll\u00e9 \u00e0 l&rsquo;avant de votre planche. D\u00e9tail = 2 pi\u00e8ces<\/p>\n","protected":false},"featured_media":4205,"template":"","meta":{"_seopress_robots_primary_cat":"","_seopress_titles_title":"","_seopress_titles_desc":"","_seopress_robots_index":""},"product_brand":[],"product_cat":[114],"product_tag":[],"class_list":{"0":"post-4868","1":"product","2":"type-product","3":"status-publish","4":"has-post-thumbnail","6":"product_cat-pads","8":"first","9":"instock","10":"taxable","11":"shipping-taxable","12":"purchasable","13":"product-type-simple"},"_links":{"self":[{"href":"https:\/\/my-dune.com\/fr\/wp-json\/wp\/v2\/product\/4868","targetHints":{"allow":["GET"]}}],"collection":[{"href":"https:\/\/my-dune.com\/fr\/wp-json\/wp\/v2\/product"}],"about":[{"href":"https:\/\/my-dune.com\/fr\/wp-json\/wp\/v2\/types\/product"}],"version-history":[{"count":1,"href":"https:\/\/my-dune.com\/fr\/wp-json\/wp\/v2\/product\/4868\/revisions"}],"predecessor-version":[{"id":5377,"href":"https:\/\/my-dune.com\/fr\/wp-json\/wp\/v2\/product\/4868\/revisions\/5377"}],"wp:featuredmedia":[{"embeddable":true,"href":"https:\/\/my-dune.com\/fr\/wp-json\/wp\/v2\/media\/4205"}],"wp:attachment":[{"href":"https:\/\/my-dune.com\/fr\/wp-json\/wp\/v2\/media?parent=4868"}],"wp:term":[{"taxonomy":"product_brand","embeddable":true,"href":"https:\/\/my-dune.com\/fr\/wp-json\/wp\/v2\/product_brand?post=4868"},{"taxonomy":"product_cat","embeddable":true,"href":"https:\/\/my-dune.com\/fr\/wp-json\/wp\/v2\/product_cat?post=4868"},{"taxonomy":"product_tag","embeddable":true,"href":"https:\/\/my-dune.com\/fr\/wp-json\/wp\/v2\/product_tag?post=4868"}],"curies":[{"name":"wp","href":"https:\/\/api.w.org\/{rel}","templated":true}]}}