{"id":4841,"date":"2024-06-12T14:06:47","date_gmt":"2024-06-12T12:06:47","guid":{"rendered":"https:\/\/dune.xanelabs.com\/tienda\/lim-full-carbon-s-lime-nouveau\/"},"modified":"2024-12-03T09:39:32","modified_gmt":"2024-12-03T08:39:32","slug":"lim-full-carbon-s-lime-nouveau","status":"publish","type":"product","link":"https:\/\/my-dune.com\/fr\/boutique\/lim-full-carbon-s-lime-nouveau\/","title":{"rendered":"LIM Full Carbon S Lime (Nouveau)"},"content":{"rendered":"<p>S = 129 x 50 x 1,5 cm<\/p>\n<p>Cavalier = de 145 \u00e0 165 cm et de 45 \u00e0 65 kg<\/p>\n<p>Le LIM Full Carbon monte d&rsquo;un cran. La nervosit\u00e9 de sa construction Full Carboni permet d&rsquo;exploiter le shape LIM sans limite.<\/p>\n<p>\u00c9tat : Nouveau.<\/p>\n<ul>\n<li>Full carbon et r\u00e9sine polyester<\/li>\n<li>Bords en r\u00e9sine vinylester pour une plus grande durabilit\u00e9<\/li>\n<li>Mousse PVC<\/li>\n<li>Compactage sous vide<\/li>\n<li>Bloc avant et bloc arri\u00e8re inclus<\/li>\n<\/ul>\n","protected":false},"excerpt":{"rendered":"<p>S = 129 x 50 x 1,5 cm Cavalier = de 145 \u00e0 165 cm et de 45 \u00e0 65 kg Le LIM Full Carbon monte d&rsquo;un cran. La nervosit\u00e9 de sa construction Full Carboni permet d&rsquo;exploiter le shape LIM sans limite. \u00c9tat : Nouveau. Full carbon et r\u00e9sine polyester Bords en r\u00e9sine vinylester pour [&hellip;]<\/p>\n","protected":false},"featured_media":7312,"template":"","meta":{"_seopress_robots_primary_cat":"none","_seopress_titles_title":"","_seopress_titles_desc":"","_seopress_robots_index":""},"product_brand":[],"product_cat":[119],"product_tag":[],"class_list":{"0":"post-4841","1":"product","2":"type-product","3":"status-publish","4":"has-post-thumbnail","6":"product_cat-skimboards-en-stock","8":"first","9":"instock","10":"sale","11":"taxable","12":"shipping-taxable","13":"purchasable","14":"product-type-simple"},"_links":{"self":[{"href":"https:\/\/my-dune.com\/fr\/wp-json\/wp\/v2\/product\/4841","targetHints":{"allow":["GET"]}}],"collection":[{"href":"https:\/\/my-dune.com\/fr\/wp-json\/wp\/v2\/product"}],"about":[{"href":"https:\/\/my-dune.com\/fr\/wp-json\/wp\/v2\/types\/product"}],"version-history":[{"count":2,"href":"https:\/\/my-dune.com\/fr\/wp-json\/wp\/v2\/product\/4841\/revisions"}],"predecessor-version":[{"id":6248,"href":"https:\/\/my-dune.com\/fr\/wp-json\/wp\/v2\/product\/4841\/revisions\/6248"}],"wp:featuredmedia":[{"embeddable":true,"href":"https:\/\/my-dune.com\/fr\/wp-json\/wp\/v2\/media\/7312"}],"wp:attachment":[{"href":"https:\/\/my-dune.com\/fr\/wp-json\/wp\/v2\/media?parent=4841"}],"wp:term":[{"taxonomy":"product_brand","embeddable":true,"href":"https:\/\/my-dune.com\/fr\/wp-json\/wp\/v2\/product_brand?post=4841"},{"taxonomy":"product_cat","embeddable":true,"href":"https:\/\/my-dune.com\/fr\/wp-json\/wp\/v2\/product_cat?post=4841"},{"taxonomy":"product_tag","embeddable":true,"href":"https:\/\/my-dune.com\/fr\/wp-json\/wp\/v2\/product_tag?post=4841"}],"curies":[{"name":"wp","href":"https:\/\/api.w.org\/{rel}","templated":true}]}}