{"id":4833,"date":"2024-06-12T14:13:17","date_gmt":"2024-06-12T12:13:17","guid":{"rendered":"https:\/\/dune.xanelabs.com\/tienda\/lim-ml-rouge-nouveau\/"},"modified":"2024-12-03T09:29:19","modified_gmt":"2024-12-03T08:29:19","slug":"lim-ml-rouge-nouveau","status":"publish","type":"product","link":"https:\/\/my-dune.com\/fr\/boutique\/lim-ml-rouge-nouveau\/","title":{"rendered":"LIM ML Rouge (Nouveau)"},"content":{"rendered":"<p>ML = 135 x 53 x 1,7 cm<\/p>\n<p>Coureur = de 170 \u00e0 190 cm et de 65 \u00e0 90 kg<\/p>\n<p>LIM, Skimboard \u00e9volutif<\/p>\n<p>La LIM est le skim pour \u00e9voluer rapidement. Le nose plus large compense les erreurs de placement des pieds et facilite la prise de vagues.<\/p>\n<p>De plus, sa construction en sandwich (similaire \u00e0 celle d&rsquo;un snowboard) assure \u00e0 la LIM une robustesse \u00e0 toute \u00e9preuve.<\/p>\n<p>\u00c9tat : Nouveau.<\/p>\n<ul>\n<li>Fibre de verre et r\u00e9sine polyester.<\/li>\n<li>Bords en r\u00e9sine vinylester pour une plus grande durabilit\u00e9.<\/li>\n<li>Mousse PVC.<\/li>\n<li>Compactage sous vide.<\/li>\n<li>Arceau et hayon inclus.<\/li>\n<\/ul>\n","protected":false},"excerpt":{"rendered":"<p>ML = 135 x 53 x 1,7 cm Coureur = de 170 \u00e0 190 cm et de 65 \u00e0 90 kg LIM, Skimboard \u00e9volutif La LIM est le skim pour \u00e9voluer rapidement. Le nose plus large compense les erreurs de placement des pieds et facilite la prise de vagues. De plus, sa construction en sandwich [&hellip;]<\/p>\n","protected":false},"featured_media":4345,"template":"","meta":{"_seopress_robots_primary_cat":"none","_seopress_titles_title":"","_seopress_titles_desc":"","_seopress_robots_index":""},"product_brand":[],"product_cat":[119],"product_tag":[],"class_list":{"0":"post-4833","1":"product","2":"type-product","3":"status-publish","4":"has-post-thumbnail","6":"product_cat-skimboards-en-stock","8":"first","9":"outofstock","10":"sale","11":"taxable","12":"shipping-taxable","13":"purchasable","14":"product-type-simple"},"_links":{"self":[{"href":"https:\/\/my-dune.com\/fr\/wp-json\/wp\/v2\/product\/4833","targetHints":{"allow":["GET"]}}],"collection":[{"href":"https:\/\/my-dune.com\/fr\/wp-json\/wp\/v2\/product"}],"about":[{"href":"https:\/\/my-dune.com\/fr\/wp-json\/wp\/v2\/types\/product"}],"version-history":[{"count":3,"href":"https:\/\/my-dune.com\/fr\/wp-json\/wp\/v2\/product\/4833\/revisions"}],"predecessor-version":[{"id":6238,"href":"https:\/\/my-dune.com\/fr\/wp-json\/wp\/v2\/product\/4833\/revisions\/6238"}],"wp:featuredmedia":[{"embeddable":true,"href":"https:\/\/my-dune.com\/fr\/wp-json\/wp\/v2\/media\/4345"}],"wp:attachment":[{"href":"https:\/\/my-dune.com\/fr\/wp-json\/wp\/v2\/media?parent=4833"}],"wp:term":[{"taxonomy":"product_brand","embeddable":true,"href":"https:\/\/my-dune.com\/fr\/wp-json\/wp\/v2\/product_brand?post=4833"},{"taxonomy":"product_cat","embeddable":true,"href":"https:\/\/my-dune.com\/fr\/wp-json\/wp\/v2\/product_cat?post=4833"},{"taxonomy":"product_tag","embeddable":true,"href":"https:\/\/my-dune.com\/fr\/wp-json\/wp\/v2\/product_tag?post=4833"}],"curies":[{"name":"wp","href":"https:\/\/api.w.org\/{rel}","templated":true}]}}