{"id":4789,"date":"2023-07-05T14:25:08","date_gmt":"2023-07-05T14:25:08","guid":{"rendered":"https:\/\/dune.xanelabs.com\/tienda\/skimboard-lim-full-carbon\/"},"modified":"2025-12-14T22:03:24","modified_gmt":"2025-12-14T21:03:24","slug":"skimboard-lim-full-carbon","status":"publish","type":"product","link":"https:\/\/my-dune.com\/fr\/boutique\/skimboard-lim-full-carbon\/","title":{"rendered":"Skimboard LIM FULL CARBON"},"content":{"rendered":"<p>Le LIM Full Carbon monte d&rsquo;un cran. La nervosit\u00e9 de sa construction Full Carboni permet d&rsquo;exploiter le shape LIM sans limite.<\/p>\n<p>&nbsp;<\/p>\n<h4><span style=\"font-weight: 400;\">Caract\u00e9ristiques :<\/span><\/h4>\n<p>&nbsp;<\/p>\n<ul>\n<li style=\"font-weight: 400;\" aria-level=\"1\"><span style=\"font-weight: 400;\">Full carbon et r\u00e9sine polyester<\/span><\/li>\n<li style=\"font-weight: 400;\" aria-level=\"1\"><span style=\"font-weight: 400;\">Mousse pvc de 1,5 cm d&rsquo;\u00e9paisseur, r\u00e9sistante et imperm\u00e9able \u00e0 l&rsquo;eau<\/span><\/li>\n<li style=\"font-weight: 400;\" aria-level=\"1\"><span style=\"font-weight: 400;\">Compact\u00e9 sous vide<\/span><\/li>\n<li style=\"font-weight: 400;\" aria-level=\"1\"><span style=\"font-weight: 400;\">rails en r\u00e9sine vinylester pour une plus long\u00e9vit\u00e9<\/span><\/li>\n<\/ul>\n<p>&nbsp;<\/p>\n<div class=\"elementor-element elementor-element-c261a6e eael-table-align-center eael-dt-th-align-left eael-dt-td-align-left elementor-widget elementor-widget-eael-data-table\" data-id=\"c261a6e\" data-element_type=\"widget\" data-settings=\"{\"ekit_we_effect_on\":\"none\"}\" data-widget_type=\"eael-data-table.default\">\n<div class=\"elementor-widget-container\"><\/div>\n<\/div>\n<p><strong>Tableau des tailles :<\/strong><\/p>\n<table style=\"height: 364px;\" width=\"718\">\n<thead>\n<tr>\n<th>Taille<\/th>\n<th><b>Mesure<\/b><\/th>\n<th><b>Cavalier<\/b><\/th>\n<\/tr>\n<\/thead>\n<tbody>\n<tr>\n<td>XS<\/td>\n<td>123\u00d747\u00d71,5 cm<\/td>\n<td><span style=\"font-weight: 400;\">130-150 cm.<\/span><\/p>\n<p><span style=\"font-weight: 400;\">35-50 kg.<\/span><\/td>\n<\/tr>\n<tr>\n<td> S<\/td>\n<td>129\u00d750\u00d71,5 cm<\/td>\n<td><span style=\"font-weight: 400;\">145-165 cm.<\/span><\/p>\n<p><span style=\"font-weight: 400;\">45-65 kg<\/span><\/td>\n<\/tr>\n<tr>\n<td> M<\/td>\n<td>132\u00d752\u00d71,5 cm<\/td>\n<td><span style=\"font-weight: 400;\">160-180 cm.<\/span><\/p>\n<p><span style=\"font-weight: 400;\">55-80 kg.<\/span><\/td>\n<\/tr>\n<tr>\n<td> ML<\/td>\n<td>135\u00d753\u00d71,7 cm<\/td>\n<td><span style=\"font-weight: 400;\">170-190 cm.<\/span><\/p>\n<p><span style=\"font-weight: 400;\">65-90 kg.<\/span><\/td>\n<\/tr>\n<\/tbody>\n<\/table>\n","protected":false},"excerpt":{"rendered":"<p>Le LIM Full Carbon monte d&rsquo;un cran. La nervosit\u00e9 de sa construction Full Carboni permet d&rsquo;exploiter le shape LIM sans limite. &nbsp; Caract\u00e9ristiques : &nbsp; Full carbon et r\u00e9sine polyester Mousse pvc de 1,5 cm d&rsquo;\u00e9paisseur, r\u00e9sistante et imperm\u00e9able \u00e0 l&rsquo;eau Compact\u00e9 sous vide rails en r\u00e9sine vinylester pour une plus long\u00e9vit\u00e9 &nbsp; Tableau des [&hellip;]<\/p>\n","protected":false},"featured_media":7415,"template":"","meta":{"_seopress_robots_primary_cat":"none","_seopress_titles_title":"","_seopress_titles_desc":"","_seopress_robots_index":""},"product_brand":[],"product_cat":[133],"product_tag":[135,182],"class_list":{"0":"post-4789","1":"product","2":"type-product","3":"status-publish","4":"has-post-thumbnail","6":"product_cat-planches-skimboard","7":"product_tag-evolutiva-fr","8":"product_tag-skimboard-debutant","10":"first","11":"instock","12":"taxable","13":"shipping-taxable","14":"purchasable","15":"product-type-variable"},"_links":{"self":[{"href":"https:\/\/my-dune.com\/fr\/wp-json\/wp\/v2\/product\/4789","targetHints":{"allow":["GET"]}}],"collection":[{"href":"https:\/\/my-dune.com\/fr\/wp-json\/wp\/v2\/product"}],"about":[{"href":"https:\/\/my-dune.com\/fr\/wp-json\/wp\/v2\/types\/product"}],"version-history":[{"count":2,"href":"https:\/\/my-dune.com\/fr\/wp-json\/wp\/v2\/product\/4789\/revisions"}],"predecessor-version":[{"id":7423,"href":"https:\/\/my-dune.com\/fr\/wp-json\/wp\/v2\/product\/4789\/revisions\/7423"}],"wp:featuredmedia":[{"embeddable":true,"href":"https:\/\/my-dune.com\/fr\/wp-json\/wp\/v2\/media\/7415"}],"wp:attachment":[{"href":"https:\/\/my-dune.com\/fr\/wp-json\/wp\/v2\/media?parent=4789"}],"wp:term":[{"taxonomy":"product_brand","embeddable":true,"href":"https:\/\/my-dune.com\/fr\/wp-json\/wp\/v2\/product_brand?post=4789"},{"taxonomy":"product_cat","embeddable":true,"href":"https:\/\/my-dune.com\/fr\/wp-json\/wp\/v2\/product_cat?post=4789"},{"taxonomy":"product_tag","embeddable":true,"href":"https:\/\/my-dune.com\/fr\/wp-json\/wp\/v2\/product_tag?post=4789"}],"curies":[{"name":"wp","href":"https:\/\/api.w.org\/{rel}","templated":true}]}}