{"id":4788,"date":"2023-07-05T14:26:48","date_gmt":"2023-07-05T12:26:48","guid":{"rendered":"https:\/\/dune.xanelabs.com\/tienda\/skimboard-lola\/"},"modified":"2024-07-17T18:24:31","modified_gmt":"2024-07-17T16:24:31","slug":"skimboard-lola","status":"publish","type":"product","link":"https:\/\/my-dune.com\/fr\/boutique\/skimboard-lola\/","title":{"rendered":"Skimboard LOLA"},"content":{"rendered":"<p><span style=\"font-weight: 400;\">Le LOLA vous aidera \u00e0 obtenir une pouss\u00e9e suppl\u00e9mentaire sur le mur et sa queue vous permettra de tourner rapidement.<\/span><\/p>\n<p><span style=\"font-weight: 400;\">Profite du configurateur pour cr\u00e9er un skimboard 100% custom.<\/span><\/p>\n<p>&nbsp;<\/p>\n<h4><strong>Caract\u00e9ristiques :<\/strong><\/h4>\n<ul>\n<li style=\"font-weight: 400;\" aria-level=\"1\"><span style=\"font-weight: 400;\">Full carbon.<\/span><\/li>\n<li style=\"font-weight: 400;\" aria-level=\"1\"><span style=\"font-weight: 400;\">R\u00e9sine \u00e9poxy organique \u00e0 29%.<\/span><\/li>\n<li style=\"font-weight: 400;\" aria-level=\"1\"><span style=\"font-weight: 400;\">Mousse PVC r\u00e9sistante et imperm\u00e9able de 1,5 \u00e0 2 cm d&rsquo;\u00e9paisseur (option).<\/span><\/li>\n<li style=\"font-weight: 400;\" aria-level=\"1\"><span style=\"font-weight: 400;\">Rail boxy ou tapered.<\/span><\/li>\n<li style=\"font-weight: 400;\" aria-level=\"1\"><span style=\"font-weight: 400;\">Stratifi\u00e9 sous vide.<\/span><\/li>\n<li style=\"font-weight: 400;\" aria-level=\"1\"><span style=\"font-weight: 400;\">Plus de verre (option),<\/span><\/li>\n<li style=\"font-weight: 400;\" aria-level=\"1\"><span style=\"font-weight: 400;\">Deck channels (option).<\/span><\/li>\n<li style=\"font-weight: 400;\" aria-level=\"1\"><span style=\"font-weight: 400;\">Bouchon de laisse (option).<\/span><\/li>\n<\/ul>\n<p>&nbsp;<\/p>\n<div class=\"elementor-element elementor-element-c261a6e eael-table-align-center eael-dt-th-align-left eael-dt-td-align-left elementor-widget elementor-widget-eael-data-table\" data-id=\"c261a6e\" data-element_type=\"widget\" data-settings=\"{\"ekit_we_effect_on\":\"none\"}\" data-widget_type=\"eael-data-table.default\">\n<div class=\"elementor-widget-container\"><\/div>\n<\/div>\n<table style=\"height: 364px;\" width=\"718\">\n<thead>\n<tr>\n<th>Taille<\/th>\n<th><b>Mesures<\/b><\/th>\n<th><b>Rider<\/b><\/th>\n<\/tr>\n<\/thead>\n<tbody>\n<tr>\n<td>S<\/td>\n<td>129\u00d750 cm.<\/td>\n<td><span style=\"font-weight: 400;\">140-160 cm.<\/span><\/p>\n<p><span style=\"font-weight: 400;\">45-60 Kg.<\/span><\/td>\n<\/tr>\n<tr>\n<td>M<\/td>\n<td>131\u00d750,5 cm.<\/td>\n<td><span style=\"font-weight: 400;\">155-180 cm.<\/span><\/p>\n<p><span style=\"font-weight: 400;\">55-80 Kg<\/span><\/td>\n<\/tr>\n<tr>\n<td>L<\/td>\n<td>132\u00d752 cm.<\/td>\n<td><span style=\"font-weight: 400;\">170 &#8211; 190 cm.<\/span><\/p>\n<p><span style=\"font-weight: 400;\">65-90 Kg.<\/span><\/td>\n<\/tr>\n<\/tbody>\n<\/table>\n<p>&nbsp;<\/p>\n","protected":false},"excerpt":{"rendered":"<p>Le LOLA vous aidera \u00e0 obtenir une pouss\u00e9e suppl\u00e9mentaire sur le mur et sa queue vous permettra de tourner rapidement. Profite du configurateur pour cr\u00e9er un skimboard 100% custom. &nbsp; Caract\u00e9ristiques : Full carbon. R\u00e9sine \u00e9poxy organique \u00e0 29%. Mousse PVC r\u00e9sistante et imperm\u00e9able de 1,5 \u00e0 2 cm d&rsquo;\u00e9paisseur (option). Rail boxy ou tapered. [&hellip;]<\/p>\n","protected":false},"featured_media":4353,"template":"","meta":{"_seopress_robots_primary_cat":"","_seopress_titles_title":"","_seopress_titles_desc":"","_seopress_robots_index":""},"product_brand":[],"product_cat":[133],"product_tag":[134,177],"class_list":{"0":"post-4788","1":"product","2":"type-product","3":"status-publish","4":"has-post-thumbnail","6":"product_cat-planches-skimboard","7":"product_tag-configurateur","8":"product_tag-skimboard-different","10":"first","11":"instock","12":"taxable","13":"shipping-taxable","14":"purchasable","15":"product-type-simple"},"_links":{"self":[{"href":"https:\/\/my-dune.com\/fr\/wp-json\/wp\/v2\/product\/4788","targetHints":{"allow":["GET"]}}],"collection":[{"href":"https:\/\/my-dune.com\/fr\/wp-json\/wp\/v2\/product"}],"about":[{"href":"https:\/\/my-dune.com\/fr\/wp-json\/wp\/v2\/types\/product"}],"version-history":[{"count":1,"href":"https:\/\/my-dune.com\/fr\/wp-json\/wp\/v2\/product\/4788\/revisions"}],"predecessor-version":[{"id":5481,"href":"https:\/\/my-dune.com\/fr\/wp-json\/wp\/v2\/product\/4788\/revisions\/5481"}],"wp:featuredmedia":[{"embeddable":true,"href":"https:\/\/my-dune.com\/fr\/wp-json\/wp\/v2\/media\/4353"}],"wp:attachment":[{"href":"https:\/\/my-dune.com\/fr\/wp-json\/wp\/v2\/media?parent=4788"}],"wp:term":[{"taxonomy":"product_brand","embeddable":true,"href":"https:\/\/my-dune.com\/fr\/wp-json\/wp\/v2\/product_brand?post=4788"},{"taxonomy":"product_cat","embeddable":true,"href":"https:\/\/my-dune.com\/fr\/wp-json\/wp\/v2\/product_cat?post=4788"},{"taxonomy":"product_tag","embeddable":true,"href":"https:\/\/my-dune.com\/fr\/wp-json\/wp\/v2\/product_tag?post=4788"}],"curies":[{"name":"wp","href":"https:\/\/api.w.org\/{rel}","templated":true}]}}