{"id":4753,"date":"2023-07-05T14:27:26","date_gmt":"2023-07-05T12:27:26","guid":{"rendered":"https:\/\/dune.xanelabs.com\/tienda\/skimboard-dd\/"},"modified":"2024-07-17T17:58:25","modified_gmt":"2024-07-17T15:58:25","slug":"skimboard-dd","status":"publish","type":"product","link":"https:\/\/my-dune.com\/fr\/boutique\/skimboard-dd\/","title":{"rendered":"Skimboard DD"},"content":{"rendered":"<p>Le shape DD est large et tr\u00e8s stable, mais gr\u00e2ce \u00e0 ses wings les turns sont faciles \u00e0 r\u00e9aliser.<br \/>\nProfite du configurateur pour cr\u00e9er un skimboard 100% custom.<\/p>\n<p>&nbsp;<\/p>\n<h4><strong>Caract\u00e9ristiques :<\/strong><\/h4>\n<p>&nbsp;<\/p>\n<ul>\n<li style=\"font-weight: 400;\" aria-level=\"1\"><span style=\"font-weight: 400;\">Full carbon et r\u00e9sine polyester<\/span><\/li>\n<li style=\"font-weight: 400;\" aria-level=\"1\"><span style=\"font-weight: 400;\">Mousse pvc de 1,5 cm d&rsquo;\u00e9paisseur, r\u00e9sistante et imperm\u00e9able \u00e0 l&rsquo;eau<\/span><\/li>\n<li style=\"font-weight: 400;\" aria-level=\"1\"><span style=\"font-weight: 400;\">Compact\u00e9 sous vide<\/span><\/li>\n<li style=\"font-weight: 400;\" aria-level=\"1\"><span style=\"font-weight: 400;\">rails en r\u00e9sine vinylester pour une plus long\u00e9vit\u00e9<\/span><\/li>\n<\/ul>\n<p>&nbsp;<\/p>\n<div class=\"elementor-element elementor-element-c261a6e eael-table-align-center eael-dt-th-align-left eael-dt-td-align-left elementor-widget elementor-widget-eael-data-table\" data-id=\"c261a6e\" data-element_type=\"widget\" data-settings=\"{\"ekit_we_effect_on\":\"none\"}\" data-widget_type=\"eael-data-table.default\">\n<div class=\"elementor-widget-container\"><\/div>\n<\/div>\n<table style=\"height: 277px;\" width=\"715\">\n<thead>\n<tr>\n<th>Taille<\/th>\n<th><b>Mesures<\/b><\/th>\n<th><b>Rider<\/b><\/th>\n<\/tr>\n<\/thead>\n<tbody>\n<tr>\n<td>S<\/td>\n<td>125\u00d752\u00d71,5cm\/td&gt;<\/td>\n<td><span style=\"font-weight: 400;\">140-170 cm.<\/span><\/p>\n<p><span style=\"font-weight: 400;\">45-65 Kg.<\/span><\/td>\n<\/tr>\n<tr>\n<td>M<\/td>\n<td>129\u00d753\u00d71,5cm<\/td>\n<td><span style=\"font-weight: 400;\">155-180 cm.<\/span><\/p>\n<p><span style=\"font-weight: 400;\">55-80 Kg<\/span><\/td>\n<\/tr>\n<tr>\n<td>L<\/td>\n<td>134\u00d753\u00d71,5cm<\/td>\n<td><span style=\"font-weight: 400;\">&gt;  180 cm.<\/span><\/p>\n<p><span style=\"font-weight: 400;\">75-90 Kg.<\/span><\/td>\n<\/tr>\n<\/tbody>\n<\/table>\n","protected":false},"excerpt":{"rendered":"<p>Le shape DD est large et tr\u00e8s stable, mais gr\u00e2ce \u00e0 ses wings les turns sont faciles \u00e0 r\u00e9aliser. Profite du configurateur pour cr\u00e9er un skimboard 100% custom. &nbsp; Caract\u00e9ristiques : &nbsp; Full carbon et r\u00e9sine polyester Mousse pvc de 1,5 cm d&rsquo;\u00e9paisseur, r\u00e9sistante et imperm\u00e9able \u00e0 l&rsquo;eau Compact\u00e9 sous vide rails en r\u00e9sine vinylester [&hellip;]<\/p>\n","protected":false},"featured_media":5459,"template":"","meta":{"_seopress_robots_primary_cat":"","_seopress_titles_title":"","_seopress_titles_desc":"","_seopress_robots_index":""},"product_brand":[],"product_cat":[133],"product_tag":[134,177],"class_list":{"0":"post-4753","1":"product","2":"type-product","3":"status-publish","4":"has-post-thumbnail","6":"product_cat-planches-skimboard","7":"product_tag-configurateur","8":"product_tag-skimboard-different","10":"first","11":"instock","12":"taxable","13":"shipping-taxable","14":"purchasable","15":"product-type-simple"},"_links":{"self":[{"href":"https:\/\/my-dune.com\/fr\/wp-json\/wp\/v2\/product\/4753","targetHints":{"allow":["GET"]}}],"collection":[{"href":"https:\/\/my-dune.com\/fr\/wp-json\/wp\/v2\/product"}],"about":[{"href":"https:\/\/my-dune.com\/fr\/wp-json\/wp\/v2\/types\/product"}],"version-history":[{"count":3,"href":"https:\/\/my-dune.com\/fr\/wp-json\/wp\/v2\/product\/4753\/revisions"}],"predecessor-version":[{"id":5466,"href":"https:\/\/my-dune.com\/fr\/wp-json\/wp\/v2\/product\/4753\/revisions\/5466"}],"wp:featuredmedia":[{"embeddable":true,"href":"https:\/\/my-dune.com\/fr\/wp-json\/wp\/v2\/media\/5459"}],"wp:attachment":[{"href":"https:\/\/my-dune.com\/fr\/wp-json\/wp\/v2\/media?parent=4753"}],"wp:term":[{"taxonomy":"product_brand","embeddable":true,"href":"https:\/\/my-dune.com\/fr\/wp-json\/wp\/v2\/product_brand?post=4753"},{"taxonomy":"product_cat","embeddable":true,"href":"https:\/\/my-dune.com\/fr\/wp-json\/wp\/v2\/product_cat?post=4753"},{"taxonomy":"product_tag","embeddable":true,"href":"https:\/\/my-dune.com\/fr\/wp-json\/wp\/v2\/product_tag?post=4753"}],"curies":[{"name":"wp","href":"https:\/\/api.w.org\/{rel}","templated":true}]}}