{"id":4752,"date":"2023-07-05T14:24:35","date_gmt":"2023-07-05T14:24:35","guid":{"rendered":"https:\/\/dune.xanelabs.com\/tienda\/skimboard-lim\/"},"modified":"2025-12-14T21:52:51","modified_gmt":"2025-12-14T20:52:51","slug":"skimboard-lim","status":"publish","type":"product","link":"https:\/\/my-dune.com\/fr\/boutique\/skimboard-lim\/","title":{"rendered":"Skimboard LIM"},"content":{"rendered":"<p><span style=\"font-weight: 400;\">La LIM est le skim pour \u00e9voluer rapidement. Le nose plus large compense les erreurs de placement des pieds et facilite la prise de vagues.<\/span><\/p>\n<p><span style=\"font-weight: 400;\">De plus, sa construction en sandwich (similaire \u00e0 celle d&rsquo;un snowboard) assure \u00e0 la LIM une robustesse \u00e0 toute \u00e9preuve.<\/span><\/p>\n<p>&nbsp;<\/p>\n<h4><strong>Caract\u00e9ristiques :<\/strong><\/h4>\n<ul>\n<li style=\"font-weight: 400;\" aria-level=\"1\"><span style=\"font-weight: 400;\">Mousse PVC de 1,5 cm d&rsquo;\u00e9paisseur, r\u00e9sistante et imperm\u00e9able.<\/span><\/li>\n<li style=\"font-weight: 400;\" aria-level=\"1\"><span style=\"font-weight: 400;\">Compact\u00e9 sous vide.<\/span><\/li>\n<li style=\"font-weight: 400;\" aria-level=\"1\"><span style=\"font-weight: 400;\">Rails en r\u00e9sine vinylester pour une plus grande durabilit\u00e9.<\/span><\/li>\n<li style=\"font-weight: 400;\" aria-level=\"1\"><span style=\"font-weight: 400;\">Fibre de verre et r\u00e9sine polyester.<\/span><\/li>\n<\/ul>\n<p>&nbsp;<\/p>\n<div class=\"elementor-element elementor-element-c261a6e eael-table-align-center eael-dt-th-align-left eael-dt-td-align-left elementor-widget elementor-widget-eael-data-table\" data-id=\"c261a6e\" data-element_type=\"widget\" data-settings=\"{\"ekit_we_effect_on\":\"none\"}\" data-widget_type=\"eael-data-table.default\">\n<div class=\"elementor-widget-container\"><\/div>\n<\/div>\n<table style=\"height: 376px;\" width=\"716\">\n<thead>\n<tr>\n<th>Taille<\/th>\n<th><b>Mesure<\/b><\/th>\n<th><b>Cavalier<\/b><\/th>\n<\/tr>\n<\/thead>\n<tbody>\n<tr>\n<td>XS<\/td>\n<td>123\u00d747\u00d71,5 cm.<\/td>\n<td><span style=\"font-weight: 400;\">130 &#8211; 150 cm.<\/span><br \/>\n<span style=\"font-weight: 400;\">35 &#8211; 50 kg.<\/span><\/td>\n<\/tr>\n<tr>\n<td>S<\/td>\n<td>129\u00d750\u00d71,5 cm.<\/td>\n<td><span style=\"font-weight: 400;\">145 &#8211; 165 cm.<\/span><br \/>\n<span style=\"font-weight: 400;\">45 &#8211; 65 kg<\/span><\/td>\n<\/tr>\n<tr>\n<td>M<\/td>\n<td>132\u00d752\u00d71,5 cm.<\/td>\n<td><span style=\"font-weight: 400;\">160 &#8211; 180 cm.<\/span><br \/>\n<span style=\"font-weight: 400;\">55 &#8211; 80 kg.<\/span><\/td>\n<\/tr>\n<tr>\n<td>ML<\/td>\n<td>135\u00d753\u00d71,7 cm.<\/td>\n<td><span style=\"font-weight: 400;\">170 &#8211; 190 cm.<\/span><br \/>\n<span style=\"font-weight: 400;\">65 &#8211; 90 kg.<\/span><\/td>\n<\/tr>\n<\/tbody>\n<\/table>\n<p>&nbsp;<\/p>\n","protected":false},"excerpt":{"rendered":"<p>La LIM est le skim pour \u00e9voluer rapidement. Le nose plus large compense les erreurs de placement des pieds et facilite la prise de vagues. De plus, sa construction en sandwich (similaire \u00e0 celle d&rsquo;un snowboard) assure \u00e0 la LIM une robustesse \u00e0 toute \u00e9preuve. &nbsp; Caract\u00e9ristiques : Mousse PVC de 1,5 cm d&rsquo;\u00e9paisseur, r\u00e9sistante [&hellip;]<\/p>\n","protected":false},"featured_media":7409,"template":"","meta":{"_seopress_robots_primary_cat":"none","_seopress_titles_title":"","_seopress_titles_desc":"","_seopress_robots_index":""},"product_brand":[],"product_cat":[133],"product_tag":[182,181],"class_list":{"0":"post-4752","1":"product","2":"type-product","3":"status-publish","4":"has-post-thumbnail","6":"product_cat-planches-skimboard","7":"product_tag-skimboard-debutant","8":"product_tag-variable-fr","10":"first","11":"instock","12":"taxable","13":"shipping-taxable","14":"purchasable","15":"product-type-variable","16":"has-default-attributes"},"_links":{"self":[{"href":"https:\/\/my-dune.com\/fr\/wp-json\/wp\/v2\/product\/4752","targetHints":{"allow":["GET"]}}],"collection":[{"href":"https:\/\/my-dune.com\/fr\/wp-json\/wp\/v2\/product"}],"about":[{"href":"https:\/\/my-dune.com\/fr\/wp-json\/wp\/v2\/types\/product"}],"version-history":[{"count":2,"href":"https:\/\/my-dune.com\/fr\/wp-json\/wp\/v2\/product\/4752\/revisions"}],"predecessor-version":[{"id":7401,"href":"https:\/\/my-dune.com\/fr\/wp-json\/wp\/v2\/product\/4752\/revisions\/7401"}],"wp:featuredmedia":[{"embeddable":true,"href":"https:\/\/my-dune.com\/fr\/wp-json\/wp\/v2\/media\/7409"}],"wp:attachment":[{"href":"https:\/\/my-dune.com\/fr\/wp-json\/wp\/v2\/media?parent=4752"}],"wp:term":[{"taxonomy":"product_brand","embeddable":true,"href":"https:\/\/my-dune.com\/fr\/wp-json\/wp\/v2\/product_brand?post=4752"},{"taxonomy":"product_cat","embeddable":true,"href":"https:\/\/my-dune.com\/fr\/wp-json\/wp\/v2\/product_cat?post=4752"},{"taxonomy":"product_tag","embeddable":true,"href":"https:\/\/my-dune.com\/fr\/wp-json\/wp\/v2\/product_tag?post=4752"}],"curies":[{"name":"wp","href":"https:\/\/api.w.org\/{rel}","templated":true}]}}