{"id":4744,"date":"2023-07-05T10:07:55","date_gmt":"2023-07-05T10:07:55","guid":{"rendered":"https:\/\/dune.xanelabs.com\/tienda\/wakesurf-mars\/"},"modified":"2025-12-11T23:14:05","modified_gmt":"2025-12-11T22:14:05","slug":"wakesurf-mars","status":"publish","type":"product","link":"https:\/\/my-dune.com\/fr\/boutique\/wakesurf-mars\/","title":{"rendered":"Wakesurf MARS"},"content":{"rendered":"<p><strong>Le Mars a un esprit \u00ab\u00a0skimstyle\u00a0\u00bb. Son tail t&rsquo;aidera \u00e0 effectuer les airs les plus audacieux.<\/strong><\/p>\n<p><span style=\"font-weight: 400;\">Fin setup Mars : single G10 (5 cm)<\/span><\/p>\n<h4><\/h4>\n<p>&nbsp;<\/p>\n<h4><strong>Caract\u00e9ristiques :<\/strong><\/h4>\n<p>&nbsp;<\/p>\n<ul>\n<li style=\"font-weight: 400;\" aria-level=\"1\"><span style=\"font-weight: 400;\">Stringers carbone (deck et bottom).<\/span><\/li>\n<li style=\"font-weight: 400;\" aria-level=\"1\"><span style=\"font-weight: 400;\">Bottom concave.<\/span><\/li>\n<li style=\"font-weight: 400;\" aria-level=\"1\"><span style=\"font-weight: 400;\">Mousse PVC r\u00e9sistante et imperm\u00e9able.<\/span><\/li>\n<li style=\"font-weight: 400;\" aria-level=\"1\"><span style=\"font-weight: 400;\">Compact\u00e9 sous vide.<\/span><\/li>\n<li style=\"font-weight: 400;\" aria-level=\"1\"><span style=\"font-weight: 400;\">R\u00e9sine polyester et fibre de verre.<\/span><\/li>\n<li style=\"font-weight: 400;\" aria-level=\"1\"><span style=\"font-weight: 400;\">Rails renforc\u00e9s en r\u00e9sine vinylester.<\/span><\/li>\n<li style=\"font-weight: 400;\" aria-level=\"1\"><span style=\"font-weight: 400;\">Pads Stance = grip technique pour un meilleur contr\u00f4le de ta planche.<\/span><\/li>\n<\/ul>\n<p>&nbsp;<\/p>\n<h4>Tableau des tailles :<\/h4>\n<table style=\"height: 168px;\" width=\"716\">\n<thead>\n<tr>\n<th>Taille<\/th>\n<th><b>Mesure<\/b><\/th>\n<th><b>Cavalier<\/b><\/th>\n<\/tr>\n<\/thead>\n<tbody>\n<tr>\n<td>MS<\/td>\n<td>127 x 51 \u00d7 1,5 cm<br \/>\n<span style=\"font-weight: 400;\">4&rsquo;2\u00a0\u00bb x 20,1\u00a0\u00bb x 0,6\u00a0\u00bb<\/span><\/td>\n<td><span style=\"font-weight: 400;\">50-70<\/span><\/td>\n<p> kg.<br \/>\n<\/tr>\n<tr>\n<td>M<\/td>\n<td>133 \u00d7 52 \u00d7 1,5 cm<br \/>\n<span style=\"font-weight: 400;\">4&rsquo;4\u00a0\u00bb x 20,5\u00a0\u00bb x 0,6\u00a0\u00bb1<\/span><\/td>\n<td><span style=\"font-weight: 400;\"><span style=\"font-weight: 400;\">55-75 kg.<\/span><\/span><\/td>\n<\/tr>\n<\/tbody>\n<\/table>\n<p>&nbsp;<\/p>\n","protected":false},"excerpt":{"rendered":"<p>Le Mars a un esprit \u00ab\u00a0skimstyle\u00a0\u00bb. Son tail t&rsquo;aidera \u00e0 effectuer les airs les plus audacieux. Fin setup Mars : single G10 (5 cm) &nbsp; Caract\u00e9ristiques : &nbsp; Stringers carbone (deck et bottom). Bottom concave. Mousse PVC r\u00e9sistante et imperm\u00e9able. Compact\u00e9 sous vide. R\u00e9sine polyester et fibre de verre. Rails renforc\u00e9s en r\u00e9sine vinylester. Pads [&hellip;]<\/p>\n","protected":false},"featured_media":7461,"template":"","meta":{"_seopress_robots_primary_cat":"none","_seopress_titles_title":"","_seopress_titles_desc":"","_seopress_robots_index":""},"product_brand":[],"product_cat":[137],"product_tag":[148,176],"class_list":{"0":"post-4744","1":"product","2":"type-product","3":"status-publish","4":"has-post-thumbnail","6":"product_cat-planches-de-wakesurf","7":"product_tag-famille","8":"product_tag-initiation-au-wakesurf","10":"first","11":"instock","12":"taxable","13":"shipping-taxable","14":"purchasable","15":"product-type-variable","16":"has-default-attributes"},"_links":{"self":[{"href":"https:\/\/my-dune.com\/fr\/wp-json\/wp\/v2\/product\/4744","targetHints":{"allow":["GET"]}}],"collection":[{"href":"https:\/\/my-dune.com\/fr\/wp-json\/wp\/v2\/product"}],"about":[{"href":"https:\/\/my-dune.com\/fr\/wp-json\/wp\/v2\/types\/product"}],"version-history":[{"count":2,"href":"https:\/\/my-dune.com\/fr\/wp-json\/wp\/v2\/product\/4744\/revisions"}],"predecessor-version":[{"id":7464,"href":"https:\/\/my-dune.com\/fr\/wp-json\/wp\/v2\/product\/4744\/revisions\/7464"}],"wp:featuredmedia":[{"embeddable":true,"href":"https:\/\/my-dune.com\/fr\/wp-json\/wp\/v2\/media\/7461"}],"wp:attachment":[{"href":"https:\/\/my-dune.com\/fr\/wp-json\/wp\/v2\/media?parent=4744"}],"wp:term":[{"taxonomy":"product_brand","embeddable":true,"href":"https:\/\/my-dune.com\/fr\/wp-json\/wp\/v2\/product_brand?post=4744"},{"taxonomy":"product_cat","embeddable":true,"href":"https:\/\/my-dune.com\/fr\/wp-json\/wp\/v2\/product_cat?post=4744"},{"taxonomy":"product_tag","embeddable":true,"href":"https:\/\/my-dune.com\/fr\/wp-json\/wp\/v2\/product_tag?post=4744"}],"curies":[{"name":"wp","href":"https:\/\/api.w.org\/{rel}","templated":true}]}}