{"id":4735,"date":"2023-07-05T10:46:15","date_gmt":"2023-07-05T10:46:15","guid":{"rendered":"https:\/\/dune.xanelabs.com\/tienda\/wakeskim-dl-light-rider\/"},"modified":"2025-12-11T22:49:15","modified_gmt":"2025-12-11T21:49:15","slug":"wakeskim-dl-light-rider","status":"publish","type":"product","link":"https:\/\/my-dune.com\/fr\/boutique\/wakeskim-dl-light-rider\/","title":{"rendered":"Wakeskim DL LIGHT RIDER"},"content":{"rendered":"<p><span style=\"font-weight: 400;\">La DL LR (Light Rider) est notre planche de wakeskim la mieux adapt\u00e9e aux petits gabarits = la combinaison du shape efficace de la DL et d&rsquo;une construction tol\u00e9rante.<\/span><\/p>\n<p><span style=\"font-weight: 400;\">Fin setup : single G10 (5 cm)<\/span><\/p>\n<h4><\/h4>\n<p>&nbsp;<\/p>\n<h4><strong>Caract\u00e9ristiques :<\/strong><\/h4>\n<p>&nbsp;<\/p>\n<ul>\n<li style=\"font-weight: 400;\" aria-level=\"1\"><span style=\"font-weight: 400;\">R\u00e9sine \u00e9poxy organique \u00e0 29 %.<\/span><\/li>\n<li style=\"font-weight: 400;\" aria-level=\"1\"><span style=\"font-weight: 400;\">Fibre de verre.<\/span><\/li>\n<li style=\"font-weight: 400;\" aria-level=\"1\"><span style=\"font-weight: 400;\">Bottom concave.<\/span><\/li>\n<li style=\"font-weight: 400;\" aria-level=\"1\"><span style=\"font-weight: 400;\">Mousse PVC r\u00e9sistante et imperm\u00e9able.<\/span><\/li>\n<li style=\"font-weight: 400;\" aria-level=\"1\"><span style=\"font-weight: 400;\">Stratifi\u00e9 sous vide.<\/span><\/li>\n<li style=\"font-weight: 400;\" aria-level=\"1\"><span style=\"font-weight: 400;\">Pads sur mesure d\u00e9velopp\u00e9es par l&rsquo;\u00e9quipe.<\/span><\/li>\n<\/ul>\n<p>&nbsp;<\/p>\n<h4>Tableau des tailles :<\/h4>\n<table style=\"height: 100px;\" width=\"722\">\n<thead>\n<tr>\n<th>Taille<\/th>\n<th><b>Mesure<\/b><\/th>\n<th><b>Cavalier<\/b><\/th>\n<\/tr>\n<\/thead>\n<tbody>\n<tr>\n<td>XS<\/td>\n<td>123&#215;52\u00d71,7 cm.<br \/>\n<span style=\"font-weight: 400;\">4&rsquo;0\u00a0\u00bb x 20,5 x 0,67\u00a0\u00bb<\/span><\/td>\n<td><span style=\"font-weight: 400;\">35-55 kg.<\/span><\/td>\n<\/tr>\n<\/tbody>\n<\/table>\n<p>&nbsp;<\/p>\n","protected":false},"excerpt":{"rendered":"<p>La DL LR (Light Rider) est notre planche de wakeskim la mieux adapt\u00e9e aux petits gabarits = la combinaison du shape efficace de la DL et d&rsquo;une construction tol\u00e9rante. Fin setup : single G10 (5 cm) &nbsp; Caract\u00e9ristiques : &nbsp; R\u00e9sine \u00e9poxy organique \u00e0 29 %. Fibre de verre. Bottom concave. Mousse PVC r\u00e9sistante et [&hellip;]<\/p>\n","protected":false},"featured_media":7430,"template":"","meta":{"_seopress_robots_primary_cat":"none","_seopress_titles_title":"","_seopress_titles_desc":"","_seopress_robots_index":""},"product_brand":[],"product_cat":[137],"product_tag":[136,162,171],"class_list":{"0":"post-4735","1":"product","2":"type-product","3":"status-publish","4":"has-post-thumbnail","6":"product_cat-planches-de-wakesurf","7":"product_tag-experimente","8":"product_tag-leger","9":"product_tag-skimstyle-fr","11":"first","12":"instock","13":"taxable","14":"shipping-taxable","15":"purchasable","16":"product-type-simple"},"_links":{"self":[{"href":"https:\/\/my-dune.com\/fr\/wp-json\/wp\/v2\/product\/4735","targetHints":{"allow":["GET"]}}],"collection":[{"href":"https:\/\/my-dune.com\/fr\/wp-json\/wp\/v2\/product"}],"about":[{"href":"https:\/\/my-dune.com\/fr\/wp-json\/wp\/v2\/types\/product"}],"version-history":[{"count":4,"href":"https:\/\/my-dune.com\/fr\/wp-json\/wp\/v2\/product\/4735\/revisions"}],"predecessor-version":[{"id":7432,"href":"https:\/\/my-dune.com\/fr\/wp-json\/wp\/v2\/product\/4735\/revisions\/7432"}],"wp:featuredmedia":[{"embeddable":true,"href":"https:\/\/my-dune.com\/fr\/wp-json\/wp\/v2\/media\/7430"}],"wp:attachment":[{"href":"https:\/\/my-dune.com\/fr\/wp-json\/wp\/v2\/media?parent=4735"}],"wp:term":[{"taxonomy":"product_brand","embeddable":true,"href":"https:\/\/my-dune.com\/fr\/wp-json\/wp\/v2\/product_brand?post=4735"},{"taxonomy":"product_cat","embeddable":true,"href":"https:\/\/my-dune.com\/fr\/wp-json\/wp\/v2\/product_cat?post=4735"},{"taxonomy":"product_tag","embeddable":true,"href":"https:\/\/my-dune.com\/fr\/wp-json\/wp\/v2\/product_tag?post=4735"}],"curies":[{"name":"wp","href":"https:\/\/api.w.org\/{rel}","templated":true}]}}