{"id":4725,"date":"2023-07-05T10:00:59","date_gmt":"2023-07-05T10:00:59","guid":{"rendered":"https:\/\/dune.xanelabs.com\/tienda\/wakeskim-dl-full-carbon\/"},"modified":"2025-12-15T13:51:20","modified_gmt":"2025-12-15T12:51:20","slug":"wakeskim-dl-full-carbon","status":"publish","type":"product","link":"https:\/\/my-dune.com\/fr\/boutique\/wakeskim-dl-full-carbon\/","title":{"rendered":"Wakeskim DL FULL CARBON"},"content":{"rendered":"<p><span style=\"font-weight: 400\">Gr\u00e2ce \u00e0 sa shape compacte, la DL FULL CARBON a un programme 100% freestyle : \u00e0 toi les 720 et le shuv-it !<\/span><\/p>\n<p><span style=\"font-weight: 400\">Fin setup : single G10 (2.5 cm)<\/span><\/p>\n<p>&nbsp;<\/p>\n<h4><strong>Caract\u00e9ristiques :<\/strong><\/h4>\n<p>&nbsp;<\/p>\n<ul>\n<li style=\"font-weight: 400\"><span style=\"font-weight: 400\">Mousse PVC de 1,5 cm d&rsquo;\u00e9paisseur, r\u00e9sistante et imperm\u00e9able.<\/span><\/li>\n<li style=\"font-weight: 400\"><span style=\"font-weight: 400\">Compact\u00e9 sous vide.<\/span><\/li>\n<li style=\"font-weight: 400\"><span style=\"font-weight: 400\">Rails en r\u00e9sine vinylester pour une plus grande durabilit\u00e9.<\/span><\/li>\n<li style=\"font-weight: 400\"><span style=\"font-weight: 400\">Fibre de verre et r\u00e9sine polyester.<\/span><\/li>\n<\/ul>\n<p>&nbsp;<\/p>\n<h4>Tableau des tailles :<\/h4>\n<table style=\"height: 277px\" width=\"716\">\n<thead>\n<tr>\n<th>Taille<\/th>\n<th><b>Mesure<\/b><\/th>\n<th><b>Cavalier<\/b><\/th>\n<\/tr>\n<\/thead>\n<tbody>\n<tr>\n<td>XS<\/td>\n<td><span style=\"font-weight: 400\"> 4&rsquo;0\u00a0\u00bb x 20,5 x 0,67\u00a0\u00bb<\/span><\/td>\n<td><span style=\"font-weight: 400\">40 &#8211; 65 kg.<\/span><\/td>\n<\/tr>\n<tr>\n<td>S<\/td>\n<td><span style=\"font-weight: 400\">4&rsquo;1\u00a0\u00bb x 20,6\u00a0\u00bb x 0,67\u00a0\u00bb<\/span><\/td>\n<td><span style=\"font-weight: 400\">45 &#8211; 70 kg<\/span><\/td>\n<\/tr>\n<tr>\n<td>M<\/td>\n<td><span style=\"font-weight: 400\">4&rsquo;3\u00a0\u00bb x 20 0,7&prime; x 0,67\u00a0\u00bb<\/span><\/td>\n<td><span style=\"font-weight: 400\">60 &#8211; 80 kg.<\/span><\/td>\n<\/tr>\n<tr>\n<td>\n ML<\/td>\n<td><span style=\"font-weight: 400\">4&rsquo;5\u00a0\u00bb x 20,9\u00a0\u00bb x 0,67\u00a0\u00bb<\/span><\/td>\n<td><span style=\"font-weight: 400\">70 &#8211; 90 kg.<\/span><\/td>\n<\/tr>\n<\/tbody>\n<\/table>\n<p>&nbsp;<\/p>\n","protected":false},"excerpt":{"rendered":"<p>Gr\u00e2ce \u00e0 sa shape compacte, la DL FULL CARBON a un programme 100% freestyle : \u00e0 toi les 720 et le shuv-it ! Fin setup : single G10 (2.5 cm) &nbsp; Caract\u00e9ristiques : &nbsp; Mousse PVC de 1,5 cm d&rsquo;\u00e9paisseur, r\u00e9sistante et imperm\u00e9able. Compact\u00e9 sous vide. Rails en r\u00e9sine vinylester pour une plus grande durabilit\u00e9. [&hellip;]<\/p>\n","protected":false},"featured_media":7445,"template":"","meta":{"_seopress_robots_primary_cat":"none","_seopress_titles_title":"","_seopress_titles_desc":"","_seopress_robots_index":""},"product_brand":[],"product_cat":[137],"product_tag":[169],"class_list":{"0":"post-4725","1":"product","2":"type-product","3":"status-publish","4":"has-post-thumbnail","6":"product_cat-planches-de-wakesurf","7":"product_tag-technique-du-skimboard","9":"first","10":"instock","11":"taxable","12":"shipping-taxable","13":"purchasable","14":"product-type-variable","15":"has-default-attributes"},"_links":{"self":[{"href":"https:\/\/my-dune.com\/fr\/wp-json\/wp\/v2\/product\/4725","targetHints":{"allow":["GET"]}}],"collection":[{"href":"https:\/\/my-dune.com\/fr\/wp-json\/wp\/v2\/product"}],"about":[{"href":"https:\/\/my-dune.com\/fr\/wp-json\/wp\/v2\/types\/product"}],"version-history":[{"count":7,"href":"https:\/\/my-dune.com\/fr\/wp-json\/wp\/v2\/product\/4725\/revisions"}],"predecessor-version":[{"id":7600,"href":"https:\/\/my-dune.com\/fr\/wp-json\/wp\/v2\/product\/4725\/revisions\/7600"}],"wp:featuredmedia":[{"embeddable":true,"href":"https:\/\/my-dune.com\/fr\/wp-json\/wp\/v2\/media\/7445"}],"wp:attachment":[{"href":"https:\/\/my-dune.com\/fr\/wp-json\/wp\/v2\/media?parent=4725"}],"wp:term":[{"taxonomy":"product_brand","embeddable":true,"href":"https:\/\/my-dune.com\/fr\/wp-json\/wp\/v2\/product_brand?post=4725"},{"taxonomy":"product_cat","embeddable":true,"href":"https:\/\/my-dune.com\/fr\/wp-json\/wp\/v2\/product_cat?post=4725"},{"taxonomy":"product_tag","embeddable":true,"href":"https:\/\/my-dune.com\/fr\/wp-json\/wp\/v2\/product_tag?post=4725"}],"curies":[{"name":"wp","href":"https:\/\/api.w.org\/{rel}","templated":true}]}}