{"id":4722,"date":"2023-07-05T10:25:05","date_gmt":"2023-07-05T08:25:05","guid":{"rendered":"https:\/\/dune.xanelabs.com\/tienda\/wakesurf-metis\/"},"modified":"2024-07-17T19:17:21","modified_gmt":"2024-07-17T17:17:21","slug":"wakesurf-metis","status":"publish","type":"product","link":"https:\/\/my-dune.com\/fr\/boutique\/wakesurf-metis\/","title":{"rendered":"Wakesurf METIS"},"content":{"rendered":"<p><strong>Le Metis est \u00e0 la limite entre un skim radical et un surf stable. <\/strong><\/p>\n<p><span style=\"font-weight: 400;\">Pr\u00e9pare-toi \u00e0 un ride vraiment diff\u00e9rent !<\/span><\/p>\n<p><span style=\"font-weight: 400;\">Fin setup: twin futures fins SB3.<\/span><\/p>\n<h4><\/h4>\n<p>&nbsp;<\/p>\n<h4><strong>Caract\u00e9ristiques :<\/strong><\/h4>\n<p>&nbsp;<\/p>\n<ul>\n<li style=\"font-weight: 400;\" aria-level=\"1\">Mousse PVC r\u00e9sitant et imperm\u00e9able.<\/li>\n<li aria-level=\"1\">Stratifi\u00e9 sous vide.<\/li>\n<li aria-level=\"1\">Sanded Deck.<\/li>\n<li aria-level=\"1\">29% de r\u00e9sine \u00e9poxy organique, fibre de verre et stringers carbone.<\/li>\n<li aria-level=\"1\">Pads Stance : grip technique pour un meilleur contr\u00f4le de ta planche.<\/li>\n<\/ul>\n<p>&nbsp;<\/p>\n<p>&nbsp;<\/p>\n<h4>Tableau des tailles :<\/h4>\n<table style=\"height: 182px;\" width=\"714\">\n<thead>\n<tr>\n<th>Taille<\/th>\n<th><b>Mesures<\/b><\/th>\n<th><b>Rider<\/b><\/th>\n<\/tr>\n<\/thead>\n<tbody>\n<tr>\n<td>M<\/td>\n<td>138&#215;52 cm<br \/>\n<span style=\"font-weight: 400;\">4&rsquo;6\u00a0\u00bb x 20.5\u00a0\u00bb<\/span><\/td>\n<td><span style=\"font-weight: 400;\">60-80 Kg.<\/span><\/td>\n<\/tr>\n<tr>\n<td>XL<\/td>\n<td>145&#215;54 cm<br \/>\n<span style=\"font-weight: 400;\">4&rsquo;9\u00a0\u00bb x 21.5\u00a0\u00bb<\/span><\/td>\n<td><span style=\"font-weight: 400;\">80-110 Kg.<\/span><\/td>\n<\/tr>\n<\/tbody>\n<\/table>\n<p>&nbsp;<\/p>\n","protected":false},"excerpt":{"rendered":"<p>Le Metis est \u00e0 la limite entre un skim radical et un surf stable. Pr\u00e9pare-toi \u00e0 un ride vraiment diff\u00e9rent ! Fin setup: twin futures fins SB3. &nbsp; Caract\u00e9ristiques : &nbsp; Mousse PVC r\u00e9sitant et imperm\u00e9able. Stratifi\u00e9 sous vide. Sanded Deck. 29% de r\u00e9sine \u00e9poxy organique, fibre de verre et stringers carbone. Pads Stance : [&hellip;]<\/p>\n","protected":false},"featured_media":4213,"template":"","meta":{"_seopress_robots_primary_cat":"","_seopress_titles_title":"","_seopress_titles_desc":"","_seopress_robots_index":""},"product_brand":[],"product_cat":[137],"product_tag":[149],"class_list":{"0":"post-4722","1":"product","2":"type-product","3":"status-publish","4":"has-post-thumbnail","6":"product_cat-planches-de-wakesurf","7":"product_tag-wakesurf-different","9":"first","10":"instock","11":"taxable","12":"shipping-taxable","13":"purchasable","14":"product-type-variable"},"_links":{"self":[{"href":"https:\/\/my-dune.com\/fr\/wp-json\/wp\/v2\/product\/4722","targetHints":{"allow":["GET"]}}],"collection":[{"href":"https:\/\/my-dune.com\/fr\/wp-json\/wp\/v2\/product"}],"about":[{"href":"https:\/\/my-dune.com\/fr\/wp-json\/wp\/v2\/types\/product"}],"version-history":[{"count":1,"href":"https:\/\/my-dune.com\/fr\/wp-json\/wp\/v2\/product\/4722\/revisions"}],"predecessor-version":[{"id":5326,"href":"https:\/\/my-dune.com\/fr\/wp-json\/wp\/v2\/product\/4722\/revisions\/5326"}],"wp:featuredmedia":[{"embeddable":true,"href":"https:\/\/my-dune.com\/fr\/wp-json\/wp\/v2\/media\/4213"}],"wp:attachment":[{"href":"https:\/\/my-dune.com\/fr\/wp-json\/wp\/v2\/media?parent=4722"}],"wp:term":[{"taxonomy":"product_brand","embeddable":true,"href":"https:\/\/my-dune.com\/fr\/wp-json\/wp\/v2\/product_brand?post=4722"},{"taxonomy":"product_cat","embeddable":true,"href":"https:\/\/my-dune.com\/fr\/wp-json\/wp\/v2\/product_cat?post=4722"},{"taxonomy":"product_tag","embeddable":true,"href":"https:\/\/my-dune.com\/fr\/wp-json\/wp\/v2\/product_tag?post=4722"}],"curies":[{"name":"wp","href":"https:\/\/api.w.org\/{rel}","templated":true}]}}