{"id":4713,"date":"2023-07-05T10:47:26","date_gmt":"2023-07-05T10:47:26","guid":{"rendered":"https:\/\/dune.xanelabs.com\/tienda\/wakesurf-mars-kid\/"},"modified":"2025-12-11T22:50:49","modified_gmt":"2025-12-11T21:50:49","slug":"wakesurf-mars-kid","status":"publish","type":"product","link":"https:\/\/my-dune.com\/fr\/boutique\/wakesurf-mars-kid\/","title":{"rendered":"Wakesurf MARS KID"},"content":{"rendered":"<p><strong>Tu verras ta prog\u00e9niture passer son premier 720 bien avant toi \ud83d\ude1b<\/strong><\/p>\n<p><span style=\"font-weight: 400;\">Le Mars Kid est le r\u00e9sultat d&rsquo;un long travail de d\u00e9veloppement sur un outline et un rocker sp\u00e9cifiques aux enfants. <\/span><\/p>\n<p><span style=\"font-weight: 400;\">Fin setup : single G10 (5 cm)<\/span><\/p>\n<h4><\/h4>\n<p>&nbsp;<\/p>\n<h4><strong>Caract\u00e9ristiques :<\/strong><\/h4>\n<p>&nbsp;<\/p>\n<ul>\n<li style=\"font-weight: 400;\" aria-level=\"1\"><span style=\"font-weight: 400;\">R\u00e9sine \u00e9poxy organique \u00e0 29 %.<\/span><\/li>\n<li style=\"font-weight: 400;\" aria-level=\"1\"><span style=\"font-weight: 400;\">Fibre de verre.<\/span><\/li>\n<li style=\"font-weight: 400;\" aria-level=\"1\"><span style=\"font-weight: 400;\">Bottom concave.<\/span><\/li>\n<li style=\"font-weight: 400;\" aria-level=\"1\"><span style=\"font-weight: 400;\">Mousse PVC r\u00e9sistante et imperm\u00e9able.<\/span><\/li>\n<li style=\"font-weight: 400;\" aria-level=\"1\"><span style=\"font-weight: 400;\">Stratifi\u00e9 sous vide.<\/span><\/li>\n<li style=\"font-weight: 400;\" aria-level=\"1\"><span style=\"font-weight: 400;\">Pads sur mesure d\u00e9velopp\u00e9es par l&rsquo;\u00e9quipe.<\/span><\/li>\n<\/ul>\n<p>&nbsp;<\/p>\n<h4>Tableau des tailles :<\/h4>\n<p>&nbsp;<\/p>\n<table style=\"height: 77px;\" width=\"732\">\n<thead>\n<tr>\n<th>Taille<\/th>\n<th><b>Mesure<\/b><\/th>\n<th><b>Cavalier<\/b><\/th>\n<\/tr>\n<\/thead>\n<tbody>\n<tr>\n<td>XXS<\/td>\n<td>108&#215;44\u00d71,5 cm.<br \/>\n<span style=\"font-weight: 400;\">3&rsquo;8\u00a0\u00bb x 17,3\u00a0\u00bb x 0,67\u00a0\u00bb<\/span><\/td>\n<td><span style=\"font-weight: 400;\">20-35 kg.<\/span><\/td>\n<\/tr>\n<\/tbody>\n<\/table>\n<p>&nbsp;<\/p>\n","protected":false},"excerpt":{"rendered":"<p>Tu verras ta prog\u00e9niture passer son premier 720 bien avant toi \ud83d\ude1b Le Mars Kid est le r\u00e9sultat d&rsquo;un long travail de d\u00e9veloppement sur un outline et un rocker sp\u00e9cifiques aux enfants. Fin setup : single G10 (5 cm) &nbsp; Caract\u00e9ristiques : &nbsp; R\u00e9sine \u00e9poxy organique \u00e0 29 %. Fibre de verre. Bottom concave. Mousse [&hellip;]<\/p>\n","protected":false},"featured_media":4377,"template":"","meta":{"_seopress_robots_primary_cat":"none","_seopress_titles_title":"","_seopress_titles_desc":"","_seopress_robots_index":""},"product_brand":[],"product_cat":[137],"product_tag":[162,123],"class_list":{"0":"post-4713","1":"product","2":"type-product","3":"status-publish","4":"has-post-thumbnail","6":"product_cat-planches-de-wakesurf","7":"product_tag-leger","8":"product_tag-wakesurf-fr","10":"first","11":"instock","12":"taxable","13":"shipping-taxable","14":"purchasable","15":"product-type-variable","16":"has-default-attributes"},"_links":{"self":[{"href":"https:\/\/my-dune.com\/fr\/wp-json\/wp\/v2\/product\/4713","targetHints":{"allow":["GET"]}}],"collection":[{"href":"https:\/\/my-dune.com\/fr\/wp-json\/wp\/v2\/product"}],"about":[{"href":"https:\/\/my-dune.com\/fr\/wp-json\/wp\/v2\/types\/product"}],"version-history":[{"count":2,"href":"https:\/\/my-dune.com\/fr\/wp-json\/wp\/v2\/product\/4713\/revisions"}],"predecessor-version":[{"id":7437,"href":"https:\/\/my-dune.com\/fr\/wp-json\/wp\/v2\/product\/4713\/revisions\/7437"}],"wp:featuredmedia":[{"embeddable":true,"href":"https:\/\/my-dune.com\/fr\/wp-json\/wp\/v2\/media\/4377"}],"wp:attachment":[{"href":"https:\/\/my-dune.com\/fr\/wp-json\/wp\/v2\/media?parent=4713"}],"wp:term":[{"taxonomy":"product_brand","embeddable":true,"href":"https:\/\/my-dune.com\/fr\/wp-json\/wp\/v2\/product_brand?post=4713"},{"taxonomy":"product_cat","embeddable":true,"href":"https:\/\/my-dune.com\/fr\/wp-json\/wp\/v2\/product_cat?post=4713"},{"taxonomy":"product_tag","embeddable":true,"href":"https:\/\/my-dune.com\/fr\/wp-json\/wp\/v2\/product_tag?post=4713"}],"curies":[{"name":"wp","href":"https:\/\/api.w.org\/{rel}","templated":true}]}}