{"id":4710,"date":"2023-07-05T10:20:29","date_gmt":"2023-07-05T08:20:29","guid":{"rendered":"https:\/\/dune.xanelabs.com\/tienda\/wakesurf-mean\/"},"modified":"2024-07-08T09:57:22","modified_gmt":"2024-07-08T07:57:22","slug":"wakesurf-mean","status":"publish","type":"product","link":"https:\/\/my-dune.com\/fr\/boutique\/wakesurf-mean\/","title":{"rendered":"Wakesurf MEAN"},"content":{"rendered":"<p><span style=\"font-weight: 400;\">Gr\u00e2ce \u00e0 son shape stable, le Mean est facile, et te permet de surfer quelle que soit la taille de la vague.<\/span><\/p>\n<p><span style=\"font-weight: 400;\">Fin setup : twin futures fins SB3.<\/span><\/p>\n<h4><\/h4>\n<p>&nbsp;<\/p>\n<h4><strong>Caract\u00e9ristiques :<\/strong><\/h4>\n<p>&nbsp;<\/p>\n<ul>\n<li style=\"font-weight: 400;\" aria-level=\"1\">Mousse PVC r\u00e9sistante et imperm\u00e9able.<\/li>\n<li aria-level=\"1\">Stratifi\u00e9 sous vide.<\/li>\n<li aria-level=\"1\">Sanded Deck.<\/li>\n<li aria-level=\"1\">29% de r\u00e9sine \u00e9poxy organique, fibre de verre et stringers carbone.<\/li>\n<li aria-level=\"1\">Pads Stance : grip technique pour un meilleur contr\u00f4le de ta planche.<\/li>\n<\/ul>\n<p>&nbsp;<\/p>\n<p>&nbsp;<\/p>\n<p>&nbsp;<\/p>\n<h4>Tableau des tailles :<\/h4>\n<p>&nbsp;<\/p>\n<table style=\"height: 364px;\" width=\"718\">\n<thead>\n<tr>\n<th>Taille<\/th>\n<th><b>Mesures<\/b><\/th>\n<th><b>Rider<\/b><\/th>\n<\/tr>\n<\/thead>\n<tbody>\n<tr>\n<td>S<\/td>\n<td>133 x 49 cm.<br \/>\n<span style=\"font-weight: 400;\">4&rsquo;4\u00a0\u00bb x 19.3\u00a0\u00bb<\/span><\/td>\n<td><span style=\"font-weight: 400;\">50-70 Kg.<\/span><\/td>\n<\/tr>\n<tr>\n<td>M<\/td>\n<td>137 x 50 cm<br \/>\n<span style=\"font-weight: 400;\">4&rsquo;6\u00a0\u00bb x 19.7\u00a0\u00bb<\/span><\/td>\n<td><span style=\"font-weight: 400;\">60-85 Kg.<\/span><\/td>\n<\/tr>\n<tr>\n<td>L<\/td>\n<td>142&#215;51 cm<br \/>\n<span style=\"font-weight: 400;\">4&rsquo;8\u00a0\u00bb x 20\u00a0\u00bb<\/span><\/td>\n<td><span style=\"font-weight: 400;\">70-100 Kg.<\/span><\/td>\n<\/tr>\n<\/tbody>\n<\/table>\n<p>&nbsp;<\/p>\n","protected":false},"excerpt":{"rendered":"<p>Gr\u00e2ce \u00e0 son shape stable, le Mean est facile, et te permet de surfer quelle que soit la taille de la vague. Fin setup : twin futures fins SB3. &nbsp; Caract\u00e9ristiques : &nbsp; Mousse PVC r\u00e9sistante et imperm\u00e9able. Stratifi\u00e9 sous vide. Sanded Deck. 29% de r\u00e9sine \u00e9poxy organique, fibre de verre et stringers carbone. Pads [&hellip;]<\/p>\n","protected":false},"featured_media":4381,"template":"","meta":{"_seopress_robots_primary_cat":"","_seopress_titles_title":"","_seopress_titles_desc":"","_seopress_robots_index":""},"product_brand":[],"product_cat":[137],"product_tag":[138,149],"class_list":{"0":"post-4710","1":"product","2":"type-product","3":"status-publish","4":"has-post-thumbnail","6":"product_cat-planches-de-wakesurf","7":"product_tag-hybride","8":"product_tag-wakesurf-different","10":"first","11":"instock","12":"taxable","13":"shipping-taxable","14":"purchasable","15":"product-type-variable"},"_links":{"self":[{"href":"https:\/\/my-dune.com\/fr\/wp-json\/wp\/v2\/product\/4710","targetHints":{"allow":["GET"]}}],"collection":[{"href":"https:\/\/my-dune.com\/fr\/wp-json\/wp\/v2\/product"}],"about":[{"href":"https:\/\/my-dune.com\/fr\/wp-json\/wp\/v2\/types\/product"}],"version-history":[{"count":1,"href":"https:\/\/my-dune.com\/fr\/wp-json\/wp\/v2\/product\/4710\/revisions"}],"predecessor-version":[{"id":5324,"href":"https:\/\/my-dune.com\/fr\/wp-json\/wp\/v2\/product\/4710\/revisions\/5324"}],"wp:featuredmedia":[{"embeddable":true,"href":"https:\/\/my-dune.com\/fr\/wp-json\/wp\/v2\/media\/4381"}],"wp:attachment":[{"href":"https:\/\/my-dune.com\/fr\/wp-json\/wp\/v2\/media?parent=4710"}],"wp:term":[{"taxonomy":"product_brand","embeddable":true,"href":"https:\/\/my-dune.com\/fr\/wp-json\/wp\/v2\/product_brand?post=4710"},{"taxonomy":"product_cat","embeddable":true,"href":"https:\/\/my-dune.com\/fr\/wp-json\/wp\/v2\/product_cat?post=4710"},{"taxonomy":"product_tag","embeddable":true,"href":"https:\/\/my-dune.com\/fr\/wp-json\/wp\/v2\/product_tag?post=4710"}],"curies":[{"name":"wp","href":"https:\/\/api.w.org\/{rel}","templated":true}]}}