{"id":4706,"date":"2023-07-05T10:18:11","date_gmt":"2023-07-05T08:18:11","guid":{"rendered":"https:\/\/dune.xanelabs.com\/tienda\/wakesurf-x-over\/"},"modified":"2024-07-17T19:15:02","modified_gmt":"2024-07-17T17:15:02","slug":"wakesurf-x-over","status":"publish","type":"product","link":"https:\/\/my-dune.com\/fr\/boutique\/wakesurf-x-over\/","title":{"rendered":"Wakesurf X OVER"},"content":{"rendered":"<p><span style=\"font-weight: 400;\">La X OVER marque le d\u00e9but d&rsquo;une nouvelle g\u00e9n\u00e9ration de surfstyle : rapide, facile \u00e0 manier et avec du volume. Cette planche vous permettra d&rsquo;\u00e9tendre votre pratique du surf !<\/span><\/p>\n<p><span style=\"font-weight: 400;\">Fin setup: twins Futures Fins SB1 Alpha Serie Carbon <\/span><\/p>\n<p><span style=\"font-weight: 400;\">\u00c9paisseur = 3,2 ou 4 cm \/\/ 1,3\u00a0\u00bb ou 1,6\u00a0\u00bb.<\/span><\/p>\n<h4><\/h4>\n<p>&nbsp;<\/p>\n<h4><strong>Caract\u00e9ristiques :<\/strong><\/h4>\n<p>&nbsp;<\/p>\n<ul>\n<li aria-level=\"1\">Full Carbon.<\/li>\n<li aria-level=\"1\">R\u00e9sine \u00e9poxy organique \u00e0 29%.<\/li>\n<li style=\"font-weight: 400;\" aria-level=\"1\">Mousse EPS 30Kg\/m\u00b3.<\/li>\n<li aria-level=\"1\">Bottom concave.<\/li>\n<li aria-level=\"1\">Stratifi\u00e9 sous vide.<\/li>\n<li aria-level=\"1\">Sanded Deck.<\/li>\n<li aria-level=\"1\">Valve de d\u00e9compression automatique.<\/li>\n<li aria-level=\"1\">Pads Stance : grip technique pour un meilleur contr\u00f4le de ta planche.<\/li>\n<\/ul>\n<p>&nbsp;<\/p>\n<p>&nbsp;<\/p>\n<h4>Tableau des tailles :<\/h4>\n<table style=\"height: 60px;\" width=\"707\">\n<thead>\n<tr>\n<th>Taille<\/th>\n<th><b>Mesures<\/b><\/th>\n<th><b>Rider<\/b><\/th>\n<\/tr>\n<\/thead>\n<tbody>\n<tr>\n<td style=\"text-align: center;\">M<\/td>\n<td>134&#215;52 cm.<\/td>\n<td><span style=\"font-weight: 400;\">50-90 Kg.<\/span><\/td>\n<\/tr>\n<\/tbody>\n<\/table>\n<p>&nbsp;<\/p>\n","protected":false},"excerpt":{"rendered":"<p>La X OVER marque le d\u00e9but d&rsquo;une nouvelle g\u00e9n\u00e9ration de surfstyle : rapide, facile \u00e0 manier et avec du volume. Cette planche vous permettra d&rsquo;\u00e9tendre votre pratique du surf ! Fin setup: twins Futures Fins SB1 Alpha Serie Carbon \u00c9paisseur = 3,2 ou 4 cm \/\/ 1,3\u00a0\u00bb ou 1,6\u00a0\u00bb. &nbsp; Caract\u00e9ristiques : &nbsp; Full Carbon. [&hellip;]<\/p>\n","protected":false},"featured_media":4217,"template":"","meta":{"_seopress_robots_primary_cat":"","_seopress_titles_title":"","_seopress_titles_desc":"","_seopress_robots_index":""},"product_brand":[],"product_cat":[137],"product_tag":[154],"class_list":{"0":"post-4706","1":"product","2":"type-product","3":"status-publish","4":"has-post-thumbnail","6":"product_cat-planches-de-wakesurf","7":"product_tag-surfstyle-fr","9":"first","10":"instock","11":"taxable","12":"shipping-taxable","13":"purchasable","14":"product-type-variable"},"_links":{"self":[{"href":"https:\/\/my-dune.com\/fr\/wp-json\/wp\/v2\/product\/4706","targetHints":{"allow":["GET"]}}],"collection":[{"href":"https:\/\/my-dune.com\/fr\/wp-json\/wp\/v2\/product"}],"about":[{"href":"https:\/\/my-dune.com\/fr\/wp-json\/wp\/v2\/types\/product"}],"version-history":[{"count":5,"href":"https:\/\/my-dune.com\/fr\/wp-json\/wp\/v2\/product\/4706\/revisions"}],"predecessor-version":[{"id":5494,"href":"https:\/\/my-dune.com\/fr\/wp-json\/wp\/v2\/product\/4706\/revisions\/5494"}],"wp:featuredmedia":[{"embeddable":true,"href":"https:\/\/my-dune.com\/fr\/wp-json\/wp\/v2\/media\/4217"}],"wp:attachment":[{"href":"https:\/\/my-dune.com\/fr\/wp-json\/wp\/v2\/media?parent=4706"}],"wp:term":[{"taxonomy":"product_brand","embeddable":true,"href":"https:\/\/my-dune.com\/fr\/wp-json\/wp\/v2\/product_brand?post=4706"},{"taxonomy":"product_cat","embeddable":true,"href":"https:\/\/my-dune.com\/fr\/wp-json\/wp\/v2\/product_cat?post=4706"},{"taxonomy":"product_tag","embeddable":true,"href":"https:\/\/my-dune.com\/fr\/wp-json\/wp\/v2\/product_tag?post=4706"}],"curies":[{"name":"wp","href":"https:\/\/api.w.org\/{rel}","templated":true}]}}