{"id":4703,"date":"2023-07-05T12:07:13","date_gmt":"2023-07-05T10:07:13","guid":{"rendered":"https:\/\/dune.xanelabs.com\/tienda\/wakesurf-magic-carpet\/"},"modified":"2024-07-17T19:29:45","modified_gmt":"2024-07-17T17:29:45","slug":"wakesurf-magic-carpet","status":"publish","type":"product","link":"https:\/\/my-dune.com\/fr\/boutique\/wakesurf-magic-carpet\/","title":{"rendered":"Wakesurf MAGIC CARPET"},"content":{"rendered":"<p><strong>C&rsquo;est la board \u00e0 avoir sur son bateau !<\/strong><\/p>\n<p><span style=\"font-weight: 400;\">La MAGIC CARPET est le wakesurf \u00e9volutif de notre gamme, il vous permettra d&rsquo;apprendre les bases et de progresser tranquillement.<\/span><\/p>\n<p><span style=\"font-weight: 400;\">Fin setup : twin G10 (5cm)<\/span><\/p>\n<h4><\/h4>\n<p>&nbsp;<\/p>\n<h4><strong>Caract\u00e9ristiques :<\/strong><\/h4>\n<ul>\n<li style=\"font-weight: 400;\" aria-level=\"1\">Mousse PVC r\u00e9sitant et imperm\u00e9able.<\/li>\n<li aria-level=\"1\">Stratifi\u00e9 sous vide.<\/li>\n<li aria-level=\"1\">Sanded Deck.<\/li>\n<li aria-level=\"1\">29% de r\u00e9sine \u00e9poxy organique, fibre de verre et stringers carbone.<\/li>\n<li aria-level=\"1\">Inserts pour foot straps (option).<\/li>\n<li aria-level=\"1\">Pads Stance : grip technique pour un meilleur contr\u00f4le de ta planche.<\/li>\n<\/ul>\n<p>&nbsp;<\/p>\n<p>&nbsp;<\/p>\n<h4>Tableau des tailles :<\/h4>\n<table style=\"height: 115px;\" width=\"716\">\n<thead>\n<tr>\n<th>Taille<\/th>\n<th><b>Mesures<\/b><\/th>\n<th><b>Rider<\/b><\/th>\n<\/tr>\n<\/thead>\n<tbody>\n<tr>\n<td>ML<\/td>\n<td>140x52X2,5 cm.<br \/>\n<span style=\"font-weight: 400;\">4&rsquo;7\u00a0\u00bb x 20.5\u00a0\u00bb x 1\u00a0\u00bb<\/span><\/td>\n<td><span style=\"font-weight: 400;\">55-90 Kg.<\/span><\/td>\n<\/tr>\n<\/tbody>\n<\/table>\n<p>&nbsp;<\/p>\n","protected":false},"excerpt":{"rendered":"<p>C&rsquo;est la board \u00e0 avoir sur son bateau ! La MAGIC CARPET est le wakesurf \u00e9volutif de notre gamme, il vous permettra d&rsquo;apprendre les bases et de progresser tranquillement. Fin setup : twin G10 (5cm) &nbsp; Caract\u00e9ristiques : Mousse PVC r\u00e9sitant et imperm\u00e9able. Stratifi\u00e9 sous vide. Sanded Deck. 29% de r\u00e9sine \u00e9poxy organique, fibre de [&hellip;]<\/p>\n","protected":false},"featured_media":5501,"template":"","meta":{"_seopress_robots_primary_cat":"","_seopress_titles_title":"","_seopress_titles_desc":"","_seopress_robots_index":""},"product_brand":[],"product_cat":[137],"product_tag":[148,138,149],"class_list":{"0":"post-4703","1":"product","2":"type-product","3":"status-publish","4":"has-post-thumbnail","6":"product_cat-planches-de-wakesurf","7":"product_tag-famille","8":"product_tag-hybride","9":"product_tag-wakesurf-different","11":"first","12":"instock","13":"taxable","14":"shipping-taxable","15":"purchasable","16":"product-type-simple"},"_links":{"self":[{"href":"https:\/\/my-dune.com\/fr\/wp-json\/wp\/v2\/product\/4703","targetHints":{"allow":["GET"]}}],"collection":[{"href":"https:\/\/my-dune.com\/fr\/wp-json\/wp\/v2\/product"}],"about":[{"href":"https:\/\/my-dune.com\/fr\/wp-json\/wp\/v2\/types\/product"}],"version-history":[{"count":2,"href":"https:\/\/my-dune.com\/fr\/wp-json\/wp\/v2\/product\/4703\/revisions"}],"predecessor-version":[{"id":5502,"href":"https:\/\/my-dune.com\/fr\/wp-json\/wp\/v2\/product\/4703\/revisions\/5502"}],"wp:featuredmedia":[{"embeddable":true,"href":"https:\/\/my-dune.com\/fr\/wp-json\/wp\/v2\/media\/5501"}],"wp:attachment":[{"href":"https:\/\/my-dune.com\/fr\/wp-json\/wp\/v2\/media?parent=4703"}],"wp:term":[{"taxonomy":"product_brand","embeddable":true,"href":"https:\/\/my-dune.com\/fr\/wp-json\/wp\/v2\/product_brand?post=4703"},{"taxonomy":"product_cat","embeddable":true,"href":"https:\/\/my-dune.com\/fr\/wp-json\/wp\/v2\/product_cat?post=4703"},{"taxonomy":"product_tag","embeddable":true,"href":"https:\/\/my-dune.com\/fr\/wp-json\/wp\/v2\/product_tag?post=4703"}],"curies":[{"name":"wp","href":"https:\/\/api.w.org\/{rel}","templated":true}]}}