{"id":4702,"date":"2023-07-05T13:11:36","date_gmt":"2023-07-05T11:11:36","guid":{"rendered":"https:\/\/dune.xanelabs.com\/tienda\/riverskim-jil\/"},"modified":"2024-07-07T19:25:27","modified_gmt":"2024-07-07T17:25:27","slug":"riverskim-jil","status":"publish","type":"product","link":"https:\/\/my-dune.com\/fr\/boutique\/riverskim-jil\/","title":{"rendered":"Riverskim JIL"},"content":{"rendered":"<p><span style=\"font-weight: 400;\">La JIL est un riverskim d\u00e9di\u00e9 aux vagues statiques artificielles L\u2019ensemble des param\u00e8tres de son shape a \u00e9t\u00e9 d\u00e9velopp\u00e9 pour ces vagues si particuli\u00e8res comme City Waves, Hydro stadium, Unit et American wave machine (surfstream technology).<\/span><\/p>\n<h4><\/h4>\n<p>&nbsp;<\/p>\n<h4><strong>Caract\u00e9ristiques :<\/strong><\/h4>\n<p>&nbsp;<\/p>\n<ul>\n<li aria-level=\"1\">R\u00e9sine \u00e9poxy organique \u00e0 29%.<\/li>\n<li style=\"font-weight: 400;\" aria-level=\"1\">Full carbon.<\/li>\n<li aria-level=\"1\">Rails en bois pour une meilleure durabilit\u00e9.<\/li>\n<li aria-level=\"1\">Bottom concave.<\/li>\n<li aria-level=\"1\">Mousse PVC r\u00e9sistante et imperm\u00e9able.<\/li>\n<li aria-level=\"1\">stratifi\u00e9 sous vide.<\/li>\n<li aria-level=\"1\">Pads sur mesure d\u00e9velopp\u00e9es par l&rsquo;\u00e9quipe.<\/li>\n<li aria-level=\"1\">Leash plug<\/li>\n<\/ul>\n<p>&nbsp;<\/p>\n<p>&nbsp;<\/p>\n<p>&nbsp;<\/p>\n<table style=\"height: 81px;\" width=\"715\">\n<thead>\n<tr>\n<th>Taille<\/th>\n<th><b>Mesures<\/b><\/th>\n<th><b>Rider<\/b><\/th>\n<\/tr>\n<\/thead>\n<tbody>\n<tr>\n<td>M<\/td>\n<td>129&#215;52,5&#215;1,7 cm.<\/td>\n<td><span style=\"font-weight: 400;\">50-80 Kg.<\/span><\/td>\n<\/tr>\n<\/tbody>\n<\/table>\n<p>&nbsp;<\/p>\n","protected":false},"excerpt":{"rendered":"<p>La JIL est un riverskim d\u00e9di\u00e9 aux vagues statiques artificielles L\u2019ensemble des param\u00e8tres de son shape a \u00e9t\u00e9 d\u00e9velopp\u00e9 pour ces vagues si particuli\u00e8res comme City Waves, Hydro stadium, Unit et American wave machine (surfstream technology). &nbsp; Caract\u00e9ristiques : &nbsp; R\u00e9sine \u00e9poxy organique \u00e0 29%. Full carbon. Rails en bois pour une meilleure durabilit\u00e9. Bottom [&hellip;]<\/p>\n","protected":false},"featured_media":3815,"template":"","meta":{"_seopress_robots_primary_cat":"","_seopress_titles_title":"","_seopress_titles_desc":"","_seopress_robots_index":""},"product_brand":[],"product_cat":[146],"product_tag":[147],"class_list":{"0":"post-4702","1":"product","2":"type-product","3":"status-publish","4":"has-post-thumbnail","6":"product_cat-riverskim-fr","7":"product_tag-statique","9":"first","10":"instock","11":"taxable","12":"shipping-taxable","13":"purchasable","14":"product-type-simple"},"_links":{"self":[{"href":"https:\/\/my-dune.com\/fr\/wp-json\/wp\/v2\/product\/4702","targetHints":{"allow":["GET"]}}],"collection":[{"href":"https:\/\/my-dune.com\/fr\/wp-json\/wp\/v2\/product"}],"about":[{"href":"https:\/\/my-dune.com\/fr\/wp-json\/wp\/v2\/types\/product"}],"version-history":[{"count":2,"href":"https:\/\/my-dune.com\/fr\/wp-json\/wp\/v2\/product\/4702\/revisions"}],"predecessor-version":[{"id":5315,"href":"https:\/\/my-dune.com\/fr\/wp-json\/wp\/v2\/product\/4702\/revisions\/5315"}],"wp:featuredmedia":[{"embeddable":true,"href":"https:\/\/my-dune.com\/fr\/wp-json\/wp\/v2\/media\/3815"}],"wp:attachment":[{"href":"https:\/\/my-dune.com\/fr\/wp-json\/wp\/v2\/media?parent=4702"}],"wp:term":[{"taxonomy":"product_brand","embeddable":true,"href":"https:\/\/my-dune.com\/fr\/wp-json\/wp\/v2\/product_brand?post=4702"},{"taxonomy":"product_cat","embeddable":true,"href":"https:\/\/my-dune.com\/fr\/wp-json\/wp\/v2\/product_cat?post=4702"},{"taxonomy":"product_tag","embeddable":true,"href":"https:\/\/my-dune.com\/fr\/wp-json\/wp\/v2\/product_tag?post=4702"}],"curies":[{"name":"wp","href":"https:\/\/api.w.org\/{rel}","templated":true}]}}