{"id":4699,"date":"2023-07-05T12:13:36","date_gmt":"2023-07-05T10:13:36","guid":{"rendered":"https:\/\/dune.xanelabs.com\/tienda\/wakesurfing-magic-carpet-foil\/"},"modified":"2024-07-08T09:21:50","modified_gmt":"2024-07-08T07:21:50","slug":"wakesurfing-magic-carpet-foil","status":"publish","type":"product","link":"https:\/\/my-dune.com\/fr\/boutique\/wakesurfing-magic-carpet-foil\/","title":{"rendered":"Wakesurf MAGIC CARPET FOIL"},"content":{"rendered":"<p><strong>Fixe un foil et vole au-dessus de l&rsquo;eau, ou monte 2 ailerons G10 et ride en wakesurf !<\/strong><\/p>\n<p><span style=\"font-weight: 400;\">La MAGIC CARPET FOIL te permettra de rider de 2 mani\u00e8re diff\u00e9rentes.<\/span><\/p>\n<p><span style=\"font-weight: 400;\">FIN setup : twin G10 (5cm).<\/span><\/p>\n<p><span style=\"font-weight: 400;\">Foil Track system for top plate (9cm width).<\/span><\/p>\n<h4><\/h4>\n<p>&nbsp;<\/p>\n<h4><strong>Caract\u00e9ristiques :<\/strong><\/h4>\n<ul>\n<li style=\"font-weight: 400;\" aria-level=\"1\">Mousse PVC r\u00e9sistante et imperm\u00e9able.<\/li>\n<li aria-level=\"1\">Stratifi\u00e9 sous vide.<\/li>\n<li aria-level=\"1\">Sanded Deck.<\/li>\n<li aria-level=\"1\">29% de r\u00e9sine \u00e9poxy organique, fibre de verre et stringers carbone.<\/li>\n<li aria-level=\"1\">Inserts pour footstrap (option).<\/li>\n<li aria-level=\"1\">Pads Stance : grip technique pour un meilleur contr\u00f4le de ta planche.<\/li>\n<\/ul>\n<p>&nbsp;<\/p>\n<p>&nbsp;<\/p>\n<h4>Tableau des tailles :<\/h4>\n<table style=\"height: 106px;\" width=\"715\">\n<thead>\n<tr>\n<th>Taille<\/th>\n<th><b>Mesures<\/b><\/th>\n<th><b>rider<\/b><\/th>\n<\/tr>\n<\/thead>\n<tbody>\n<tr>\n<td>ML<\/td>\n<td>140x52x2,5 cm.<br \/>\n<span style=\"font-weight: 400;\">4&rsquo;7\u00a0\u00bb x 20.5\u00a0\u00bb x 1\u00a0\u00bb<\/span><\/td>\n<td><span style=\"font-weight: 400;\">55-90 Kg.<\/span><\/td>\n<\/tr>\n<\/tbody>\n<\/table>\n<p>&nbsp;<\/p>\n","protected":false},"excerpt":{"rendered":"<p>Fixe un foil et vole au-dessus de l&rsquo;eau, ou monte 2 ailerons G10 et ride en wakesurf ! La MAGIC CARPET FOIL te permettra de rider de 2 mani\u00e8re diff\u00e9rentes. FIN setup : twin G10 (5cm). Foil Track system for top plate (9cm width). &nbsp; Caract\u00e9ristiques : Mousse PVC r\u00e9sistante et imperm\u00e9able. Stratifi\u00e9 sous vide. [&hellip;]<\/p>\n","protected":false},"featured_media":4387,"template":"","meta":{"_seopress_robots_primary_cat":"","_seopress_titles_title":"","_seopress_titles_desc":"","_seopress_robots_index":""},"product_brand":[],"product_cat":[137],"product_tag":[138,139],"class_list":{"0":"post-4699","1":"product","2":"type-product","3":"status-publish","4":"has-post-thumbnail","6":"product_cat-planches-de-wakesurf","7":"product_tag-hybride","8":"product_tag-wakefoil-fr","10":"first","11":"instock","12":"taxable","13":"shipping-taxable","14":"purchasable","15":"product-type-simple"},"_links":{"self":[{"href":"https:\/\/my-dune.com\/fr\/wp-json\/wp\/v2\/product\/4699","targetHints":{"allow":["GET"]}}],"collection":[{"href":"https:\/\/my-dune.com\/fr\/wp-json\/wp\/v2\/product"}],"about":[{"href":"https:\/\/my-dune.com\/fr\/wp-json\/wp\/v2\/types\/product"}],"version-history":[{"count":1,"href":"https:\/\/my-dune.com\/fr\/wp-json\/wp\/v2\/product\/4699\/revisions"}],"predecessor-version":[{"id":5320,"href":"https:\/\/my-dune.com\/fr\/wp-json\/wp\/v2\/product\/4699\/revisions\/5320"}],"wp:featuredmedia":[{"embeddable":true,"href":"https:\/\/my-dune.com\/fr\/wp-json\/wp\/v2\/media\/4387"}],"wp:attachment":[{"href":"https:\/\/my-dune.com\/fr\/wp-json\/wp\/v2\/media?parent=4699"}],"wp:term":[{"taxonomy":"product_brand","embeddable":true,"href":"https:\/\/my-dune.com\/fr\/wp-json\/wp\/v2\/product_brand?post=4699"},{"taxonomy":"product_cat","embeddable":true,"href":"https:\/\/my-dune.com\/fr\/wp-json\/wp\/v2\/product_cat?post=4699"},{"taxonomy":"product_tag","embeddable":true,"href":"https:\/\/my-dune.com\/fr\/wp-json\/wp\/v2\/product_tag?post=4699"}],"curies":[{"name":"wp","href":"https:\/\/api.w.org\/{rel}","templated":true}]}}