{"id":4695,"date":"2023-07-05T14:23:45","date_gmt":"2023-07-05T14:23:45","guid":{"rendered":"https:\/\/dune.xanelabs.com\/tienda\/skimboard-lagoa\/"},"modified":"2025-12-11T23:06:52","modified_gmt":"2025-12-11T22:06:52","slug":"skimboard-lagoa","status":"publish","type":"product","link":"https:\/\/my-dune.com\/fr\/boutique\/skimboard-lagoa\/","title":{"rendered":"Skimboard LAGOA"},"content":{"rendered":"<p><span style=\"font-weight: 400;\">La LAGOA est con\u00e7ue pour dynamiser ton niveau : son shape rapide et sa construction haut de gamme rendent ce skim imbattable.<\/span><\/p>\n<p><span style=\"font-weight: 400;\">Profite du configurateur pour cr\u00e9er un skimboard 100% custom.<\/span><\/p>\n<p>&nbsp;<\/p>\n<h4><strong>Caract\u00e9ristiques :<\/strong><\/h4>\n<ul>\n<li style=\"font-weight: 400;\" aria-level=\"1\"><span style=\"font-weight: 400;\">Full carbon.<\/span><\/li>\n<li style=\"font-weight: 400;\" aria-level=\"1\"><span style=\"font-weight: 400;\">R\u00e9sine \u00e9poxy organique \u00e0 29%.<\/span><\/li>\n<li style=\"font-weight: 400;\" aria-level=\"1\"><span style=\"font-weight: 400;\">Mousse PVC r\u00e9sistante et imperm\u00e9able de 1,5 \u00e0 2 cm d&rsquo;\u00e9paisseur (option).<\/span><\/li>\n<li style=\"font-weight: 400;\" aria-level=\"1\"><span style=\"font-weight: 400;\">Rail boxy ou tapered.<\/span><\/li>\n<li style=\"font-weight: 400;\" aria-level=\"1\"><span style=\"font-weight: 400;\">Stratifi\u00e9 sous vide.<\/span><\/li>\n<li style=\"font-weight: 400;\" aria-level=\"1\"><span style=\"font-weight: 400;\">More glass (option).<\/span><\/li>\n<li style=\"font-weight: 400;\" aria-level=\"1\"><span style=\"font-weight: 400;\">Deck channels (option).<\/span><\/li>\n<li style=\"font-weight: 400;\" aria-level=\"1\"><span style=\"font-weight: 400;\">Bouchon de laisse (option).<\/span><\/li>\n<\/ul>\n<p>&nbsp;<\/p>\n<div class=\"elementor-element elementor-element-c261a6e eael-table-align-center eael-dt-th-align-left eael-dt-td-align-left elementor-widget elementor-widget-eael-data-table\" data-id=\"c261a6e\" data-element_type=\"widget\" data-settings=\"{\"ekit_we_effect_on\":\"none\"}\" data-widget_type=\"eael-data-table.default\">\n<div class=\"elementor-widget-container\"><\/div>\n<\/div>\n<p>&nbsp;<\/p>\n<p>&nbsp;<\/p>\n<table style=\"height: 364px;\" width=\"718\">\n<thead>\n<tr>\n<th>Taille<\/th>\n<th><b>Mesure<\/b><\/th>\n<th><b>Cavalier<\/b><\/th>\n<\/tr>\n<\/thead>\n<tbody>\n<tr>\n<td>S<\/td>\n<td>130\u00d751 cm.<\/td>\n<td><span style=\"font-weight: 400;\">140-160 cm.<\/span><\/p>\n<p><span style=\"font-weight: 400;\">45-60 kg.<\/span><\/td>\n<\/tr>\n<tr>\n<td>MS<\/td>\n<td>132\u00d751,5 cm.<\/td>\n<td><span style=\"font-weight: 400;\">150-170 cm.<\/span><\/p>\n<p><span style=\"font-weight: 400;\">50-65 kg<\/span><\/td>\n<\/tr>\n<tr>\n<td>M<\/td>\n<td>134\u00d752 cm.<\/td>\n<td><span style=\"font-weight: 400;\">155 &#8211; 180 cm.<\/span><\/p>\n<p><span style=\"font-weight: 400;\">55-80 kg.<\/span><\/td>\n<\/tr>\n<tr>\n<td>ML<\/td>\n<td>136\u00d752,5 cm.<\/td>\n<td><span style=\"font-weight: 400;\">170 &#8211; 190 cm.<\/span><\/p>\n<p><span style=\"font-weight: 400;\">65-90 kg.<\/span><\/td>\n<\/tr>\n<tr>\n<td>L<\/td>\n<td>138\u00d753 cm.<\/td>\n<td><span style=\"font-weight: 400;\">&gt;180 cm.<\/span><\/p>\n<p><span style=\"font-weight: 400;\">75-100 kg.<\/span><\/td>\n<\/tr>\n<tr>\n<td>XL<\/td>\n<td>140\u00d753,5 cm.<\/td>\n<td><span style=\"font-weight: 400;\">&gt;180 cm.<\/span><\/p>\n<p><span style=\"font-weight: 400;\">&gt;85 kg.<\/span><\/td>\n<\/tr>\n<\/tbody>\n<\/table>\n<p>&nbsp;<\/p>\n","protected":false},"excerpt":{"rendered":"<p>La LAGOA est con\u00e7ue pour dynamiser ton niveau : son shape rapide et sa construction haut de gamme rendent ce skim imbattable. Profite du configurateur pour cr\u00e9er un skimboard 100% custom. &nbsp; Caract\u00e9ristiques : Full carbon. R\u00e9sine \u00e9poxy organique \u00e0 29%. Mousse PVC r\u00e9sistante et imperm\u00e9able de 1,5 \u00e0 2 cm d&rsquo;\u00e9paisseur (option). Rail boxy [&hellip;]<\/p>\n","protected":false},"featured_media":7622,"template":"","meta":{"_seopress_robots_primary_cat":"none","_seopress_titles_title":"","_seopress_titles_desc":"","_seopress_robots_index":""},"product_brand":[],"product_cat":[133],"product_tag":[134,135,136],"class_list":{"0":"post-4695","1":"product","2":"type-product","3":"status-publish","4":"has-post-thumbnail","6":"product_cat-planches-skimboard","7":"product_tag-configurateur","8":"product_tag-evolutiva-fr","9":"product_tag-experimente","11":"first","12":"instock","13":"taxable","14":"shipping-taxable","15":"purchasable","16":"product-type-simple"},"_links":{"self":[{"href":"https:\/\/my-dune.com\/fr\/wp-json\/wp\/v2\/product\/4695","targetHints":{"allow":["GET"]}}],"collection":[{"href":"https:\/\/my-dune.com\/fr\/wp-json\/wp\/v2\/product"}],"about":[{"href":"https:\/\/my-dune.com\/fr\/wp-json\/wp\/v2\/types\/product"}],"version-history":[{"count":5,"href":"https:\/\/my-dune.com\/fr\/wp-json\/wp\/v2\/product\/4695\/revisions"}],"predecessor-version":[{"id":7454,"href":"https:\/\/my-dune.com\/fr\/wp-json\/wp\/v2\/product\/4695\/revisions\/7454"}],"wp:featuredmedia":[{"embeddable":true,"href":"https:\/\/my-dune.com\/fr\/wp-json\/wp\/v2\/media\/7622"}],"wp:attachment":[{"href":"https:\/\/my-dune.com\/fr\/wp-json\/wp\/v2\/media?parent=4695"}],"wp:term":[{"taxonomy":"product_brand","embeddable":true,"href":"https:\/\/my-dune.com\/fr\/wp-json\/wp\/v2\/product_brand?post=4695"},{"taxonomy":"product_cat","embeddable":true,"href":"https:\/\/my-dune.com\/fr\/wp-json\/wp\/v2\/product_cat?post=4695"},{"taxonomy":"product_tag","embeddable":true,"href":"https:\/\/my-dune.com\/fr\/wp-json\/wp\/v2\/product_tag?post=4695"}],"curies":[{"name":"wp","href":"https:\/\/api.w.org\/{rel}","templated":true}]}}