{"id":4689,"date":"2023-11-13T13:29:59","date_gmt":"2023-11-13T12:29:59","guid":{"rendered":"https:\/\/dune.xanelabs.com\/tienda\/archbar-oam-vert\/"},"modified":"2024-11-29T15:03:45","modified_gmt":"2024-11-29T14:03:45","slug":"archbar-oam-vert","status":"publish","type":"product","link":"https:\/\/my-dune.com\/fr\/boutique\/archbar-oam-vert\/","title":{"rendered":"Archbar OAM Vert"},"content":{"rendered":"<p>L&rsquo;archbar est l&rsquo;accessoire sp\u00e9cialement con\u00e7u pour votre skimboard. Cet \u00ab\u00a0anti-d\u00e9rapant\u00a0\u00bb en EVA vous permettra d&rsquo;avoir un appui solide. L&rsquo;arcbar est coll\u00e9 \u00e0 l&rsquo;avant de votre planche.<\/p>\n<div class=\"price\">\n<div>\n<ul class=\"specs\">\n<li>2 pi\u00e8ces<\/li>\n<li>Archbar<\/li>\n<\/ul>\n<\/div>\n<\/div>\n","protected":false},"excerpt":{"rendered":"<p>L&rsquo;archbar est l&rsquo;accessoire sp\u00e9cialement con\u00e7u pour votre skimboard. Cet \u00ab\u00a0anti-d\u00e9rapant\u00a0\u00bb en EVA vous permettra d&rsquo;avoir un appui solide. L&rsquo;arcbar est coll\u00e9 \u00e0 l&rsquo;avant de votre planche. 2 pi\u00e8ces Archbar<\/p>\n","protected":false},"featured_media":3975,"template":"","meta":{"_seopress_robots_primary_cat":"none","_seopress_titles_title":"","_seopress_titles_desc":"","_seopress_robots_index":""},"product_brand":[],"product_cat":[114],"product_tag":[129,127],"class_list":{"0":"post-4689","1":"product","2":"type-product","3":"status-publish","4":"has-post-thumbnail","6":"product_cat-pads","7":"product_tag-arceaux","8":"product_tag-skimboard-fr","10":"first","11":"instock","12":"sale","13":"taxable","14":"shipping-taxable","15":"purchasable","16":"product-type-simple"},"_links":{"self":[{"href":"https:\/\/my-dune.com\/fr\/wp-json\/wp\/v2\/product\/4689","targetHints":{"allow":["GET"]}}],"collection":[{"href":"https:\/\/my-dune.com\/fr\/wp-json\/wp\/v2\/product"}],"about":[{"href":"https:\/\/my-dune.com\/fr\/wp-json\/wp\/v2\/types\/product"}],"version-history":[{"count":1,"href":"https:\/\/my-dune.com\/fr\/wp-json\/wp\/v2\/product\/4689\/revisions"}],"predecessor-version":[{"id":6073,"href":"https:\/\/my-dune.com\/fr\/wp-json\/wp\/v2\/product\/4689\/revisions\/6073"}],"wp:featuredmedia":[{"embeddable":true,"href":"https:\/\/my-dune.com\/fr\/wp-json\/wp\/v2\/media\/3975"}],"wp:attachment":[{"href":"https:\/\/my-dune.com\/fr\/wp-json\/wp\/v2\/media?parent=4689"}],"wp:term":[{"taxonomy":"product_brand","embeddable":true,"href":"https:\/\/my-dune.com\/fr\/wp-json\/wp\/v2\/product_brand?post=4689"},{"taxonomy":"product_cat","embeddable":true,"href":"https:\/\/my-dune.com\/fr\/wp-json\/wp\/v2\/product_cat?post=4689"},{"taxonomy":"product_tag","embeddable":true,"href":"https:\/\/my-dune.com\/fr\/wp-json\/wp\/v2\/product_tag?post=4689"}],"curies":[{"name":"wp","href":"https:\/\/api.w.org\/{rel}","templated":true}]}}