{"id":4688,"date":"2023-10-13T12:43:31","date_gmt":"2023-10-13T10:43:31","guid":{"rendered":"https:\/\/dune.xanelabs.com\/tienda\/tailpad-oam-jay-davies-orange\/"},"modified":"2024-11-29T15:05:58","modified_gmt":"2024-11-29T14:05:58","slug":"tailpad-oam-jay-davies-orange","status":"publish","type":"product","link":"https:\/\/my-dune.com\/fr\/boutique\/tailpad-oam-jay-davies-orange\/","title":{"rendered":"Tailpad OAM Jay Davies Orange"},"content":{"rendered":"<p>Le tailpad est l&rsquo;accessoire indispensable pour votre planche. Cet \u00ab\u00a0anti-d\u00e9rapant\u00a0\u00bb en EVA vous permettra d&rsquo;avoir un appui solide. Le tailpad est coll\u00e9 \u00e0 l&rsquo;arri\u00e8re de votre planche.<\/p>\n<ul class=\"specs\">\n<li>3 pi\u00e8ces<\/li>\n<li>Archbar<\/li>\n<li>Queue de pie<\/li>\n<\/ul>\n","protected":false},"excerpt":{"rendered":"<p>Le tailpad est l&rsquo;accessoire indispensable pour votre planche. Cet \u00ab\u00a0anti-d\u00e9rapant\u00a0\u00bb en EVA vous permettra d&rsquo;avoir un appui solide. Le tailpad est coll\u00e9 \u00e0 l&rsquo;arri\u00e8re de votre planche. 3 pi\u00e8ces Archbar Queue de pie<\/p>\n","protected":false},"featured_media":3973,"template":"","meta":{"_seopress_robots_primary_cat":"none","_seopress_titles_title":"","_seopress_titles_desc":"","_seopress_robots_index":""},"product_brand":[],"product_cat":[114],"product_tag":[127],"class_list":{"0":"post-4688","1":"product","2":"type-product","3":"status-publish","4":"has-post-thumbnail","6":"product_cat-pads","7":"product_tag-skimboard-fr","9":"first","10":"instock","11":"sale","12":"taxable","13":"shipping-taxable","14":"purchasable","15":"product-type-simple"},"_links":{"self":[{"href":"https:\/\/my-dune.com\/fr\/wp-json\/wp\/v2\/product\/4688","targetHints":{"allow":["GET"]}}],"collection":[{"href":"https:\/\/my-dune.com\/fr\/wp-json\/wp\/v2\/product"}],"about":[{"href":"https:\/\/my-dune.com\/fr\/wp-json\/wp\/v2\/types\/product"}],"version-history":[{"count":1,"href":"https:\/\/my-dune.com\/fr\/wp-json\/wp\/v2\/product\/4688\/revisions"}],"predecessor-version":[{"id":6076,"href":"https:\/\/my-dune.com\/fr\/wp-json\/wp\/v2\/product\/4688\/revisions\/6076"}],"wp:featuredmedia":[{"embeddable":true,"href":"https:\/\/my-dune.com\/fr\/wp-json\/wp\/v2\/media\/3973"}],"wp:attachment":[{"href":"https:\/\/my-dune.com\/fr\/wp-json\/wp\/v2\/media?parent=4688"}],"wp:term":[{"taxonomy":"product_brand","embeddable":true,"href":"https:\/\/my-dune.com\/fr\/wp-json\/wp\/v2\/product_brand?post=4688"},{"taxonomy":"product_cat","embeddable":true,"href":"https:\/\/my-dune.com\/fr\/wp-json\/wp\/v2\/product_cat?post=4688"},{"taxonomy":"product_tag","embeddable":true,"href":"https:\/\/my-dune.com\/fr\/wp-json\/wp\/v2\/product_tag?post=4688"}],"curies":[{"name":"wp","href":"https:\/\/api.w.org\/{rel}","templated":true}]}}