{"id":4682,"date":"2023-11-13T13:54:13","date_gmt":"2023-11-13T12:54:13","guid":{"rendered":"https:\/\/dune.xanelabs.com\/tienda\/skim-wakeskim-dune-cover\/"},"modified":"2025-07-06T13:52:07","modified_gmt":"2025-07-06T11:52:07","slug":"skim-wakeskim-dune-cover","status":"publish","type":"product","link":"https:\/\/my-dune.com\/fr\/boutique\/skim-wakeskim-dune-cover\/","title":{"rendered":"Skim\/Wakeskim Dune Cover"},"content":{"rendered":"<p><strong>Taille : 140 x 53 cm<\/strong><\/p>\n<p><span style=\"font-weight: 400\">Sac rembourr\u00e9, id\u00e9al pour transporter votre planche lors de longs voyages.  <\/span><span style=\"font-weight: 400\">Il dispose d&rsquo;un sac int\u00e9rieur pour les cl\u00e9s, la cire, etc&#8230;<\/span><\/p>\n<p><span style=\"font-weight: 400\">Fabriqu\u00e9 \u00e0 la main en France<\/span><\/p>\n<p><span style=\"font-weight: 400\">Id\u00e9al pour <\/span><span style=\"font-weight: 400\">3 skimboards de 138&#215;53 cm maximum ou <\/span><span style=\"font-weight: 400\">jusqu&rsquo;\u00e0 2 skimstyle wakesurfs avec quilles (jusqu&rsquo;\u00e0 5 cm \/ 2 pouces)<\/span><\/p>\n","protected":false},"excerpt":{"rendered":"<p>Taille : 140 x 53 cm Sac rembourr\u00e9, id\u00e9al pour transporter votre planche lors de longs voyages. Il dispose d&rsquo;un sac int\u00e9rieur pour les cl\u00e9s, la cire, etc&#8230; Fabriqu\u00e9 \u00e0 la main en France Id\u00e9al pour 3 skimboards de 138&#215;53 cm maximum ou jusqu&rsquo;\u00e0 2 skimstyle wakesurfs avec quilles (jusqu&rsquo;\u00e0 5 cm \/ 2 pouces)<\/p>\n","protected":false},"featured_media":3979,"template":"","meta":{"_seopress_robots_primary_cat":"none","_seopress_titles_title":"","_seopress_titles_desc":"","_seopress_robots_index":""},"product_brand":[],"product_cat":[115],"product_tag":[116,127],"class_list":{"0":"post-4682","1":"product","2":"type-product","3":"status-publish","4":"has-post-thumbnail","6":"product_cat-housse","7":"product_tag-chariot","8":"product_tag-skimboard-fr","10":"first","11":"outofstock","12":"taxable","13":"shipping-taxable","14":"purchasable","15":"product-type-simple"},"_links":{"self":[{"href":"https:\/\/my-dune.com\/fr\/wp-json\/wp\/v2\/product\/4682","targetHints":{"allow":["GET"]}}],"collection":[{"href":"https:\/\/my-dune.com\/fr\/wp-json\/wp\/v2\/product"}],"about":[{"href":"https:\/\/my-dune.com\/fr\/wp-json\/wp\/v2\/types\/product"}],"version-history":[{"count":1,"href":"https:\/\/my-dune.com\/fr\/wp-json\/wp\/v2\/product\/4682\/revisions"}],"predecessor-version":[{"id":6062,"href":"https:\/\/my-dune.com\/fr\/wp-json\/wp\/v2\/product\/4682\/revisions\/6062"}],"wp:featuredmedia":[{"embeddable":true,"href":"https:\/\/my-dune.com\/fr\/wp-json\/wp\/v2\/media\/3979"}],"wp:attachment":[{"href":"https:\/\/my-dune.com\/fr\/wp-json\/wp\/v2\/media?parent=4682"}],"wp:term":[{"taxonomy":"product_brand","embeddable":true,"href":"https:\/\/my-dune.com\/fr\/wp-json\/wp\/v2\/product_brand?post=4682"},{"taxonomy":"product_cat","embeddable":true,"href":"https:\/\/my-dune.com\/fr\/wp-json\/wp\/v2\/product_cat?post=4682"},{"taxonomy":"product_tag","embeddable":true,"href":"https:\/\/my-dune.com\/fr\/wp-json\/wp\/v2\/product_tag?post=4682"}],"curies":[{"name":"wp","href":"https:\/\/api.w.org\/{rel}","templated":true}]}}