{"id":4675,"date":"2023-04-13T11:46:59","date_gmt":"2023-04-13T09:46:59","guid":{"rendered":"https:\/\/dune.xanelabs.com\/tienda\/wakesurf-dune-cover\/"},"modified":"2024-11-29T14:49:23","modified_gmt":"2024-11-29T13:49:23","slug":"wakesurf-dune-cover","status":"publish","type":"product","link":"https:\/\/my-dune.com\/fr\/boutique\/wakesurf-dune-cover\/","title":{"rendered":"Wakesurf Dune Cover"},"content":{"rendered":"<p><strong>Taille : 140 x 52 cm<\/strong><\/p>\n<p><span style=\"font-weight: 400\">Sac rembourr\u00e9, id\u00e9al pour transporter votre planche sur de longs trajets.<\/span><\/p>\n<p><span style=\"font-weight: 400\">Fabriqu\u00e9 \u00e0 la main en France<\/span><\/p>\n<p><span style=\"font-weight: 400\">Id\u00e9al pour <\/span><span style=\"font-weight: 400\">1 wakesurf surfstyle de 140&#215;52 cm maximum (4&rsquo;7\u00a0\u00bb * 20.8\u00a0\u00bb) et avec des ailerons jusqu&rsquo;\u00e0 12 cm, ou<\/span><\/p>\n<p><span style=\"font-weight: 400\">jusqu&rsquo;\u00e0 3 skimstyles wakesurfs avec quilles (jusqu&rsquo;\u00e0 5cm \/ 2 pouces)<\/span><\/p>\n","protected":false},"excerpt":{"rendered":"<p>Taille : 140 x 52 cm Sac rembourr\u00e9, id\u00e9al pour transporter votre planche sur de longs trajets. Fabriqu\u00e9 \u00e0 la main en France Id\u00e9al pour 1 wakesurf surfstyle de 140&#215;52 cm maximum (4&rsquo;7\u00a0\u00bb * 20.8\u00a0\u00bb) et avec des ailerons jusqu&rsquo;\u00e0 12 cm, ou jusqu&rsquo;\u00e0 3 skimstyles wakesurfs avec quilles (jusqu&rsquo;\u00e0 5cm \/ 2 pouces)<\/p>\n","protected":false},"featured_media":4009,"template":"","meta":{"_seopress_robots_primary_cat":"none","_seopress_titles_title":"","_seopress_titles_desc":"","_seopress_robots_index":""},"product_brand":[],"product_cat":[115],"product_tag":[123],"class_list":{"0":"post-4675","1":"product","2":"type-product","3":"status-publish","4":"has-post-thumbnail","6":"product_cat-housse","7":"product_tag-wakesurf-fr","9":"first","10":"instock","11":"taxable","12":"shipping-taxable","13":"purchasable","14":"product-type-simple"},"_links":{"self":[{"href":"https:\/\/my-dune.com\/fr\/wp-json\/wp\/v2\/product\/4675","targetHints":{"allow":["GET"]}}],"collection":[{"href":"https:\/\/my-dune.com\/fr\/wp-json\/wp\/v2\/product"}],"about":[{"href":"https:\/\/my-dune.com\/fr\/wp-json\/wp\/v2\/types\/product"}],"version-history":[{"count":1,"href":"https:\/\/my-dune.com\/fr\/wp-json\/wp\/v2\/product\/4675\/revisions"}],"predecessor-version":[{"id":6065,"href":"https:\/\/my-dune.com\/fr\/wp-json\/wp\/v2\/product\/4675\/revisions\/6065"}],"wp:featuredmedia":[{"embeddable":true,"href":"https:\/\/my-dune.com\/fr\/wp-json\/wp\/v2\/media\/4009"}],"wp:attachment":[{"href":"https:\/\/my-dune.com\/fr\/wp-json\/wp\/v2\/media?parent=4675"}],"wp:term":[{"taxonomy":"product_brand","embeddable":true,"href":"https:\/\/my-dune.com\/fr\/wp-json\/wp\/v2\/product_brand?post=4675"},{"taxonomy":"product_cat","embeddable":true,"href":"https:\/\/my-dune.com\/fr\/wp-json\/wp\/v2\/product_cat?post=4675"},{"taxonomy":"product_tag","embeddable":true,"href":"https:\/\/my-dune.com\/fr\/wp-json\/wp\/v2\/product_tag?post=4675"}],"curies":[{"name":"wp","href":"https:\/\/api.w.org\/{rel}","templated":true}]}}