{"id":4673,"date":"2023-12-07T18:43:23","date_gmt":"2023-12-07T17:43:23","guid":{"rendered":"https:\/\/dune.xanelabs.com\/tienda\/tapis-magique-47-bambou-carbone\/"},"modified":"2024-09-24T12:28:56","modified_gmt":"2024-09-24T10:28:56","slug":"tapis-magique-47-bambou-carbone","status":"publish","type":"product","link":"https:\/\/my-dune.com\/fr\/boutique\/tapis-magique-47-bambou-carbone\/","title":{"rendered":"Tapis magique 4&rsquo;7\u00a0\u00bb bambou \/ carbone"},"content":{"rendered":"<p>Wakesurf \u00e9volutif d&rsquo;occasion, avec une finition unique, fabriqu\u00e9 en 2019 avec 1 \u00e9t\u00e9 d&rsquo;utilisation, totalement r\u00e9vis\u00e9 dans notre atelier par notre shaper. Il est parfait pour apprendre le wakesurf dans un style old school.  <\/p>\n<ul>\n<li>Terrasse en bambou<\/li>\n<li>Fond en carbone<\/li>\n<li>R\u00e9sine \u00e9poxy organique<\/li>\n<li>Mousse PVC<\/li>\n<li>Plastification sous vide<\/li>\n<li>Finition mate\/brillante<\/li>\n<li>Fourni avec 2 quilles G10<\/li>\n<li>Plaques frontales et arri\u00e8re en li\u00e8ge fabriqu\u00e9es au Portugal<\/li>\n<li>Il a des rayures<\/li>\n<\/ul>\n<p>  Prix neuf : 1099,00 \u20ac.<\/p>\n","protected":false},"excerpt":{"rendered":"<p>Wakesurf \u00e9volutif d&rsquo;occasion, avec une finition unique, fabriqu\u00e9 en 2019 avec 1 \u00e9t\u00e9 d&rsquo;utilisation, totalement r\u00e9vis\u00e9 dans notre atelier par notre shaper. Il est parfait pour apprendre le wakesurf dans un style old school. Terrasse en bambou Fond en carbone R\u00e9sine \u00e9poxy organique Mousse PVC Plastification sous vide Finition mate\/brillante Fourni avec 2 quilles G10 [&hellip;]<\/p>\n","protected":false},"featured_media":4103,"template":"","meta":{"_seopress_robots_primary_cat":"none","_seopress_titles_title":"xose_cid","_seopress_titles_desc":"","_seopress_robots_index":""},"product_brand":[],"product_cat":[121],"product_tag":[],"class_list":{"0":"post-4673","1":"product","2":"type-product","3":"status-publish","4":"has-post-thumbnail","6":"product_cat-planches-de-wakesurf-en-stock","8":"first","9":"outofstock","10":"taxable","11":"shipping-taxable","12":"purchasable","13":"product-type-simple"},"_links":{"self":[{"href":"https:\/\/my-dune.com\/fr\/wp-json\/wp\/v2\/product\/4673","targetHints":{"allow":["GET"]}}],"collection":[{"href":"https:\/\/my-dune.com\/fr\/wp-json\/wp\/v2\/product"}],"about":[{"href":"https:\/\/my-dune.com\/fr\/wp-json\/wp\/v2\/types\/product"}],"version-history":[{"count":1,"href":"https:\/\/my-dune.com\/fr\/wp-json\/wp\/v2\/product\/4673\/revisions"}],"predecessor-version":[{"id":5952,"href":"https:\/\/my-dune.com\/fr\/wp-json\/wp\/v2\/product\/4673\/revisions\/5952"}],"wp:featuredmedia":[{"embeddable":true,"href":"https:\/\/my-dune.com\/fr\/wp-json\/wp\/v2\/media\/4103"}],"wp:attachment":[{"href":"https:\/\/my-dune.com\/fr\/wp-json\/wp\/v2\/media?parent=4673"}],"wp:term":[{"taxonomy":"product_brand","embeddable":true,"href":"https:\/\/my-dune.com\/fr\/wp-json\/wp\/v2\/product_brand?post=4673"},{"taxonomy":"product_cat","embeddable":true,"href":"https:\/\/my-dune.com\/fr\/wp-json\/wp\/v2\/product_cat?post=4673"},{"taxonomy":"product_tag","embeddable":true,"href":"https:\/\/my-dune.com\/fr\/wp-json\/wp\/v2\/product_tag?post=4673"}],"curies":[{"name":"wp","href":"https:\/\/api.w.org\/{rel}","templated":true}]}}