{"id":4669,"date":"2023-12-07T18:54:23","date_gmt":"2023-12-07T17:54:23","guid":{"rendered":"https:\/\/dune.xanelabs.com\/tienda\/dl-43-parcours-complet-en-carbone\/"},"modified":"2023-12-07T18:54:23","modified_gmt":"2023-12-07T17:54:23","slug":"dl-43-parcours-complet-en-carbone","status":"publish","type":"product","link":"https:\/\/my-dune.com\/fr\/boutique\/dl-43-parcours-complet-en-carbone\/","title":{"rendered":"DL 4&rsquo;3\u00a0\u00bb parcours complet en carbone"},"content":{"rendered":"<p>M =50 \/ 80 kg<\/p>\n<p>Wakesurf skimstyle haut de gamme parfait pour apprendre vos premi\u00e8res figures. Cette planche a \u00e9t\u00e9 fabriqu\u00e9e en 2019 et a connu 1 utilisation estivale, elle a \u00e9t\u00e9 enti\u00e8rement r\u00e9vis\u00e9e dans notre atelier par notre shaper. Il est parfait pour donner un coup de pouce \u00e0 votre niveau.<\/p>\n<ul>\n<li>Enti\u00e8rement en carbone avec des parcours rouges dans le pont<\/li>\n<li>R\u00e9sine \u00e9poxy<\/li>\n<li>Mousse PVC<\/li>\n<li>Plastification sous vide<\/li>\n<li>Fourni avec 1 quille G10<\/li>\n<li>Il pr\u00e9sente des bosses et de l\u00e9g\u00e8res rayures<\/li>\n<\/ul>\n<p>&nbsp;<\/p>\n<p>Prix neuf : 899,00 \u20ac.<\/p>\n","protected":false},"excerpt":{"rendered":"<p>M =50 \/ 80 kg Wakesurf skimstyle haut de gamme parfait pour apprendre vos premi\u00e8res figures. Cette planche a \u00e9t\u00e9 fabriqu\u00e9e en 2019 et a connu 1 utilisation estivale, elle a \u00e9t\u00e9 enti\u00e8rement r\u00e9vis\u00e9e dans notre atelier par notre shaper. Il est parfait pour donner un coup de pouce \u00e0 votre niveau. Enti\u00e8rement en carbone [&hellip;]<\/p>\n","protected":false},"featured_media":4111,"template":"","meta":{"_seopress_robots_primary_cat":"","_seopress_titles_title":"","_seopress_titles_desc":"","_seopress_robots_index":""},"product_brand":[],"product_cat":[121],"product_tag":[],"class_list":{"0":"post-4669","1":"product","2":"type-product","3":"status-publish","4":"has-post-thumbnail","6":"product_cat-planches-de-wakesurf-en-stock","8":"first","9":"outofstock","10":"taxable","11":"shipping-taxable","12":"purchasable","13":"product-type-simple"},"_links":{"self":[{"href":"https:\/\/my-dune.com\/fr\/wp-json\/wp\/v2\/product\/4669","targetHints":{"allow":["GET"]}}],"collection":[{"href":"https:\/\/my-dune.com\/fr\/wp-json\/wp\/v2\/product"}],"about":[{"href":"https:\/\/my-dune.com\/fr\/wp-json\/wp\/v2\/types\/product"}],"version-history":[{"count":0,"href":"https:\/\/my-dune.com\/fr\/wp-json\/wp\/v2\/product\/4669\/revisions"}],"wp:featuredmedia":[{"embeddable":true,"href":"https:\/\/my-dune.com\/fr\/wp-json\/wp\/v2\/media\/4111"}],"wp:attachment":[{"href":"https:\/\/my-dune.com\/fr\/wp-json\/wp\/v2\/media?parent=4669"}],"wp:term":[{"taxonomy":"product_brand","embeddable":true,"href":"https:\/\/my-dune.com\/fr\/wp-json\/wp\/v2\/product_brand?post=4669"},{"taxonomy":"product_cat","embeddable":true,"href":"https:\/\/my-dune.com\/fr\/wp-json\/wp\/v2\/product_cat?post=4669"},{"taxonomy":"product_tag","embeddable":true,"href":"https:\/\/my-dune.com\/fr\/wp-json\/wp\/v2\/product_tag?post=4669"}],"curies":[{"name":"wp","href":"https:\/\/api.w.org\/{rel}","templated":true}]}}