{"id":4668,"date":"2023-12-05T00:17:29","date_gmt":"2023-12-04T23:17:29","guid":{"rendered":"https:\/\/dune.xanelabs.com\/tienda\/wakesurf-metis-46\/"},"modified":"2024-11-28T17:23:38","modified_gmt":"2024-11-28T16:23:38","slug":"wakesurf-metis-46","status":"publish","type":"product","link":"https:\/\/my-dune.com\/fr\/boutique\/wakesurf-metis-46\/","title":{"rendered":"Wakesurf Metis 4,6"},"content":{"rendered":"<p><span style=\"font-weight: 400\">ML =60\/85 kg<\/span><\/p>\n<p><span style=\"font-weight: 400\">Wakesurf \u00e9volutif fabriqu\u00e9 en 2014 avec 1 an d&rsquo;utilisation, enti\u00e8rement r\u00e9par\u00e9 dans notre atelier par notre shaper. Cette planche a un programme \u00ab\u00a0hybride\u00a0\u00bb \u00e0 mi-chemin entre une planche skimstyle et une planche surfstyle. Elle est parfaite pour apprendre le wakesurf et s&rsquo;habituer aux ailerons de surf, mais avec une planche de faible volume.<\/span><\/p>\n<ul>\n<li style=\"font-weight: 400\"><span style=\"font-weight: 400\">Fibre de verre<\/span><\/li>\n<li style=\"font-weight: 400\"><span style=\"font-weight: 400\">R\u00e9sine polyester<\/span><\/li>\n<li style=\"font-weight: 400\"><span style=\"font-weight: 400\">Mousse PVC<\/span><\/li>\n<li style=\"font-weight: 400\"><span style=\"font-weight: 400\">Plastification sous vide<\/span><\/li>\n<li style=\"font-weight: 400\"><span style=\"font-weight: 400\">Fourni avec 2 palmes de surf<\/span><\/li>\n<li style=\"font-weight: 400\"><span style=\"font-weight: 400\">Il a des chignons et des rayures<\/span><\/li>\n<\/ul>\n<p>Prix neuf : 699,00\u20ac.<\/p>\n","protected":false},"excerpt":{"rendered":"<p>ML =60\/85 kg Wakesurf \u00e9volutif fabriqu\u00e9 en 2014 avec 1 an d&rsquo;utilisation, enti\u00e8rement r\u00e9par\u00e9 dans notre atelier par notre shaper. Cette planche a un programme \u00ab\u00a0hybride\u00a0\u00bb \u00e0 mi-chemin entre une planche skimstyle et une planche surfstyle. Elle est parfaite pour apprendre le wakesurf et s&rsquo;habituer aux ailerons de surf, mais avec une planche de faible [&hellip;]<\/p>\n","protected":false},"featured_media":4119,"template":"","meta":{"_seopress_robots_primary_cat":"none","_seopress_titles_title":"","_seopress_titles_desc":"","_seopress_robots_index":""},"product_brand":[],"product_cat":[121],"product_tag":[],"class_list":{"0":"post-4668","1":"product","2":"type-product","3":"status-publish","4":"has-post-thumbnail","6":"product_cat-planches-de-wakesurf-en-stock","8":"first","9":"instock","10":"sale","11":"taxable","12":"shipping-taxable","13":"purchasable","14":"product-type-simple"},"_links":{"self":[{"href":"https:\/\/my-dune.com\/fr\/wp-json\/wp\/v2\/product\/4668","targetHints":{"allow":["GET"]}}],"collection":[{"href":"https:\/\/my-dune.com\/fr\/wp-json\/wp\/v2\/product"}],"about":[{"href":"https:\/\/my-dune.com\/fr\/wp-json\/wp\/v2\/types\/product"}],"version-history":[{"count":1,"href":"https:\/\/my-dune.com\/fr\/wp-json\/wp\/v2\/product\/4668\/revisions"}],"predecessor-version":[{"id":6040,"href":"https:\/\/my-dune.com\/fr\/wp-json\/wp\/v2\/product\/4668\/revisions\/6040"}],"wp:featuredmedia":[{"embeddable":true,"href":"https:\/\/my-dune.com\/fr\/wp-json\/wp\/v2\/media\/4119"}],"wp:attachment":[{"href":"https:\/\/my-dune.com\/fr\/wp-json\/wp\/v2\/media?parent=4668"}],"wp:term":[{"taxonomy":"product_brand","embeddable":true,"href":"https:\/\/my-dune.com\/fr\/wp-json\/wp\/v2\/product_brand?post=4668"},{"taxonomy":"product_cat","embeddable":true,"href":"https:\/\/my-dune.com\/fr\/wp-json\/wp\/v2\/product_cat?post=4668"},{"taxonomy":"product_tag","embeddable":true,"href":"https:\/\/my-dune.com\/fr\/wp-json\/wp\/v2\/product_tag?post=4668"}],"curies":[{"name":"wp","href":"https:\/\/api.w.org\/{rel}","templated":true}]}}