{"id":4665,"date":"2023-12-07T18:59:20","date_gmt":"2023-12-07T17:59:20","guid":{"rendered":"https:\/\/dune.xanelabs.com\/tienda\/dl-43-full-carbon\/"},"modified":"2024-11-27T17:13:55","modified_gmt":"2024-11-27T16:13:55","slug":"dl-43-full-carbon","status":"publish","type":"product","link":"https:\/\/my-dune.com\/fr\/boutique\/dl-43-full-carbon\/","title":{"rendered":"DL 4&rsquo;3\u00a0\u00bb full carbon"},"content":{"rendered":"<p>Wakesurf skimstyle haut de gamme parfait pour apprendre vos premi\u00e8res figures. Cette planche a \u00e9t\u00e9 fabriqu\u00e9e en 2019 et a 1 an d&rsquo;utilisation, elle a \u00e9t\u00e9 enti\u00e8rement r\u00e9vis\u00e9e dans notre atelier par notre shaper. Il a des bords arrondis au niveau de la pointe, ce qui le rend plus maniable.<\/p>\n<ul>\n<li>Plein carbone<\/li>\n<li>R\u00e9sine \u00e9poxy<\/li>\n<li>Mousse PVC<\/li>\n<li>Plastification sous vide<\/li>\n<li>Fourni avec 1 quille G10<\/li>\n<li>Il a des chignons et des rayures<\/li>\n<\/ul>\n<p>Prix neuf : 899,00 \u20ac.<\/p>\n","protected":false},"excerpt":{"rendered":"<p>Wakesurf skimstyle haut de gamme parfait pour apprendre vos premi\u00e8res figures. Cette planche a \u00e9t\u00e9 fabriqu\u00e9e en 2019 et a 1 an d&rsquo;utilisation, elle a \u00e9t\u00e9 enti\u00e8rement r\u00e9vis\u00e9e dans notre atelier par notre shaper. Il a des bords arrondis au niveau de la pointe, ce qui le rend plus maniable. Plein carbone R\u00e9sine \u00e9poxy Mousse [&hellip;]<\/p>\n","protected":false},"featured_media":4115,"template":"","meta":{"_seopress_robots_primary_cat":"none","_seopress_titles_title":"","_seopress_titles_desc":"","_seopress_robots_index":""},"product_brand":[],"product_cat":[121],"product_tag":[],"class_list":{"0":"post-4665","1":"product","2":"type-product","3":"status-publish","4":"has-post-thumbnail","6":"product_cat-planches-de-wakesurf-en-stock","8":"first","9":"instock","10":"sale","11":"taxable","12":"shipping-taxable","13":"purchasable","14":"product-type-simple"},"_links":{"self":[{"href":"https:\/\/my-dune.com\/fr\/wp-json\/wp\/v2\/product\/4665","targetHints":{"allow":["GET"]}}],"collection":[{"href":"https:\/\/my-dune.com\/fr\/wp-json\/wp\/v2\/product"}],"about":[{"href":"https:\/\/my-dune.com\/fr\/wp-json\/wp\/v2\/types\/product"}],"version-history":[{"count":1,"href":"https:\/\/my-dune.com\/fr\/wp-json\/wp\/v2\/product\/4665\/revisions"}],"predecessor-version":[{"id":6019,"href":"https:\/\/my-dune.com\/fr\/wp-json\/wp\/v2\/product\/4665\/revisions\/6019"}],"wp:featuredmedia":[{"embeddable":true,"href":"https:\/\/my-dune.com\/fr\/wp-json\/wp\/v2\/media\/4115"}],"wp:attachment":[{"href":"https:\/\/my-dune.com\/fr\/wp-json\/wp\/v2\/media?parent=4665"}],"wp:term":[{"taxonomy":"product_brand","embeddable":true,"href":"https:\/\/my-dune.com\/fr\/wp-json\/wp\/v2\/product_brand?post=4665"},{"taxonomy":"product_cat","embeddable":true,"href":"https:\/\/my-dune.com\/fr\/wp-json\/wp\/v2\/product_cat?post=4665"},{"taxonomy":"product_tag","embeddable":true,"href":"https:\/\/my-dune.com\/fr\/wp-json\/wp\/v2\/product_tag?post=4665"}],"curies":[{"name":"wp","href":"https:\/\/api.w.org\/{rel}","templated":true}]}}