{"id":4662,"date":"2023-12-07T19:10:42","date_gmt":"2023-12-07T18:10:42","guid":{"rendered":"https:\/\/dune.xanelabs.com\/tienda\/wakesurf-dd-44\/"},"modified":"2024-11-27T17:10:01","modified_gmt":"2024-11-27T16:10:01","slug":"wakesurf-dd-44","status":"publish","type":"product","link":"https:\/\/my-dune.com\/fr\/boutique\/wakesurf-dd-44\/","title":{"rendered":"Wakesurf DD 4&rsquo;4\u00a0\u00bb"},"content":{"rendered":"<p>M =60\/85 kg<\/p>\n<p>Wakesurf \u00e9volutif fabriqu\u00e9 en 2014 avec 3 ans d&rsquo;utilisation, enti\u00e8rement r\u00e9par\u00e9 dans notre atelier par notre shaper. La planche parfaite pour apprendre le wakesurf skimstyle.<\/p>\n<ul>\n<li>Fibre de verre<\/li>\n<li>R\u00e9sine polyester<\/li>\n<li>Mousse PVC<\/li>\n<li>Pressage sous vide<\/li>\n<li>Bords encadr\u00e9s<\/li>\n<li>Livr\u00e9 avec 1 quille G10<\/li>\n<li>Il a des chignons et des rayures<\/li>\n<\/ul>\n<p>Prix neuf : 599,00 \u20ac.<\/p>\n","protected":false},"excerpt":{"rendered":"<p>M =60\/85 kg Wakesurf \u00e9volutif fabriqu\u00e9 en 2014 avec 3 ans d&rsquo;utilisation, enti\u00e8rement r\u00e9par\u00e9 dans notre atelier par notre shaper. La planche parfaite pour apprendre le wakesurf skimstyle. Fibre de verre R\u00e9sine polyester Mousse PVC Pressage sous vide Bords encadr\u00e9s Livr\u00e9 avec 1 quille G10 Il a des chignons et des rayures Prix neuf : [&hellip;]<\/p>\n","protected":false},"featured_media":4123,"template":"","meta":{"_seopress_robots_primary_cat":"none","_seopress_titles_title":"","_seopress_titles_desc":"","_seopress_robots_index":""},"product_brand":[],"product_cat":[121],"product_tag":[],"class_list":{"0":"post-4662","1":"product","2":"type-product","3":"status-publish","4":"has-post-thumbnail","6":"product_cat-planches-de-wakesurf-en-stock","8":"first","9":"instock","10":"sale","11":"taxable","12":"shipping-taxable","13":"purchasable","14":"product-type-simple"},"_links":{"self":[{"href":"https:\/\/my-dune.com\/fr\/wp-json\/wp\/v2\/product\/4662","targetHints":{"allow":["GET"]}}],"collection":[{"href":"https:\/\/my-dune.com\/fr\/wp-json\/wp\/v2\/product"}],"about":[{"href":"https:\/\/my-dune.com\/fr\/wp-json\/wp\/v2\/types\/product"}],"version-history":[{"count":1,"href":"https:\/\/my-dune.com\/fr\/wp-json\/wp\/v2\/product\/4662\/revisions"}],"predecessor-version":[{"id":6017,"href":"https:\/\/my-dune.com\/fr\/wp-json\/wp\/v2\/product\/4662\/revisions\/6017"}],"wp:featuredmedia":[{"embeddable":true,"href":"https:\/\/my-dune.com\/fr\/wp-json\/wp\/v2\/media\/4123"}],"wp:attachment":[{"href":"https:\/\/my-dune.com\/fr\/wp-json\/wp\/v2\/media?parent=4662"}],"wp:term":[{"taxonomy":"product_brand","embeddable":true,"href":"https:\/\/my-dune.com\/fr\/wp-json\/wp\/v2\/product_brand?post=4662"},{"taxonomy":"product_cat","embeddable":true,"href":"https:\/\/my-dune.com\/fr\/wp-json\/wp\/v2\/product_cat?post=4662"},{"taxonomy":"product_tag","embeddable":true,"href":"https:\/\/my-dune.com\/fr\/wp-json\/wp\/v2\/product_tag?post=4662"}],"curies":[{"name":"wp","href":"https:\/\/api.w.org\/{rel}","templated":true}]}}