{"id":4658,"date":"2023-12-07T21:42:09","date_gmt":"2023-12-07T20:42:09","guid":{"rendered":"https:\/\/dune.xanelabs.com\/tienda\/lagoa-m\/"},"modified":"2024-12-03T09:47:28","modified_gmt":"2024-12-03T08:47:28","slug":"lagoa-m","status":"publish","type":"product","link":"https:\/\/my-dune.com\/fr\/boutique\/lagoa-m\/","title":{"rendered":"Lagoa M (seconde main)"},"content":{"rendered":"<p>M = 134 x 52 x 1,7 cm<\/p>\n<p>Coureur = de 155 \u00e0 180 cm et de 55 \u00e0 80 kg<\/p>\n<p>Lagoa, skimboard haut de gamme d&rsquo;occasion avec 6 mois d&rsquo;utilisation fabriqu\u00e9 en octobre 2022.<\/p>\n<p>La semelle a \u00e9t\u00e9 r\u00e9par\u00e9e dans notre atelier par notre shaper.<\/p>\n<p>La LAGOA est con\u00e7ue pour dynamiser ton niveau : son shape rapide et sa construction haut de gamme rendent ce skim imbattable.<\/p>\n<ul>\n<li>Plein carbone<\/li>\n<li>R\u00e9sine \u00e9poxy organique<\/li>\n<li>Mousse PVC<\/li>\n<li>Fabrication sous vide<\/li>\n<li>Bords encadr\u00e9s<\/li>\n<li>Plus de verre<\/li>\n<li>Shapers du pav\u00e9 avant et du pav\u00e9 arri\u00e8re<\/li>\n<li>Il a des chignons et des rayures<\/li>\n<\/ul>\n<p>Prix neuf : 520,00 \u20ac.<\/p>\n","protected":false},"excerpt":{"rendered":"<p>M = 134 x 52 x 1,7 cm Coureur = de 155 \u00e0 180 cm et de 55 \u00e0 80 kg Lagoa, skimboard haut de gamme d&rsquo;occasion avec 6 mois d&rsquo;utilisation fabriqu\u00e9 en octobre 2022. La semelle a \u00e9t\u00e9 r\u00e9par\u00e9e dans notre atelier par notre shaper. La LAGOA est con\u00e7ue pour dynamiser ton niveau : [&hellip;]<\/p>\n","protected":false},"featured_media":4127,"template":"","meta":{"_seopress_robots_primary_cat":"none","_seopress_titles_title":"","_seopress_titles_desc":"","_seopress_robots_index":""},"product_brand":[],"product_cat":[119],"product_tag":[],"class_list":{"0":"post-4658","1":"product","2":"type-product","3":"status-publish","4":"has-post-thumbnail","6":"product_cat-skimboards-en-stock","8":"first","9":"outofstock","10":"taxable","11":"shipping-taxable","12":"purchasable","13":"product-type-simple"},"_links":{"self":[{"href":"https:\/\/my-dune.com\/fr\/wp-json\/wp\/v2\/product\/4658","targetHints":{"allow":["GET"]}}],"collection":[{"href":"https:\/\/my-dune.com\/fr\/wp-json\/wp\/v2\/product"}],"about":[{"href":"https:\/\/my-dune.com\/fr\/wp-json\/wp\/v2\/types\/product"}],"version-history":[{"count":3,"href":"https:\/\/my-dune.com\/fr\/wp-json\/wp\/v2\/product\/4658\/revisions"}],"predecessor-version":[{"id":6263,"href":"https:\/\/my-dune.com\/fr\/wp-json\/wp\/v2\/product\/4658\/revisions\/6263"}],"wp:featuredmedia":[{"embeddable":true,"href":"https:\/\/my-dune.com\/fr\/wp-json\/wp\/v2\/media\/4127"}],"wp:attachment":[{"href":"https:\/\/my-dune.com\/fr\/wp-json\/wp\/v2\/media?parent=4658"}],"wp:term":[{"taxonomy":"product_brand","embeddable":true,"href":"https:\/\/my-dune.com\/fr\/wp-json\/wp\/v2\/product_brand?post=4658"},{"taxonomy":"product_cat","embeddable":true,"href":"https:\/\/my-dune.com\/fr\/wp-json\/wp\/v2\/product_cat?post=4658"},{"taxonomy":"product_tag","embeddable":true,"href":"https:\/\/my-dune.com\/fr\/wp-json\/wp\/v2\/product_tag?post=4658"}],"curies":[{"name":"wp","href":"https:\/\/api.w.org\/{rel}","templated":true}]}}