{"id":4651,"date":"2023-12-07T22:27:25","date_gmt":"2023-12-07T21:27:25","guid":{"rendered":"https:\/\/dune.xanelabs.com\/tienda\/lagoa-m-doccasion\/"},"modified":"2025-07-27T11:45:09","modified_gmt":"2025-07-27T09:45:09","slug":"lagoa-m-doccasion","status":"publish","type":"product","link":"https:\/\/my-dune.com\/fr\/boutique\/lagoa-m-doccasion\/","title":{"rendered":"Lagoa M rose resintint seconde main"},"content":{"rendered":"<p>M = 134*52*1,7 cm<\/p>\n<p>Coureur = de 155 \u00e0 180 cm et de 55 \u00e0 80 kg<\/p>\n<p>Lagoa, skimboard haut de gamme fabriqu\u00e9 en ao\u00fbt 2023 avec 3 jours d&rsquo;utilisation.<\/p>\n<p>La LAGOA est con\u00e7ue pour dynamiser ton niveau : son shape rapide et sa construction haut de gamme rendent ce skim imbattable.<\/p>\n<ul>\n<li>Plein carbone<\/li>\n<li>R\u00e9sine \u00e9poxy organique<\/li>\n<li>Mousse PVC<\/li>\n<li>Fabrication sous vide<\/li>\n<li>Bords encadr\u00e9s<\/li>\n<li>Teinte de la r\u00e9sine<\/li>\n<li>Pav\u00e9 avant et pav\u00e9 arri\u00e8re Position<\/li>\n<li>Il a des chignons et des rayures<\/li>\n<\/ul>\n<p>Prix neuf : 569,00 \u20ac.<\/p>\n","protected":false},"excerpt":{"rendered":"<p>M = 134*52*1,7 cm Coureur = de 155 \u00e0 180 cm et de 55 \u00e0 80 kg Lagoa, skimboard haut de gamme fabriqu\u00e9 en ao\u00fbt 2023 avec 3 jours d&rsquo;utilisation. La LAGOA est con\u00e7ue pour dynamiser ton niveau : son shape rapide et sa construction haut de gamme rendent ce skim imbattable. Plein carbone R\u00e9sine [&hellip;]<\/p>\n","protected":false},"featured_media":5966,"template":"","meta":{"_seopress_robots_primary_cat":"none","_seopress_titles_title":"%%post_title%%","_seopress_titles_desc":"%%post_excerpt%%","_seopress_robots_index":""},"product_brand":[],"product_cat":[119],"product_tag":[],"class_list":{"0":"post-4651","1":"product","2":"type-product","3":"status-publish","4":"has-post-thumbnail","6":"product_cat-skimboards-en-stock","8":"first","9":"outofstock","10":"taxable","11":"shipping-taxable","12":"purchasable","13":"product-type-simple"},"_links":{"self":[{"href":"https:\/\/my-dune.com\/fr\/wp-json\/wp\/v2\/product\/4651","targetHints":{"allow":["GET"]}}],"collection":[{"href":"https:\/\/my-dune.com\/fr\/wp-json\/wp\/v2\/product"}],"about":[{"href":"https:\/\/my-dune.com\/fr\/wp-json\/wp\/v2\/types\/product"}],"version-history":[{"count":4,"href":"https:\/\/my-dune.com\/fr\/wp-json\/wp\/v2\/product\/4651\/revisions"}],"predecessor-version":[{"id":6403,"href":"https:\/\/my-dune.com\/fr\/wp-json\/wp\/v2\/product\/4651\/revisions\/6403"}],"wp:featuredmedia":[{"embeddable":true,"href":"https:\/\/my-dune.com\/fr\/wp-json\/wp\/v2\/media\/5966"}],"wp:attachment":[{"href":"https:\/\/my-dune.com\/fr\/wp-json\/wp\/v2\/media?parent=4651"}],"wp:term":[{"taxonomy":"product_brand","embeddable":true,"href":"https:\/\/my-dune.com\/fr\/wp-json\/wp\/v2\/product_brand?post=4651"},{"taxonomy":"product_cat","embeddable":true,"href":"https:\/\/my-dune.com\/fr\/wp-json\/wp\/v2\/product_cat?post=4651"},{"taxonomy":"product_tag","embeddable":true,"href":"https:\/\/my-dune.com\/fr\/wp-json\/wp\/v2\/product_tag?post=4651"}],"curies":[{"name":"wp","href":"https:\/\/api.w.org\/{rel}","templated":true}]}}